{"id":4381,"date":"2021-01-05T11:02:40","date_gmt":"2021-01-05T11:02:40","guid":{"rendered":"https:\/\/www.lange.fr\/?post_type=product&#038;p=4381"},"modified":"2025-10-14T09:03:16","modified_gmt":"2025-10-14T09:03:16","slug":"elixir-cellulaire-de-jeunesse-serum","status":"publish","type":"product","link":"https:\/\/www.lange.fr\/en\/product\/elixir-cellulaire-de-jeunesse-serum\/","title":{"rendered":"Serum - Cellular Rejuvenating Elixir"},"content":{"rendered":"<p>Smooths, hydrates, and restores radiance to the skin, leaving it rejuvenated and revitalized.<\/p>\n<p>Ref.210720<\/p>","protected":false},"excerpt":{"rendered":"<p>Smooths, hydrates, and restores radiance to the skin, leaving it rejuvenated and revitalized.<\/p>","protected":false},"featured_media":9007,"comment_status":"open","ping_status":"closed","template":"","meta":{"_acf_changed":false},"product_brand":[],"product_cat":[50],"product_tag":[],"class_list":{"0":"post-4381","1":"product","2":"type-product","3":"status-publish","4":"has-post-thumbnail","6":"product_cat-platinium","8":"first","9":"instock","10":"shipping-taxable","11":"purchasable","12":"product-type-simple"},"acf":[],"yoast_head":"<!-- This site is optimized with the Yoast SEO plugin v27.4 - https:\/\/yoast.com\/product\/yoast-seo-wordpress\/ -->\n<title>\u00c9lixir Cellulaire de Jeunesse - S\u00e9rum - Lang\u00e9 - Paris<\/title>\n<meta name=\"robots\" content=\"index, follow, max-snippet:-1, max-image-preview:large, max-video-preview:-1\" \/>\n<link rel=\"canonical\" href=\"http:\/\/www.lange.fr\/en\/product\/elixir-cellulaire-de-jeunesse-serum\/\" \/>\n<meta property=\"og:locale\" content=\"en_US\" \/>\n<meta property=\"og:type\" content=\"article\" \/>\n<meta property=\"og:title\" content=\"\u00c9lixir Cellulaire de Jeunesse - S\u00e9rum - Lang\u00e9 - Paris\" \/>\n<meta property=\"og:description\" content=\"Lisse, hydrate et redonne de l&#039;\u00e9clat \u00e0 la peau, pour un teint rajeuni et revitalis\u00e9.\" \/>\n<meta property=\"og:url\" content=\"http:\/\/www.lange.fr\/en\/product\/elixir-cellulaire-de-jeunesse-serum\/\" \/>\n<meta property=\"og:site_name\" content=\"Lang\u00e9 - Paris\" \/>\n<meta property=\"article:modified_time\" content=\"2025-10-14T09:03:16+00:00\" \/>\n<meta name=\"twitter:card\" content=\"summary_large_image\" \/>\n<meta name=\"twitter:label1\" content=\"Est. reading time\" \/>\n\t<meta name=\"twitter:data1\" content=\"1 minute\" \/>\n<script type=\"application\/ld+json\" class=\"yoast-schema-graph\">{\"@context\":\"https:\\\/\\\/schema.org\",\"@graph\":[{\"@type\":\"WebPage\",\"@id\":\"http:\\\/\\\/www.lange.fr\\\/product\\\/elixir-cellulaire-de-jeunesse-serum\\\/\",\"url\":\"http:\\\/\\\/www.lange.fr\\\/product\\\/elixir-cellulaire-de-jeunesse-serum\\\/\",\"name\":\"\u00c9lixir Cellulaire de Jeunesse - S\u00e9rum - Lang\u00e9 - Paris\",\"isPartOf\":{\"@id\":\"https:\\\/\\\/www.lange.fr\\\/#website\"},\"primaryImageOfPage\":{\"@id\":\"http:\\\/\\\/www.lange.fr\\\/product\\\/elixir-cellulaire-de-jeunesse-serum\\\/#primaryimage\"},\"image\":{\"@id\":\"http:\\\/\\\/www.lange.fr\\\/product\\\/elixir-cellulaire-de-jeunesse-serum\\\/#primaryimage\"},\"thumbnailUrl\":\"https:\\\/\\\/www.lange.fr\\\/wp-content\\\/uploads\\\/2021\\\/01\\\/serum-platinum.svg\",\"datePublished\":\"2021-01-05T11:02:40+00:00\",\"dateModified\":\"2025-10-14T09:03:16+00:00\",\"breadcrumb\":{\"@id\":\"http:\\\/\\\/www.lange.fr\\\/product\\\/elixir-cellulaire-de-jeunesse-serum\\\/#breadcrumb\"},\"inLanguage\":\"en-US\",\"potentialAction\":[{\"@type\":\"ReadAction\",\"target\":[\"http:\\\/\\\/www.lange.fr\\\/product\\\/elixir-cellulaire-de-jeunesse-serum\\\/\"]}]},{\"@type\":\"ImageObject\",\"inLanguage\":\"en-US\",\"@id\":\"http:\\\/\\\/www.lange.fr\\\/product\\\/elixir-cellulaire-de-jeunesse-serum\\\/#primaryimage\",\"url\":\"https:\\\/\\\/www.lange.fr\\\/wp-content\\\/uploads\\\/2021\\\/01\\\/serum-platinum.svg\",\"contentUrl\":\"https:\\\/\\\/www.lange.fr\\\/wp-content\\\/uploads\\\/2021\\\/01\\\/serum-platinum.svg\"},{\"@type\":\"BreadcrumbList\",\"@id\":\"http:\\\/\\\/www.lange.fr\\\/product\\\/elixir-cellulaire-de-jeunesse-serum\\\/#breadcrumb\",\"itemListElement\":[{\"@type\":\"ListItem\",\"position\":1,\"name\":\"Home\",\"item\":\"https:\\\/\\\/www.lange.fr\\\/\"},{\"@type\":\"ListItem\",\"position\":2,\"name\":\"Boutique\",\"item\":\"https:\\\/\\\/www.lange.fr\\\/boutique\\\/\"},{\"@type\":\"ListItem\",\"position\":3,\"name\":\"\u00c9lixir Cellulaire de Jeunesse &#8211; S\u00e9rum\"}]},{\"@type\":\"WebSite\",\"@id\":\"https:\\\/\\\/www.lange.fr\\\/#website\",\"url\":\"https:\\\/\\\/www.lange.fr\\\/\",\"name\":\"Lang\u00e9 - Paris\",\"description\":\"L\u2019ACCENT SUR VOTRE BEAUT\u00c9\",\"publisher\":{\"@id\":\"https:\\\/\\\/www.lange.fr\\\/#organization\"},\"potentialAction\":[{\"@type\":\"SearchAction\",\"target\":{\"@type\":\"EntryPoint\",\"urlTemplate\":\"https:\\\/\\\/www.lange.fr\\\/?s={search_term_string}\"},\"query-input\":{\"@type\":\"PropertyValueSpecification\",\"valueRequired\":true,\"valueName\":\"search_term_string\"}}],\"inLanguage\":\"en-US\"},{\"@type\":\"Organization\",\"@id\":\"https:\\\/\\\/www.lange.fr\\\/#organization\",\"name\":\"Lang\u00e9 - Paris\",\"url\":\"https:\\\/\\\/www.lange.fr\\\/\",\"logo\":{\"@type\":\"ImageObject\",\"inLanguage\":\"en-US\",\"@id\":\"https:\\\/\\\/www.lange.fr\\\/#\\\/schema\\\/logo\\\/image\\\/\",\"url\":\"https:\\\/\\\/www.lange.fr\\\/wp-content\\\/uploads\\\/2024\\\/02\\\/99f7e8d7c7c63f8baea2a9b58e651730.png\",\"contentUrl\":\"https:\\\/\\\/www.lange.fr\\\/wp-content\\\/uploads\\\/2024\\\/02\\\/99f7e8d7c7c63f8baea2a9b58e651730.png\",\"width\":300,\"height\":91,\"caption\":\"Lang\u00e9 - Paris\"},\"image\":{\"@id\":\"https:\\\/\\\/www.lange.fr\\\/#\\\/schema\\\/logo\\\/image\\\/\"}}]}<\/script>\n<!-- \/ Yoast SEO plugin. -->","yoast_head_json":{"title":"\u00c9lixir Cellulaire de Jeunesse - S\u00e9rum - Lang\u00e9 - Paris","robots":{"index":"index","follow":"follow","max-snippet":"max-snippet:-1","max-image-preview":"max-image-preview:large","max-video-preview":"max-video-preview:-1"},"canonical":"http:\/\/www.lange.fr\/en\/product\/elixir-cellulaire-de-jeunesse-serum\/","og_locale":"en_US","og_type":"article","og_title":"\u00c9lixir Cellulaire de Jeunesse - S\u00e9rum - Lang\u00e9 - Paris","og_description":"Lisse, hydrate et redonne de l'\u00e9clat \u00e0 la peau, pour un teint rajeuni et revitalis\u00e9.","og_url":"http:\/\/www.lange.fr\/en\/product\/elixir-cellulaire-de-jeunesse-serum\/","og_site_name":"Lang\u00e9 - Paris","article_modified_time":"2025-10-14T09:03:16+00:00","twitter_card":"summary_large_image","twitter_misc":{"Est. reading time":"1 minute"},"schema":{"@context":"https:\/\/schema.org","@graph":[{"@type":"WebPage","@id":"http:\/\/www.lange.fr\/product\/elixir-cellulaire-de-jeunesse-serum\/","url":"http:\/\/www.lange.fr\/product\/elixir-cellulaire-de-jeunesse-serum\/","name":"\u00c9lixir Cellulaire de Jeunesse - S\u00e9rum - Lang\u00e9 - Paris","isPartOf":{"@id":"https:\/\/www.lange.fr\/#website"},"primaryImageOfPage":{"@id":"http:\/\/www.lange.fr\/product\/elixir-cellulaire-de-jeunesse-serum\/#primaryimage"},"image":{"@id":"http:\/\/www.lange.fr\/product\/elixir-cellulaire-de-jeunesse-serum\/#primaryimage"},"thumbnailUrl":"https:\/\/www.lange.fr\/wp-content\/uploads\/2021\/01\/serum-platinum.svg","datePublished":"2021-01-05T11:02:40+00:00","dateModified":"2025-10-14T09:03:16+00:00","breadcrumb":{"@id":"http:\/\/www.lange.fr\/product\/elixir-cellulaire-de-jeunesse-serum\/#breadcrumb"},"inLanguage":"en-US","potentialAction":[{"@type":"ReadAction","target":["http:\/\/www.lange.fr\/product\/elixir-cellulaire-de-jeunesse-serum\/"]}]},{"@type":"ImageObject","inLanguage":"en-US","@id":"http:\/\/www.lange.fr\/product\/elixir-cellulaire-de-jeunesse-serum\/#primaryimage","url":"https:\/\/www.lange.fr\/wp-content\/uploads\/2021\/01\/serum-platinum.svg","contentUrl":"https:\/\/www.lange.fr\/wp-content\/uploads\/2021\/01\/serum-platinum.svg"},{"@type":"BreadcrumbList","@id":"http:\/\/www.lange.fr\/product\/elixir-cellulaire-de-jeunesse-serum\/#breadcrumb","itemListElement":[{"@type":"ListItem","position":1,"name":"Home","item":"https:\/\/www.lange.fr\/"},{"@type":"ListItem","position":2,"name":"Boutique","item":"https:\/\/www.lange.fr\/boutique\/"},{"@type":"ListItem","position":3,"name":"\u00c9lixir Cellulaire de Jeunesse &#8211; S\u00e9rum"}]},{"@type":"WebSite","@id":"https:\/\/www.lange.fr\/#website","url":"https:\/\/www.lange.fr\/","name":"Lang\u00e9 - Paris","description":"L\u2019ACCENT SUR VOTRE BEAUT\u00c9","publisher":{"@id":"https:\/\/www.lange.fr\/#organization"},"potentialAction":[{"@type":"SearchAction","target":{"@type":"EntryPoint","urlTemplate":"https:\/\/www.lange.fr\/?s={search_term_string}"},"query-input":{"@type":"PropertyValueSpecification","valueRequired":true,"valueName":"search_term_string"}}],"inLanguage":"en-US"},{"@type":"Organization","@id":"https:\/\/www.lange.fr\/#organization","name":"Lang\u00e9 - Paris","url":"https:\/\/www.lange.fr\/","logo":{"@type":"ImageObject","inLanguage":"en-US","@id":"https:\/\/www.lange.fr\/#\/schema\/logo\/image\/","url":"https:\/\/www.lange.fr\/wp-content\/uploads\/2024\/02\/99f7e8d7c7c63f8baea2a9b58e651730.png","contentUrl":"https:\/\/www.lange.fr\/wp-content\/uploads\/2024\/02\/99f7e8d7c7c63f8baea2a9b58e651730.png","width":300,"height":91,"caption":"Lang\u00e9 - Paris"},"image":{"@id":"https:\/\/www.lange.fr\/#\/schema\/logo\/image\/"}}]}},"_links":{"self":[{"href":"https:\/\/www.lange.fr\/en\/wp-json\/wp\/v2\/product\/4381","targetHints":{"allow":["GET"]}}],"collection":[{"href":"https:\/\/www.lange.fr\/en\/wp-json\/wp\/v2\/product"}],"about":[{"href":"https:\/\/www.lange.fr\/en\/wp-json\/wp\/v2\/types\/product"}],"replies":[{"embeddable":true,"href":"https:\/\/www.lange.fr\/en\/wp-json\/wp\/v2\/comments?post=4381"}],"version-history":[{"count":1,"href":"https:\/\/www.lange.fr\/en\/wp-json\/wp\/v2\/product\/4381\/revisions"}],"predecessor-version":[{"id":14349,"href":"https:\/\/www.lange.fr\/en\/wp-json\/wp\/v2\/product\/4381\/revisions\/14349"}],"wp:featuredmedia":[{"embeddable":true,"href":"https:\/\/www.lange.fr\/en\/wp-json\/wp\/v2\/media\/9007"}],"wp:attachment":[{"href":"https:\/\/www.lange.fr\/en\/wp-json\/wp\/v2\/media?parent=4381"}],"wp:term":[{"taxonomy":"product_brand","embeddable":true,"href":"https:\/\/www.lange.fr\/en\/wp-json\/wp\/v2\/product_brand?post=4381"},{"taxonomy":"product_cat","embeddable":true,"href":"https:\/\/www.lange.fr\/en\/wp-json\/wp\/v2\/product_cat?post=4381"},{"taxonomy":"product_tag","embeddable":true,"href":"https:\/\/www.lange.fr\/en\/wp-json\/wp\/v2\/product_tag?post=4381"}],"curies":[{"name":"wp","href":"https:\/\/api.w.org\/{rel}","templated":true}]}}