{"id":4247,"date":"2021-01-05T10:32:41","date_gmt":"2021-01-05T10:32:41","guid":{"rendered":"https:\/\/www.lange.fr\/?post_type=product&#038;p=4247"},"modified":"2024-10-25T07:37:43","modified_gmt":"2024-10-25T07:37:43","slug":"creme-cellulaire-liftante-de-jour","status":"publish","type":"product","link":"https:\/\/www.lange.fr\/en\/product\/creme-cellulaire-liftante-de-jour\/","title":{"rendered":"Lifting Cellular Day Cream"},"content":{"rendered":"<p>Redefines the contours of the face and combats the natural sagging of the skin. The complexion is radiant and the skin's texture is refined.<\/p>\n<p>Ref.210420<\/p>","protected":false},"excerpt":{"rendered":"<p>Redefines the contours of the face and combats the natural sagging of the skin. The complexion is radiant and the skin's texture is refined.<\/p>","protected":false},"featured_media":9022,"comment_status":"open","ping_status":"closed","template":"","meta":{"_acf_changed":false},"product_brand":[],"product_cat":[50],"product_tag":[],"class_list":{"0":"post-4247","1":"product","2":"type-product","3":"status-publish","4":"has-post-thumbnail","6":"product_cat-platinium","8":"first","9":"instock","10":"shipping-taxable","11":"purchasable","12":"product-type-simple"},"acf":[],"yoast_head":"<!-- This site is optimized with the Yoast SEO plugin v27.5 - https:\/\/yoast.com\/product\/yoast-seo-wordpress\/ -->\n<title>Cr\u00e8me Cellulaire Liftante - Jour - Lang\u00e9 - Paris<\/title>\n<meta name=\"robots\" content=\"index, follow, max-snippet:-1, max-image-preview:large, max-video-preview:-1\" \/>\n<link rel=\"canonical\" href=\"https:\/\/www.lange.fr\/en\/product\/creme-cellulaire-liftante-de-jour\/\" \/>\n<meta property=\"og:locale\" content=\"en_US\" \/>\n<meta property=\"og:type\" content=\"article\" \/>\n<meta property=\"og:title\" content=\"Cr\u00e8me Cellulaire Liftante - Jour - Lang\u00e9 - Paris\" \/>\n<meta property=\"og:description\" content=\"Red\u00e9fini les contours du visage et lutte contre l&#039;affaissement naturel de la peau. Le teint est \u00e9clatant et le\u00a0grain de peau affin\u00e9.\" \/>\n<meta property=\"og:url\" content=\"https:\/\/www.lange.fr\/en\/product\/creme-cellulaire-liftante-de-jour\/\" \/>\n<meta property=\"og:site_name\" content=\"Lang\u00e9 - Paris\" \/>\n<meta property=\"article:modified_time\" content=\"2024-10-25T07:37:43+00:00\" \/>\n<meta name=\"twitter:card\" content=\"summary_large_image\" \/>\n<meta name=\"twitter:label1\" content=\"Est. reading time\" \/>\n\t<meta name=\"twitter:data1\" content=\"1 minute\" \/>\n<script type=\"application\/ld+json\" class=\"yoast-schema-graph\">{\"@context\":\"https:\\\/\\\/schema.org\",\"@graph\":[{\"@type\":\"WebPage\",\"@id\":\"https:\\\/\\\/www.lange.fr\\\/product\\\/creme-cellulaire-liftante-de-jour\\\/\",\"url\":\"https:\\\/\\\/www.lange.fr\\\/product\\\/creme-cellulaire-liftante-de-jour\\\/\",\"name\":\"Cr\u00e8me Cellulaire Liftante - Jour - Lang\u00e9 - Paris\",\"isPartOf\":{\"@id\":\"https:\\\/\\\/www.lange.fr\\\/en\\\/#website\"},\"primaryImageOfPage\":{\"@id\":\"https:\\\/\\\/www.lange.fr\\\/product\\\/creme-cellulaire-liftante-de-jour\\\/#primaryimage\"},\"image\":{\"@id\":\"https:\\\/\\\/www.lange.fr\\\/product\\\/creme-cellulaire-liftante-de-jour\\\/#primaryimage\"},\"thumbnailUrl\":\"https:\\\/\\\/www.lange.fr\\\/wp-content\\\/uploads\\\/2021\\\/01\\\/Day-cream-platinum-vdef2.svg\",\"datePublished\":\"2021-01-05T10:32:41+00:00\",\"dateModified\":\"2024-10-25T07:37:43+00:00\",\"breadcrumb\":{\"@id\":\"https:\\\/\\\/www.lange.fr\\\/product\\\/creme-cellulaire-liftante-de-jour\\\/#breadcrumb\"},\"inLanguage\":\"en-US\",\"potentialAction\":[{\"@type\":\"ReadAction\",\"target\":[\"https:\\\/\\\/www.lange.fr\\\/product\\\/creme-cellulaire-liftante-de-jour\\\/\"]}]},{\"@type\":\"ImageObject\",\"inLanguage\":\"en-US\",\"@id\":\"https:\\\/\\\/www.lange.fr\\\/product\\\/creme-cellulaire-liftante-de-jour\\\/#primaryimage\",\"url\":\"https:\\\/\\\/www.lange.fr\\\/wp-content\\\/uploads\\\/2021\\\/01\\\/Day-cream-platinum-vdef2.svg\",\"contentUrl\":\"https:\\\/\\\/www.lange.fr\\\/wp-content\\\/uploads\\\/2021\\\/01\\\/Day-cream-platinum-vdef2.svg\"},{\"@type\":\"BreadcrumbList\",\"@id\":\"https:\\\/\\\/www.lange.fr\\\/product\\\/creme-cellulaire-liftante-de-jour\\\/#breadcrumb\",\"itemListElement\":[{\"@type\":\"ListItem\",\"position\":1,\"name\":\"Home\",\"item\":\"https:\\\/\\\/www.lange.fr\\\/en\\\/\"},{\"@type\":\"ListItem\",\"position\":2,\"name\":\"Boutique\",\"item\":\"https:\\\/\\\/www.lange.fr\\\/en\\\/boutique\\\/\"},{\"@type\":\"ListItem\",\"position\":3,\"name\":\"Cr\u00e8me Cellulaire Liftante &#8211; Jour\"}]},{\"@type\":\"WebSite\",\"@id\":\"https:\\\/\\\/www.lange.fr\\\/en\\\/#website\",\"url\":\"https:\\\/\\\/www.lange.fr\\\/en\\\/\",\"name\":\"Lang\u00e9 - Paris\",\"description\":\"L\u2019ACCENT SUR VOTRE BEAUT\u00c9\",\"publisher\":{\"@id\":\"https:\\\/\\\/www.lange.fr\\\/en\\\/#organization\"},\"potentialAction\":[{\"@type\":\"SearchAction\",\"target\":{\"@type\":\"EntryPoint\",\"urlTemplate\":\"https:\\\/\\\/www.lange.fr\\\/en\\\/?s={search_term_string}\"},\"query-input\":{\"@type\":\"PropertyValueSpecification\",\"valueRequired\":true,\"valueName\":\"search_term_string\"}}],\"inLanguage\":\"en-US\"},{\"@type\":\"Organization\",\"@id\":\"https:\\\/\\\/www.lange.fr\\\/en\\\/#organization\",\"name\":\"Lang\u00e9 - Paris\",\"url\":\"https:\\\/\\\/www.lange.fr\\\/en\\\/\",\"logo\":{\"@type\":\"ImageObject\",\"inLanguage\":\"en-US\",\"@id\":\"https:\\\/\\\/www.lange.fr\\\/en\\\/#\\\/schema\\\/logo\\\/image\\\/\",\"url\":\"https:\\\/\\\/www.lange.fr\\\/wp-content\\\/uploads\\\/2024\\\/02\\\/99f7e8d7c7c63f8baea2a9b58e651730.png\",\"contentUrl\":\"https:\\\/\\\/www.lange.fr\\\/wp-content\\\/uploads\\\/2024\\\/02\\\/99f7e8d7c7c63f8baea2a9b58e651730.png\",\"width\":300,\"height\":91,\"caption\":\"Lang\u00e9 - Paris\"},\"image\":{\"@id\":\"https:\\\/\\\/www.lange.fr\\\/en\\\/#\\\/schema\\\/logo\\\/image\\\/\"}}]}<\/script>\n<!-- \/ Yoast SEO plugin. -->","yoast_head_json":{"title":"Cr\u00e8me Cellulaire Liftante - Jour - Lang\u00e9 - Paris","robots":{"index":"index","follow":"follow","max-snippet":"max-snippet:-1","max-image-preview":"max-image-preview:large","max-video-preview":"max-video-preview:-1"},"canonical":"https:\/\/www.lange.fr\/en\/product\/creme-cellulaire-liftante-de-jour\/","og_locale":"en_US","og_type":"article","og_title":"Cr\u00e8me Cellulaire Liftante - Jour - Lang\u00e9 - Paris","og_description":"Red\u00e9fini les contours du visage et lutte contre l'affaissement naturel de la peau. Le teint est \u00e9clatant et le\u00a0grain de peau affin\u00e9.","og_url":"https:\/\/www.lange.fr\/en\/product\/creme-cellulaire-liftante-de-jour\/","og_site_name":"Lang\u00e9 - Paris","article_modified_time":"2024-10-25T07:37:43+00:00","twitter_card":"summary_large_image","twitter_misc":{"Est. reading time":"1 minute"},"schema":{"@context":"https:\/\/schema.org","@graph":[{"@type":"WebPage","@id":"https:\/\/www.lange.fr\/product\/creme-cellulaire-liftante-de-jour\/","url":"https:\/\/www.lange.fr\/product\/creme-cellulaire-liftante-de-jour\/","name":"Cr\u00e8me Cellulaire Liftante - Jour - Lang\u00e9 - Paris","isPartOf":{"@id":"https:\/\/www.lange.fr\/en\/#website"},"primaryImageOfPage":{"@id":"https:\/\/www.lange.fr\/product\/creme-cellulaire-liftante-de-jour\/#primaryimage"},"image":{"@id":"https:\/\/www.lange.fr\/product\/creme-cellulaire-liftante-de-jour\/#primaryimage"},"thumbnailUrl":"https:\/\/www.lange.fr\/wp-content\/uploads\/2021\/01\/Day-cream-platinum-vdef2.svg","datePublished":"2021-01-05T10:32:41+00:00","dateModified":"2024-10-25T07:37:43+00:00","breadcrumb":{"@id":"https:\/\/www.lange.fr\/product\/creme-cellulaire-liftante-de-jour\/#breadcrumb"},"inLanguage":"en-US","potentialAction":[{"@type":"ReadAction","target":["https:\/\/www.lange.fr\/product\/creme-cellulaire-liftante-de-jour\/"]}]},{"@type":"ImageObject","inLanguage":"en-US","@id":"https:\/\/www.lange.fr\/product\/creme-cellulaire-liftante-de-jour\/#primaryimage","url":"https:\/\/www.lange.fr\/wp-content\/uploads\/2021\/01\/Day-cream-platinum-vdef2.svg","contentUrl":"https:\/\/www.lange.fr\/wp-content\/uploads\/2021\/01\/Day-cream-platinum-vdef2.svg"},{"@type":"BreadcrumbList","@id":"https:\/\/www.lange.fr\/product\/creme-cellulaire-liftante-de-jour\/#breadcrumb","itemListElement":[{"@type":"ListItem","position":1,"name":"Home","item":"https:\/\/www.lange.fr\/en\/"},{"@type":"ListItem","position":2,"name":"Boutique","item":"https:\/\/www.lange.fr\/en\/boutique\/"},{"@type":"ListItem","position":3,"name":"Cr\u00e8me Cellulaire Liftante &#8211; Jour"}]},{"@type":"WebSite","@id":"https:\/\/www.lange.fr\/en\/#website","url":"https:\/\/www.lange.fr\/en\/","name":"Lang\u00e9 - Paris","description":"L\u2019ACCENT SUR VOTRE BEAUT\u00c9","publisher":{"@id":"https:\/\/www.lange.fr\/en\/#organization"},"potentialAction":[{"@type":"SearchAction","target":{"@type":"EntryPoint","urlTemplate":"https:\/\/www.lange.fr\/en\/?s={search_term_string}"},"query-input":{"@type":"PropertyValueSpecification","valueRequired":true,"valueName":"search_term_string"}}],"inLanguage":"en-US"},{"@type":"Organization","@id":"https:\/\/www.lange.fr\/en\/#organization","name":"Lang\u00e9 - Paris","url":"https:\/\/www.lange.fr\/en\/","logo":{"@type":"ImageObject","inLanguage":"en-US","@id":"https:\/\/www.lange.fr\/en\/#\/schema\/logo\/image\/","url":"https:\/\/www.lange.fr\/wp-content\/uploads\/2024\/02\/99f7e8d7c7c63f8baea2a9b58e651730.png","contentUrl":"https:\/\/www.lange.fr\/wp-content\/uploads\/2024\/02\/99f7e8d7c7c63f8baea2a9b58e651730.png","width":300,"height":91,"caption":"Lang\u00e9 - Paris"},"image":{"@id":"https:\/\/www.lange.fr\/en\/#\/schema\/logo\/image\/"}}]}},"_links":{"self":[{"href":"https:\/\/www.lange.fr\/en\/wp-json\/wp\/v2\/product\/4247","targetHints":{"allow":["GET"]}}],"collection":[{"href":"https:\/\/www.lange.fr\/en\/wp-json\/wp\/v2\/product"}],"about":[{"href":"https:\/\/www.lange.fr\/en\/wp-json\/wp\/v2\/types\/product"}],"replies":[{"embeddable":true,"href":"https:\/\/www.lange.fr\/en\/wp-json\/wp\/v2\/comments?post=4247"}],"version-history":[{"count":0,"href":"https:\/\/www.lange.fr\/en\/wp-json\/wp\/v2\/product\/4247\/revisions"}],"wp:featuredmedia":[{"embeddable":true,"href":"https:\/\/www.lange.fr\/en\/wp-json\/wp\/v2\/media\/9022"}],"wp:attachment":[{"href":"https:\/\/www.lange.fr\/en\/wp-json\/wp\/v2\/media?parent=4247"}],"wp:term":[{"taxonomy":"product_brand","embeddable":true,"href":"https:\/\/www.lange.fr\/en\/wp-json\/wp\/v2\/product_brand?post=4247"},{"taxonomy":"product_cat","embeddable":true,"href":"https:\/\/www.lange.fr\/en\/wp-json\/wp\/v2\/product_cat?post=4247"},{"taxonomy":"product_tag","embeddable":true,"href":"https:\/\/www.lange.fr\/en\/wp-json\/wp\/v2\/product_tag?post=4247"}],"curies":[{"name":"wp","href":"https:\/\/api.w.org\/{rel}","templated":true}]}}