{"id":1441,"date":"2019-03-12T18:19:45","date_gmt":"2019-03-12T18:19:45","guid":{"rendered":"https:\/\/www.lange.fr\/?post_type=product&#038;p=1441"},"modified":"2024-10-28T13:59:38","modified_gmt":"2024-10-28T13:59:38","slug":"creme-de-jour-urban-protect","status":"publish","type":"product","link":"https:\/\/www.lange.fr\/en\/product\/creme-de-jour-urban-protect\/","title":{"rendered":"Urban Protect Day Cream"},"content":{"rendered":"<p>Street wear for the skin for effective protection and detoxifying action.<\/p>\n<p>Ref.210017<\/p>","protected":false},"excerpt":{"rendered":"<p>Street wear for the skin for effective protection and detoxifying action.<\/p>","protected":false},"featured_media":2092,"comment_status":"closed","ping_status":"closed","template":"","meta":{"_acf_changed":false},"product_brand":[],"product_cat":[46],"product_tag":[],"class_list":{"0":"post-1441","1":"product","2":"type-product","3":"status-publish","4":"has-post-thumbnail","6":"product_cat-detox","8":"first","9":"instock","10":"shipping-taxable","11":"purchasable","12":"product-type-simple"},"acf":[],"yoast_head":"<!-- This site is optimized with the Yoast SEO plugin v27.3 - https:\/\/yoast.com\/product\/yoast-seo-wordpress\/ -->\n<title>Cr\u00e8me de Jour Urban Protect - Lang\u00e9 - Paris<\/title>\n<meta name=\"robots\" content=\"index, follow, max-snippet:-1, max-image-preview:large, max-video-preview:-1\" \/>\n<link rel=\"canonical\" href=\"http:\/\/www.lange.fr\/en\/product\/creme-de-jour-urban-protect\/\" \/>\n<meta property=\"og:locale\" content=\"en_US\" \/>\n<meta property=\"og:type\" content=\"article\" \/>\n<meta property=\"og:title\" content=\"Cr\u00e8me de Jour Urban Protect - Lang\u00e9 - Paris\" \/>\n<meta property=\"og:description\" content=\"Tenue de ville pour la peau pour une protection efficace et une action d\u00e9toxifiante.\" \/>\n<meta property=\"og:url\" content=\"http:\/\/www.lange.fr\/en\/product\/creme-de-jour-urban-protect\/\" \/>\n<meta property=\"og:site_name\" content=\"Lang\u00e9 - Paris\" \/>\n<meta property=\"article:modified_time\" content=\"2024-10-28T13:59:38+00:00\" \/>\n<meta property=\"og:image\" content=\"http:\/\/www.lange.fr\/wp-content\/uploads\/2019\/03\/Urban-Defense-Serum-Ref.-210117-1.jpg\" \/>\n\t<meta property=\"og:image:width\" content=\"600\" \/>\n\t<meta property=\"og:image:height\" content=\"600\" \/>\n\t<meta property=\"og:image:type\" content=\"image\/jpeg\" \/>\n<meta name=\"twitter:card\" content=\"summary_large_image\" \/>\n<meta name=\"twitter:label1\" content=\"Est. reading time\" \/>\n\t<meta name=\"twitter:data1\" content=\"1 minute\" \/>\n<script type=\"application\/ld+json\" class=\"yoast-schema-graph\">{\"@context\":\"https:\\\/\\\/schema.org\",\"@graph\":[{\"@type\":\"WebPage\",\"@id\":\"http:\\\/\\\/www.lange.fr\\\/product\\\/creme-de-jour-urban-protect\\\/\",\"url\":\"http:\\\/\\\/www.lange.fr\\\/product\\\/creme-de-jour-urban-protect\\\/\",\"name\":\"Cr\u00e8me de Jour Urban Protect - Lang\u00e9 - Paris\",\"isPartOf\":{\"@id\":\"http:\\\/\\\/www.lange.fr\\\/#website\"},\"primaryImageOfPage\":{\"@id\":\"http:\\\/\\\/www.lange.fr\\\/product\\\/creme-de-jour-urban-protect\\\/#primaryimage\"},\"image\":{\"@id\":\"http:\\\/\\\/www.lange.fr\\\/product\\\/creme-de-jour-urban-protect\\\/#primaryimage\"},\"thumbnailUrl\":\"https:\\\/\\\/www.lange.fr\\\/wp-content\\\/uploads\\\/2019\\\/03\\\/Urban-Defense-Serum-Ref.-210117-1.jpg\",\"datePublished\":\"2019-03-12T18:19:45+00:00\",\"dateModified\":\"2024-10-28T13:59:38+00:00\",\"breadcrumb\":{\"@id\":\"http:\\\/\\\/www.lange.fr\\\/product\\\/creme-de-jour-urban-protect\\\/#breadcrumb\"},\"inLanguage\":\"en-US\",\"potentialAction\":[{\"@type\":\"ReadAction\",\"target\":[\"http:\\\/\\\/www.lange.fr\\\/product\\\/creme-de-jour-urban-protect\\\/\"]}]},{\"@type\":\"ImageObject\",\"inLanguage\":\"en-US\",\"@id\":\"http:\\\/\\\/www.lange.fr\\\/product\\\/creme-de-jour-urban-protect\\\/#primaryimage\",\"url\":\"https:\\\/\\\/www.lange.fr\\\/wp-content\\\/uploads\\\/2019\\\/03\\\/Urban-Defense-Serum-Ref.-210117-1.jpg\",\"contentUrl\":\"https:\\\/\\\/www.lange.fr\\\/wp-content\\\/uploads\\\/2019\\\/03\\\/Urban-Defense-Serum-Ref.-210117-1.jpg\",\"width\":600,\"height\":600},{\"@type\":\"BreadcrumbList\",\"@id\":\"http:\\\/\\\/www.lange.fr\\\/product\\\/creme-de-jour-urban-protect\\\/#breadcrumb\",\"itemListElement\":[{\"@type\":\"ListItem\",\"position\":1,\"name\":\"Home\",\"item\":\"https:\\\/\\\/www.lange.fr\\\/en\\\/\"},{\"@type\":\"ListItem\",\"position\":2,\"name\":\"Boutique\",\"item\":\"https:\\\/\\\/www.lange.fr\\\/en\\\/boutique\\\/\"},{\"@type\":\"ListItem\",\"position\":3,\"name\":\"Cr\u00e8me de Jour Urban Protect\"}]},{\"@type\":\"WebSite\",\"@id\":\"http:\\\/\\\/www.lange.fr\\\/#website\",\"url\":\"http:\\\/\\\/www.lange.fr\\\/\",\"name\":\"Lang\u00e9 - Paris\",\"description\":\"L\u2019ACCENT SUR VOTRE BEAUT\u00c9\",\"publisher\":{\"@id\":\"http:\\\/\\\/www.lange.fr\\\/#organization\"},\"potentialAction\":[{\"@type\":\"SearchAction\",\"target\":{\"@type\":\"EntryPoint\",\"urlTemplate\":\"http:\\\/\\\/www.lange.fr\\\/?s={search_term_string}\"},\"query-input\":{\"@type\":\"PropertyValueSpecification\",\"valueRequired\":true,\"valueName\":\"search_term_string\"}}],\"inLanguage\":\"en-US\"},{\"@type\":\"Organization\",\"@id\":\"http:\\\/\\\/www.lange.fr\\\/#organization\",\"name\":\"Lang\u00e9 - Paris\",\"url\":\"http:\\\/\\\/www.lange.fr\\\/\",\"logo\":{\"@type\":\"ImageObject\",\"inLanguage\":\"en-US\",\"@id\":\"http:\\\/\\\/www.lange.fr\\\/#\\\/schema\\\/logo\\\/image\\\/\",\"url\":\"https:\\\/\\\/www.lange.fr\\\/wp-content\\\/uploads\\\/2024\\\/02\\\/99f7e8d7c7c63f8baea2a9b58e651730.png\",\"contentUrl\":\"https:\\\/\\\/www.lange.fr\\\/wp-content\\\/uploads\\\/2024\\\/02\\\/99f7e8d7c7c63f8baea2a9b58e651730.png\",\"width\":300,\"height\":91,\"caption\":\"Lang\u00e9 - Paris\"},\"image\":{\"@id\":\"http:\\\/\\\/www.lange.fr\\\/#\\\/schema\\\/logo\\\/image\\\/\"}}]}<\/script>\n<!-- \/ Yoast SEO plugin. -->","yoast_head_json":{"title":"Cr\u00e8me de Jour Urban Protect - Lang\u00e9 - Paris","robots":{"index":"index","follow":"follow","max-snippet":"max-snippet:-1","max-image-preview":"max-image-preview:large","max-video-preview":"max-video-preview:-1"},"canonical":"http:\/\/www.lange.fr\/en\/product\/creme-de-jour-urban-protect\/","og_locale":"en_US","og_type":"article","og_title":"Cr\u00e8me de Jour Urban Protect - Lang\u00e9 - Paris","og_description":"Tenue de ville pour la peau pour une protection efficace et une action d\u00e9toxifiante.","og_url":"http:\/\/www.lange.fr\/en\/product\/creme-de-jour-urban-protect\/","og_site_name":"Lang\u00e9 - Paris","article_modified_time":"2024-10-28T13:59:38+00:00","og_image":[{"width":600,"height":600,"url":"http:\/\/www.lange.fr\/wp-content\/uploads\/2019\/03\/Urban-Defense-Serum-Ref.-210117-1.jpg","type":"image\/jpeg"}],"twitter_card":"summary_large_image","twitter_misc":{"Est. reading time":"1 minute"},"schema":{"@context":"https:\/\/schema.org","@graph":[{"@type":"WebPage","@id":"http:\/\/www.lange.fr\/product\/creme-de-jour-urban-protect\/","url":"http:\/\/www.lange.fr\/product\/creme-de-jour-urban-protect\/","name":"Cr\u00e8me de Jour Urban Protect - Lang\u00e9 - Paris","isPartOf":{"@id":"http:\/\/www.lange.fr\/#website"},"primaryImageOfPage":{"@id":"http:\/\/www.lange.fr\/product\/creme-de-jour-urban-protect\/#primaryimage"},"image":{"@id":"http:\/\/www.lange.fr\/product\/creme-de-jour-urban-protect\/#primaryimage"},"thumbnailUrl":"https:\/\/www.lange.fr\/wp-content\/uploads\/2019\/03\/Urban-Defense-Serum-Ref.-210117-1.jpg","datePublished":"2019-03-12T18:19:45+00:00","dateModified":"2024-10-28T13:59:38+00:00","breadcrumb":{"@id":"http:\/\/www.lange.fr\/product\/creme-de-jour-urban-protect\/#breadcrumb"},"inLanguage":"en-US","potentialAction":[{"@type":"ReadAction","target":["http:\/\/www.lange.fr\/product\/creme-de-jour-urban-protect\/"]}]},{"@type":"ImageObject","inLanguage":"en-US","@id":"http:\/\/www.lange.fr\/product\/creme-de-jour-urban-protect\/#primaryimage","url":"https:\/\/www.lange.fr\/wp-content\/uploads\/2019\/03\/Urban-Defense-Serum-Ref.-210117-1.jpg","contentUrl":"https:\/\/www.lange.fr\/wp-content\/uploads\/2019\/03\/Urban-Defense-Serum-Ref.-210117-1.jpg","width":600,"height":600},{"@type":"BreadcrumbList","@id":"http:\/\/www.lange.fr\/product\/creme-de-jour-urban-protect\/#breadcrumb","itemListElement":[{"@type":"ListItem","position":1,"name":"Home","item":"https:\/\/www.lange.fr\/en\/"},{"@type":"ListItem","position":2,"name":"Boutique","item":"https:\/\/www.lange.fr\/en\/boutique\/"},{"@type":"ListItem","position":3,"name":"Cr\u00e8me de Jour Urban Protect"}]},{"@type":"WebSite","@id":"http:\/\/www.lange.fr\/#website","url":"http:\/\/www.lange.fr\/","name":"Lang\u00e9 - Paris","description":"L\u2019ACCENT SUR VOTRE BEAUT\u00c9","publisher":{"@id":"http:\/\/www.lange.fr\/#organization"},"potentialAction":[{"@type":"SearchAction","target":{"@type":"EntryPoint","urlTemplate":"http:\/\/www.lange.fr\/?s={search_term_string}"},"query-input":{"@type":"PropertyValueSpecification","valueRequired":true,"valueName":"search_term_string"}}],"inLanguage":"en-US"},{"@type":"Organization","@id":"http:\/\/www.lange.fr\/#organization","name":"Lang\u00e9 - Paris","url":"http:\/\/www.lange.fr\/","logo":{"@type":"ImageObject","inLanguage":"en-US","@id":"http:\/\/www.lange.fr\/#\/schema\/logo\/image\/","url":"https:\/\/www.lange.fr\/wp-content\/uploads\/2024\/02\/99f7e8d7c7c63f8baea2a9b58e651730.png","contentUrl":"https:\/\/www.lange.fr\/wp-content\/uploads\/2024\/02\/99f7e8d7c7c63f8baea2a9b58e651730.png","width":300,"height":91,"caption":"Lang\u00e9 - Paris"},"image":{"@id":"http:\/\/www.lange.fr\/#\/schema\/logo\/image\/"}}]}},"_links":{"self":[{"href":"https:\/\/www.lange.fr\/en\/wp-json\/wp\/v2\/product\/1441","targetHints":{"allow":["GET"]}}],"collection":[{"href":"https:\/\/www.lange.fr\/en\/wp-json\/wp\/v2\/product"}],"about":[{"href":"https:\/\/www.lange.fr\/en\/wp-json\/wp\/v2\/types\/product"}],"replies":[{"embeddable":true,"href":"https:\/\/www.lange.fr\/en\/wp-json\/wp\/v2\/comments?post=1441"}],"version-history":[{"count":0,"href":"https:\/\/www.lange.fr\/en\/wp-json\/wp\/v2\/product\/1441\/revisions"}],"wp:featuredmedia":[{"embeddable":true,"href":"https:\/\/www.lange.fr\/en\/wp-json\/wp\/v2\/media\/2092"}],"wp:attachment":[{"href":"https:\/\/www.lange.fr\/en\/wp-json\/wp\/v2\/media?parent=1441"}],"wp:term":[{"taxonomy":"product_brand","embeddable":true,"href":"https:\/\/www.lange.fr\/en\/wp-json\/wp\/v2\/product_brand?post=1441"},{"taxonomy":"product_cat","embeddable":true,"href":"https:\/\/www.lange.fr\/en\/wp-json\/wp\/v2\/product_cat?post=1441"},{"taxonomy":"product_tag","embeddable":true,"href":"https:\/\/www.lange.fr\/en\/wp-json\/wp\/v2\/product_tag?post=1441"}],"curies":[{"name":"wp","href":"https:\/\/api.w.org\/{rel}","templated":true}]}}