{"id":13887,"date":"2024-04-04T13:48:18","date_gmt":"2024-04-04T13:48:18","guid":{"rendered":"https:\/\/www.lange.fr\/?post_type=product&#038;p=13887"},"modified":"2024-10-28T11:09:48","modified_gmt":"2024-10-28T11:09:48","slug":"masque-nourrissant-vitalite-extreme","status":"publish","type":"product","link":"https:\/\/www.lange.fr\/en\/product\/masque-nourrissant-vitalite-extreme\/","title":{"rendered":"Extreme Vitality Nourishing Mask"},"content":{"rendered":"<p>Faced with the lack of vitality caused by stress, pollution, and extreme conditions, this rich, creamy, and cocooning formula helps to hydrate, nourish, and revitalize. The skin becomes soft, radiant, and plumped.<\/p>\n<p>Ref. 23306<\/p>","protected":false},"excerpt":{"rendered":"<p>Faced with the lack of vitality caused by stress, pollution, and extreme conditions, this rich, creamy, and cocooning formula helps to hydrate, nourish, and revitalize. The skin becomes soft, radiant, and plumped.<\/p>","protected":false},"featured_media":10686,"comment_status":"closed","ping_status":"closed","template":"","meta":{"_acf_changed":false},"product_brand":[],"product_cat":[56],"product_tag":[],"class_list":{"0":"post-13887","1":"product","2":"type-product","3":"status-publish","4":"has-post-thumbnail","6":"product_cat-vitalite","8":"first","9":"instock","10":"shipping-taxable","11":"purchasable","12":"product-type-simple"},"acf":[],"yoast_head":"<!-- This site is optimized with the Yoast SEO plugin v27.5 - https:\/\/yoast.com\/product\/yoast-seo-wordpress\/ -->\n<title>Masque Nourrissant Vitalit\u00e9 Extr\u00eame - Lang\u00e9 - Paris<\/title>\n<meta name=\"robots\" content=\"index, follow, max-snippet:-1, max-image-preview:large, max-video-preview:-1\" \/>\n<link rel=\"canonical\" href=\"http:\/\/www.lange.fr\/en\/product\/masque-nourrissant-vitalite-extreme\/\" \/>\n<meta property=\"og:locale\" content=\"en_US\" \/>\n<meta property=\"og:type\" content=\"article\" \/>\n<meta property=\"og:title\" content=\"Masque Nourrissant Vitalit\u00e9 Extr\u00eame - Lang\u00e9 - Paris\" \/>\n<meta property=\"og:description\" content=\"Face au manque de vitalit\u00e9 li\u00e9 au stress \u00e0 la pollution et aux conditions extr\u00eames, cette formule riche, onctueuse, et cocooning aide \u00e0 hydrater, nourrir et revitaliser. La peau est douce, radiante et repulp\u00e9e.\" \/>\n<meta property=\"og:url\" content=\"http:\/\/www.lange.fr\/en\/product\/masque-nourrissant-vitalite-extreme\/\" \/>\n<meta property=\"og:site_name\" content=\"Lang\u00e9 - Paris\" \/>\n<meta property=\"article:modified_time\" content=\"2024-10-28T11:09:48+00:00\" \/>\n<meta property=\"og:image\" content=\"http:\/\/www.lange.fr\/wp-content\/uploads\/2019\/03\/Vitality-Nourishing-Mask-Ref.-23306-small.jpg\" \/>\n\t<meta property=\"og:image:width\" content=\"591\" \/>\n\t<meta property=\"og:image:height\" content=\"484\" \/>\n\t<meta property=\"og:image:type\" content=\"image\/jpeg\" \/>\n<meta name=\"twitter:card\" content=\"summary_large_image\" \/>\n<meta name=\"twitter:label1\" content=\"Est. reading time\" \/>\n\t<meta name=\"twitter:data1\" content=\"1 minute\" \/>\n<script type=\"application\/ld+json\" class=\"yoast-schema-graph\">{\"@context\":\"https:\\\/\\\/schema.org\",\"@graph\":[{\"@type\":\"WebPage\",\"@id\":\"http:\\\/\\\/www.lange.fr\\\/product\\\/masque-nourrissant-vitalite-extreme\\\/\",\"url\":\"http:\\\/\\\/www.lange.fr\\\/product\\\/masque-nourrissant-vitalite-extreme\\\/\",\"name\":\"Masque Nourrissant Vitalit\u00e9 Extr\u00eame - Lang\u00e9 - Paris\",\"isPartOf\":{\"@id\":\"https:\\\/\\\/www.lange.fr\\\/en\\\/#website\"},\"primaryImageOfPage\":{\"@id\":\"http:\\\/\\\/www.lange.fr\\\/product\\\/masque-nourrissant-vitalite-extreme\\\/#primaryimage\"},\"image\":{\"@id\":\"http:\\\/\\\/www.lange.fr\\\/product\\\/masque-nourrissant-vitalite-extreme\\\/#primaryimage\"},\"thumbnailUrl\":\"https:\\\/\\\/www.lange.fr\\\/wp-content\\\/uploads\\\/2019\\\/03\\\/Vitality-Nourishing-Mask-Ref.-23306-small.jpg\",\"datePublished\":\"2024-04-04T13:48:18+00:00\",\"dateModified\":\"2024-10-28T11:09:48+00:00\",\"breadcrumb\":{\"@id\":\"http:\\\/\\\/www.lange.fr\\\/product\\\/masque-nourrissant-vitalite-extreme\\\/#breadcrumb\"},\"inLanguage\":\"en-US\",\"potentialAction\":[{\"@type\":\"ReadAction\",\"target\":[\"http:\\\/\\\/www.lange.fr\\\/product\\\/masque-nourrissant-vitalite-extreme\\\/\"]}]},{\"@type\":\"ImageObject\",\"inLanguage\":\"en-US\",\"@id\":\"http:\\\/\\\/www.lange.fr\\\/product\\\/masque-nourrissant-vitalite-extreme\\\/#primaryimage\",\"url\":\"https:\\\/\\\/www.lange.fr\\\/wp-content\\\/uploads\\\/2019\\\/03\\\/Vitality-Nourishing-Mask-Ref.-23306-small.jpg\",\"contentUrl\":\"https:\\\/\\\/www.lange.fr\\\/wp-content\\\/uploads\\\/2019\\\/03\\\/Vitality-Nourishing-Mask-Ref.-23306-small.jpg\",\"width\":591,\"height\":484},{\"@type\":\"BreadcrumbList\",\"@id\":\"http:\\\/\\\/www.lange.fr\\\/product\\\/masque-nourrissant-vitalite-extreme\\\/#breadcrumb\",\"itemListElement\":[{\"@type\":\"ListItem\",\"position\":1,\"name\":\"Home\",\"item\":\"https:\\\/\\\/www.lange.fr\\\/en\\\/\"},{\"@type\":\"ListItem\",\"position\":2,\"name\":\"Boutique\",\"item\":\"https:\\\/\\\/www.lange.fr\\\/en\\\/boutique\\\/\"},{\"@type\":\"ListItem\",\"position\":3,\"name\":\"Masque Nourrissant Vitalit\u00e9 Extr\u00eame\"}]},{\"@type\":\"WebSite\",\"@id\":\"https:\\\/\\\/www.lange.fr\\\/en\\\/#website\",\"url\":\"https:\\\/\\\/www.lange.fr\\\/en\\\/\",\"name\":\"Lang\u00e9 - Paris\",\"description\":\"L\u2019ACCENT SUR VOTRE BEAUT\u00c9\",\"publisher\":{\"@id\":\"https:\\\/\\\/www.lange.fr\\\/en\\\/#organization\"},\"potentialAction\":[{\"@type\":\"SearchAction\",\"target\":{\"@type\":\"EntryPoint\",\"urlTemplate\":\"https:\\\/\\\/www.lange.fr\\\/en\\\/?s={search_term_string}\"},\"query-input\":{\"@type\":\"PropertyValueSpecification\",\"valueRequired\":true,\"valueName\":\"search_term_string\"}}],\"inLanguage\":\"en-US\"},{\"@type\":\"Organization\",\"@id\":\"https:\\\/\\\/www.lange.fr\\\/en\\\/#organization\",\"name\":\"Lang\u00e9 - Paris\",\"url\":\"https:\\\/\\\/www.lange.fr\\\/en\\\/\",\"logo\":{\"@type\":\"ImageObject\",\"inLanguage\":\"en-US\",\"@id\":\"https:\\\/\\\/www.lange.fr\\\/en\\\/#\\\/schema\\\/logo\\\/image\\\/\",\"url\":\"https:\\\/\\\/www.lange.fr\\\/wp-content\\\/uploads\\\/2024\\\/02\\\/99f7e8d7c7c63f8baea2a9b58e651730.png\",\"contentUrl\":\"https:\\\/\\\/www.lange.fr\\\/wp-content\\\/uploads\\\/2024\\\/02\\\/99f7e8d7c7c63f8baea2a9b58e651730.png\",\"width\":300,\"height\":91,\"caption\":\"Lang\u00e9 - Paris\"},\"image\":{\"@id\":\"https:\\\/\\\/www.lange.fr\\\/en\\\/#\\\/schema\\\/logo\\\/image\\\/\"}}]}<\/script>\n<!-- \/ Yoast SEO plugin. -->","yoast_head_json":{"title":"Masque Nourrissant Vitalit\u00e9 Extr\u00eame - Lang\u00e9 - Paris","robots":{"index":"index","follow":"follow","max-snippet":"max-snippet:-1","max-image-preview":"max-image-preview:large","max-video-preview":"max-video-preview:-1"},"canonical":"http:\/\/www.lange.fr\/en\/product\/masque-nourrissant-vitalite-extreme\/","og_locale":"en_US","og_type":"article","og_title":"Masque Nourrissant Vitalit\u00e9 Extr\u00eame - Lang\u00e9 - Paris","og_description":"Face au manque de vitalit\u00e9 li\u00e9 au stress \u00e0 la pollution et aux conditions extr\u00eames, cette formule riche, onctueuse, et cocooning aide \u00e0 hydrater, nourrir et revitaliser. La peau est douce, radiante et repulp\u00e9e.","og_url":"http:\/\/www.lange.fr\/en\/product\/masque-nourrissant-vitalite-extreme\/","og_site_name":"Lang\u00e9 - Paris","article_modified_time":"2024-10-28T11:09:48+00:00","og_image":[{"width":591,"height":484,"url":"http:\/\/www.lange.fr\/wp-content\/uploads\/2019\/03\/Vitality-Nourishing-Mask-Ref.-23306-small.jpg","type":"image\/jpeg"}],"twitter_card":"summary_large_image","twitter_misc":{"Est. reading time":"1 minute"},"schema":{"@context":"https:\/\/schema.org","@graph":[{"@type":"WebPage","@id":"http:\/\/www.lange.fr\/product\/masque-nourrissant-vitalite-extreme\/","url":"http:\/\/www.lange.fr\/product\/masque-nourrissant-vitalite-extreme\/","name":"Masque Nourrissant Vitalit\u00e9 Extr\u00eame - Lang\u00e9 - Paris","isPartOf":{"@id":"https:\/\/www.lange.fr\/en\/#website"},"primaryImageOfPage":{"@id":"http:\/\/www.lange.fr\/product\/masque-nourrissant-vitalite-extreme\/#primaryimage"},"image":{"@id":"http:\/\/www.lange.fr\/product\/masque-nourrissant-vitalite-extreme\/#primaryimage"},"thumbnailUrl":"https:\/\/www.lange.fr\/wp-content\/uploads\/2019\/03\/Vitality-Nourishing-Mask-Ref.-23306-small.jpg","datePublished":"2024-04-04T13:48:18+00:00","dateModified":"2024-10-28T11:09:48+00:00","breadcrumb":{"@id":"http:\/\/www.lange.fr\/product\/masque-nourrissant-vitalite-extreme\/#breadcrumb"},"inLanguage":"en-US","potentialAction":[{"@type":"ReadAction","target":["http:\/\/www.lange.fr\/product\/masque-nourrissant-vitalite-extreme\/"]}]},{"@type":"ImageObject","inLanguage":"en-US","@id":"http:\/\/www.lange.fr\/product\/masque-nourrissant-vitalite-extreme\/#primaryimage","url":"https:\/\/www.lange.fr\/wp-content\/uploads\/2019\/03\/Vitality-Nourishing-Mask-Ref.-23306-small.jpg","contentUrl":"https:\/\/www.lange.fr\/wp-content\/uploads\/2019\/03\/Vitality-Nourishing-Mask-Ref.-23306-small.jpg","width":591,"height":484},{"@type":"BreadcrumbList","@id":"http:\/\/www.lange.fr\/product\/masque-nourrissant-vitalite-extreme\/#breadcrumb","itemListElement":[{"@type":"ListItem","position":1,"name":"Home","item":"https:\/\/www.lange.fr\/en\/"},{"@type":"ListItem","position":2,"name":"Boutique","item":"https:\/\/www.lange.fr\/en\/boutique\/"},{"@type":"ListItem","position":3,"name":"Masque Nourrissant Vitalit\u00e9 Extr\u00eame"}]},{"@type":"WebSite","@id":"https:\/\/www.lange.fr\/en\/#website","url":"https:\/\/www.lange.fr\/en\/","name":"Lang\u00e9 - Paris","description":"L\u2019ACCENT SUR VOTRE BEAUT\u00c9","publisher":{"@id":"https:\/\/www.lange.fr\/en\/#organization"},"potentialAction":[{"@type":"SearchAction","target":{"@type":"EntryPoint","urlTemplate":"https:\/\/www.lange.fr\/en\/?s={search_term_string}"},"query-input":{"@type":"PropertyValueSpecification","valueRequired":true,"valueName":"search_term_string"}}],"inLanguage":"en-US"},{"@type":"Organization","@id":"https:\/\/www.lange.fr\/en\/#organization","name":"Lang\u00e9 - Paris","url":"https:\/\/www.lange.fr\/en\/","logo":{"@type":"ImageObject","inLanguage":"en-US","@id":"https:\/\/www.lange.fr\/en\/#\/schema\/logo\/image\/","url":"https:\/\/www.lange.fr\/wp-content\/uploads\/2024\/02\/99f7e8d7c7c63f8baea2a9b58e651730.png","contentUrl":"https:\/\/www.lange.fr\/wp-content\/uploads\/2024\/02\/99f7e8d7c7c63f8baea2a9b58e651730.png","width":300,"height":91,"caption":"Lang\u00e9 - Paris"},"image":{"@id":"https:\/\/www.lange.fr\/en\/#\/schema\/logo\/image\/"}}]}},"_links":{"self":[{"href":"https:\/\/www.lange.fr\/en\/wp-json\/wp\/v2\/product\/13887","targetHints":{"allow":["GET"]}}],"collection":[{"href":"https:\/\/www.lange.fr\/en\/wp-json\/wp\/v2\/product"}],"about":[{"href":"https:\/\/www.lange.fr\/en\/wp-json\/wp\/v2\/types\/product"}],"replies":[{"embeddable":true,"href":"https:\/\/www.lange.fr\/en\/wp-json\/wp\/v2\/comments?post=13887"}],"version-history":[{"count":0,"href":"https:\/\/www.lange.fr\/en\/wp-json\/wp\/v2\/product\/13887\/revisions"}],"wp:featuredmedia":[{"embeddable":true,"href":"https:\/\/www.lange.fr\/en\/wp-json\/wp\/v2\/media\/10686"}],"wp:attachment":[{"href":"https:\/\/www.lange.fr\/en\/wp-json\/wp\/v2\/media?parent=13887"}],"wp:term":[{"taxonomy":"product_brand","embeddable":true,"href":"https:\/\/www.lange.fr\/en\/wp-json\/wp\/v2\/product_brand?post=13887"},{"taxonomy":"product_cat","embeddable":true,"href":"https:\/\/www.lange.fr\/en\/wp-json\/wp\/v2\/product_cat?post=13887"},{"taxonomy":"product_tag","embeddable":true,"href":"https:\/\/www.lange.fr\/en\/wp-json\/wp\/v2\/product_tag?post=13887"}],"curies":[{"name":"wp","href":"https:\/\/api.w.org\/{rel}","templated":true}]}}