{"id":1310,"date":"2019-03-12T16:04:02","date_gmt":"2019-03-12T16:04:02","guid":{"rendered":"https:\/\/www.lange.fr\/?post_type=product&#038;p=1310"},"modified":"2024-04-23T09:20:12","modified_gmt":"2024-04-23T09:20:12","slug":"huile-de-beaute-tonifiante","status":"publish","type":"product","link":"https:\/\/www.lange.fr\/en\/product\/huile-de-beaute-tonifiante\/","title":{"rendered":"Toning Beauty Oil"},"content":{"rendered":"<p>Nourrit, d\u00e9stresse et relaxe. Pour un toucher \u201cpeau de p\u00eache\u201d, une peau lisse et des cheveux soyeux et renforc\u00e9s.<\/p>\n<p>Ingr\u00e9dients Actifs : Preparami\u00ae ER, Lipidami\u00ae Centella Asiatica, Lipidami\u00ae Spiruline, Lipolami\u00ae ER et Huile de Tournesol Bio.<\/p>\n<p>Ref. 21606<\/p>","protected":false},"excerpt":{"rendered":"<p>Nourrit, d\u00e9stresse et relaxe. Pour un toucher \u201cpeau de p\u00eache\u201d, une peau lisse et des cheveux soyeux et renforc\u00e9s.<\/p>\n<p>Ingr\u00e9dients Actifs : Preparami\u00ae ER, Lipidami\u00ae Centella et Spiruline, Lipolami\u00ae ER et Huile de Tournesol.<\/p>","protected":false},"featured_media":1997,"comment_status":"closed","ping_status":"closed","template":"","meta":{"_acf_changed":false},"product_brand":[],"product_cat":[45],"product_tag":[],"class_list":{"0":"post-1310","1":"product","2":"type-product","3":"status-publish","4":"has-post-thumbnail","6":"product_cat-corps","8":"first","9":"instock","10":"shipping-taxable","11":"purchasable","12":"product-type-simple"},"acf":[],"yoast_head":"<!-- This site is optimized with the Yoast SEO plugin v27.3 - https:\/\/yoast.com\/product\/yoast-seo-wordpress\/ -->\n<title>Huile de Beaut\u00e9 Tonifiante - Lang\u00e9 - Paris<\/title>\n<meta name=\"robots\" content=\"index, follow, max-snippet:-1, max-image-preview:large, max-video-preview:-1\" \/>\n<link rel=\"canonical\" href=\"https:\/\/www.lange.fr\/en\/product\/huile-de-beaute-tonifiante\/\" \/>\n<meta property=\"og:locale\" content=\"en_US\" \/>\n<meta property=\"og:type\" content=\"article\" \/>\n<meta property=\"og:title\" content=\"Huile de Beaut\u00e9 Tonifiante - Lang\u00e9 - Paris\" \/>\n<meta property=\"og:description\" content=\"Nourrit, d\u00e9stresse et relaxe. Pour un toucher \u201cpeau de p\u00eache\u201d, une peau lisse et des cheveux soyeux et renforc\u00e9s.  Ingr\u00e9dients Actifs : Preparami\u00ae ER, Lipidami\u00ae Centella et Spiruline, Lipolami\u00ae ER et Huile de Tournesol.\" \/>\n<meta property=\"og:url\" content=\"https:\/\/www.lange.fr\/en\/product\/huile-de-beaute-tonifiante\/\" \/>\n<meta property=\"og:site_name\" content=\"Lang\u00e9 - Paris\" \/>\n<meta property=\"article:modified_time\" content=\"2024-04-23T09:20:12+00:00\" \/>\n<meta property=\"og:image\" content=\"https:\/\/www.lange.fr\/wp-content\/uploads\/2019\/03\/Corps-Huile-de-Beaute\u0301-Tonifiante-Bottle-Ref.-21606-1.jpg\" \/>\n\t<meta property=\"og:image:width\" content=\"600\" \/>\n\t<meta property=\"og:image:height\" content=\"600\" \/>\n\t<meta property=\"og:image:type\" content=\"image\/jpeg\" \/>\n<meta name=\"twitter:card\" content=\"summary_large_image\" \/>\n<meta name=\"twitter:label1\" content=\"Est. reading time\" \/>\n\t<meta name=\"twitter:data1\" content=\"1 minute\" \/>\n<script type=\"application\/ld+json\" class=\"yoast-schema-graph\">{\"@context\":\"https:\\\/\\\/schema.org\",\"@graph\":[{\"@type\":\"WebPage\",\"@id\":\"https:\\\/\\\/www.lange.fr\\\/en\\\/product\\\/huile-de-beaute-tonifiante\\\/\",\"url\":\"https:\\\/\\\/www.lange.fr\\\/en\\\/product\\\/huile-de-beaute-tonifiante\\\/\",\"name\":\"Huile de Beaut\u00e9 Tonifiante - Lang\u00e9 - Paris\",\"isPartOf\":{\"@id\":\"https:\\\/\\\/www.lange.fr\\\/#website\"},\"primaryImageOfPage\":{\"@id\":\"https:\\\/\\\/www.lange.fr\\\/en\\\/product\\\/huile-de-beaute-tonifiante\\\/#primaryimage\"},\"image\":{\"@id\":\"https:\\\/\\\/www.lange.fr\\\/en\\\/product\\\/huile-de-beaute-tonifiante\\\/#primaryimage\"},\"thumbnailUrl\":\"https:\\\/\\\/www.lange.fr\\\/wp-content\\\/uploads\\\/2019\\\/03\\\/Corps-Huile-de-Beaute\u0301-Tonifiante-Bottle-Ref.-21606-1.jpg\",\"datePublished\":\"2019-03-12T16:04:02+00:00\",\"dateModified\":\"2024-04-23T09:20:12+00:00\",\"breadcrumb\":{\"@id\":\"https:\\\/\\\/www.lange.fr\\\/en\\\/product\\\/huile-de-beaute-tonifiante\\\/#breadcrumb\"},\"inLanguage\":\"en-US\",\"potentialAction\":[{\"@type\":\"ReadAction\",\"target\":[\"https:\\\/\\\/www.lange.fr\\\/en\\\/product\\\/huile-de-beaute-tonifiante\\\/\"]}]},{\"@type\":\"ImageObject\",\"inLanguage\":\"en-US\",\"@id\":\"https:\\\/\\\/www.lange.fr\\\/en\\\/product\\\/huile-de-beaute-tonifiante\\\/#primaryimage\",\"url\":\"https:\\\/\\\/www.lange.fr\\\/wp-content\\\/uploads\\\/2019\\\/03\\\/Corps-Huile-de-Beaute\u0301-Tonifiante-Bottle-Ref.-21606-1.jpg\",\"contentUrl\":\"https:\\\/\\\/www.lange.fr\\\/wp-content\\\/uploads\\\/2019\\\/03\\\/Corps-Huile-de-Beaute\u0301-Tonifiante-Bottle-Ref.-21606-1.jpg\",\"width\":600,\"height\":600},{\"@type\":\"BreadcrumbList\",\"@id\":\"https:\\\/\\\/www.lange.fr\\\/en\\\/product\\\/huile-de-beaute-tonifiante\\\/#breadcrumb\",\"itemListElement\":[{\"@type\":\"ListItem\",\"position\":1,\"name\":\"Home\",\"item\":\"https:\\\/\\\/www.lange.fr\\\/\"},{\"@type\":\"ListItem\",\"position\":2,\"name\":\"Boutique\",\"item\":\"https:\\\/\\\/www.lange.fr\\\/boutique\\\/\"},{\"@type\":\"ListItem\",\"position\":3,\"name\":\"Huile de Beaut\u00e9 Tonifiante\"}]},{\"@type\":\"WebSite\",\"@id\":\"https:\\\/\\\/www.lange.fr\\\/#website\",\"url\":\"https:\\\/\\\/www.lange.fr\\\/\",\"name\":\"Lang\u00e9 - Paris\",\"description\":\"L\u2019ACCENT SUR VOTRE BEAUT\u00c9\",\"publisher\":{\"@id\":\"https:\\\/\\\/www.lange.fr\\\/#organization\"},\"potentialAction\":[{\"@type\":\"SearchAction\",\"target\":{\"@type\":\"EntryPoint\",\"urlTemplate\":\"https:\\\/\\\/www.lange.fr\\\/?s={search_term_string}\"},\"query-input\":{\"@type\":\"PropertyValueSpecification\",\"valueRequired\":true,\"valueName\":\"search_term_string\"}}],\"inLanguage\":\"en-US\"},{\"@type\":\"Organization\",\"@id\":\"https:\\\/\\\/www.lange.fr\\\/#organization\",\"name\":\"Lang\u00e9 - Paris\",\"url\":\"https:\\\/\\\/www.lange.fr\\\/\",\"logo\":{\"@type\":\"ImageObject\",\"inLanguage\":\"en-US\",\"@id\":\"https:\\\/\\\/www.lange.fr\\\/#\\\/schema\\\/logo\\\/image\\\/\",\"url\":\"https:\\\/\\\/www.lange.fr\\\/wp-content\\\/uploads\\\/2024\\\/02\\\/99f7e8d7c7c63f8baea2a9b58e651730.png\",\"contentUrl\":\"https:\\\/\\\/www.lange.fr\\\/wp-content\\\/uploads\\\/2024\\\/02\\\/99f7e8d7c7c63f8baea2a9b58e651730.png\",\"width\":300,\"height\":91,\"caption\":\"Lang\u00e9 - Paris\"},\"image\":{\"@id\":\"https:\\\/\\\/www.lange.fr\\\/#\\\/schema\\\/logo\\\/image\\\/\"}}]}<\/script>\n<!-- \/ Yoast SEO plugin. -->","yoast_head_json":{"title":"Huile de Beaut\u00e9 Tonifiante - Lang\u00e9 - Paris","robots":{"index":"index","follow":"follow","max-snippet":"max-snippet:-1","max-image-preview":"max-image-preview:large","max-video-preview":"max-video-preview:-1"},"canonical":"https:\/\/www.lange.fr\/en\/product\/huile-de-beaute-tonifiante\/","og_locale":"en_US","og_type":"article","og_title":"Huile de Beaut\u00e9 Tonifiante - Lang\u00e9 - Paris","og_description":"Nourrit, d\u00e9stresse et relaxe. Pour un toucher \u201cpeau de p\u00eache\u201d, une peau lisse et des cheveux soyeux et renforc\u00e9s.  Ingr\u00e9dients Actifs : Preparami\u00ae ER, Lipidami\u00ae Centella et Spiruline, Lipolami\u00ae ER et Huile de Tournesol.","og_url":"https:\/\/www.lange.fr\/en\/product\/huile-de-beaute-tonifiante\/","og_site_name":"Lang\u00e9 - Paris","article_modified_time":"2024-04-23T09:20:12+00:00","og_image":[{"width":600,"height":600,"url":"https:\/\/www.lange.fr\/wp-content\/uploads\/2019\/03\/Corps-Huile-de-Beaute\u0301-Tonifiante-Bottle-Ref.-21606-1.jpg","type":"image\/jpeg"}],"twitter_card":"summary_large_image","twitter_misc":{"Est. reading time":"1 minute"},"schema":{"@context":"https:\/\/schema.org","@graph":[{"@type":"WebPage","@id":"https:\/\/www.lange.fr\/en\/product\/huile-de-beaute-tonifiante\/","url":"https:\/\/www.lange.fr\/en\/product\/huile-de-beaute-tonifiante\/","name":"Huile de Beaut\u00e9 Tonifiante - Lang\u00e9 - Paris","isPartOf":{"@id":"https:\/\/www.lange.fr\/#website"},"primaryImageOfPage":{"@id":"https:\/\/www.lange.fr\/en\/product\/huile-de-beaute-tonifiante\/#primaryimage"},"image":{"@id":"https:\/\/www.lange.fr\/en\/product\/huile-de-beaute-tonifiante\/#primaryimage"},"thumbnailUrl":"https:\/\/www.lange.fr\/wp-content\/uploads\/2019\/03\/Corps-Huile-de-Beaute\u0301-Tonifiante-Bottle-Ref.-21606-1.jpg","datePublished":"2019-03-12T16:04:02+00:00","dateModified":"2024-04-23T09:20:12+00:00","breadcrumb":{"@id":"https:\/\/www.lange.fr\/en\/product\/huile-de-beaute-tonifiante\/#breadcrumb"},"inLanguage":"en-US","potentialAction":[{"@type":"ReadAction","target":["https:\/\/www.lange.fr\/en\/product\/huile-de-beaute-tonifiante\/"]}]},{"@type":"ImageObject","inLanguage":"en-US","@id":"https:\/\/www.lange.fr\/en\/product\/huile-de-beaute-tonifiante\/#primaryimage","url":"https:\/\/www.lange.fr\/wp-content\/uploads\/2019\/03\/Corps-Huile-de-Beaute\u0301-Tonifiante-Bottle-Ref.-21606-1.jpg","contentUrl":"https:\/\/www.lange.fr\/wp-content\/uploads\/2019\/03\/Corps-Huile-de-Beaute\u0301-Tonifiante-Bottle-Ref.-21606-1.jpg","width":600,"height":600},{"@type":"BreadcrumbList","@id":"https:\/\/www.lange.fr\/en\/product\/huile-de-beaute-tonifiante\/#breadcrumb","itemListElement":[{"@type":"ListItem","position":1,"name":"Home","item":"https:\/\/www.lange.fr\/"},{"@type":"ListItem","position":2,"name":"Boutique","item":"https:\/\/www.lange.fr\/boutique\/"},{"@type":"ListItem","position":3,"name":"Huile de Beaut\u00e9 Tonifiante"}]},{"@type":"WebSite","@id":"https:\/\/www.lange.fr\/#website","url":"https:\/\/www.lange.fr\/","name":"Lang\u00e9 - Paris","description":"L\u2019ACCENT SUR VOTRE BEAUT\u00c9","publisher":{"@id":"https:\/\/www.lange.fr\/#organization"},"potentialAction":[{"@type":"SearchAction","target":{"@type":"EntryPoint","urlTemplate":"https:\/\/www.lange.fr\/?s={search_term_string}"},"query-input":{"@type":"PropertyValueSpecification","valueRequired":true,"valueName":"search_term_string"}}],"inLanguage":"en-US"},{"@type":"Organization","@id":"https:\/\/www.lange.fr\/#organization","name":"Lang\u00e9 - Paris","url":"https:\/\/www.lange.fr\/","logo":{"@type":"ImageObject","inLanguage":"en-US","@id":"https:\/\/www.lange.fr\/#\/schema\/logo\/image\/","url":"https:\/\/www.lange.fr\/wp-content\/uploads\/2024\/02\/99f7e8d7c7c63f8baea2a9b58e651730.png","contentUrl":"https:\/\/www.lange.fr\/wp-content\/uploads\/2024\/02\/99f7e8d7c7c63f8baea2a9b58e651730.png","width":300,"height":91,"caption":"Lang\u00e9 - Paris"},"image":{"@id":"https:\/\/www.lange.fr\/#\/schema\/logo\/image\/"}}]}},"_links":{"self":[{"href":"https:\/\/www.lange.fr\/en\/wp-json\/wp\/v2\/product\/1310","targetHints":{"allow":["GET"]}}],"collection":[{"href":"https:\/\/www.lange.fr\/en\/wp-json\/wp\/v2\/product"}],"about":[{"href":"https:\/\/www.lange.fr\/en\/wp-json\/wp\/v2\/types\/product"}],"replies":[{"embeddable":true,"href":"https:\/\/www.lange.fr\/en\/wp-json\/wp\/v2\/comments?post=1310"}],"version-history":[{"count":0,"href":"https:\/\/www.lange.fr\/en\/wp-json\/wp\/v2\/product\/1310\/revisions"}],"wp:featuredmedia":[{"embeddable":true,"href":"https:\/\/www.lange.fr\/en\/wp-json\/wp\/v2\/media\/1997"}],"wp:attachment":[{"href":"https:\/\/www.lange.fr\/en\/wp-json\/wp\/v2\/media?parent=1310"}],"wp:term":[{"taxonomy":"product_brand","embeddable":true,"href":"https:\/\/www.lange.fr\/en\/wp-json\/wp\/v2\/product_brand?post=1310"},{"taxonomy":"product_cat","embeddable":true,"href":"https:\/\/www.lange.fr\/en\/wp-json\/wp\/v2\/product_cat?post=1310"},{"taxonomy":"product_tag","embeddable":true,"href":"https:\/\/www.lange.fr\/en\/wp-json\/wp\/v2\/product_tag?post=1310"}],"curies":[{"name":"wp","href":"https:\/\/api.w.org\/{rel}","templated":true}]}}