{"id":1208,"date":"2019-03-12T15:08:24","date_gmt":"2019-03-12T15:08:24","guid":{"rendered":"https:\/\/www.lange.fr\/?post_type=product&#038;p=1208"},"modified":"2025-01-24T08:19:06","modified_gmt":"2025-01-24T08:19:06","slug":"nettoyant-vitalite-extreme","status":"publish","type":"product","link":"https:\/\/www.lange.fr\/en\/product\/nettoyant-vitalite-extreme\/","title":{"rendered":"Extreme Vitality Renewing Cleanser"},"content":{"rendered":"<p>Removes makeup and impurities. Gently revitalizes the skin.<\/p>\n<p>Ref. 2606<\/p>","protected":false},"excerpt":{"rendered":"<p>Removes makeup and impurities. Gently revitalizes the skin.<\/p>","protected":false},"featured_media":13458,"comment_status":"closed","ping_status":"closed","template":"","meta":{"_acf_changed":false},"product_brand":[],"product_cat":[56],"product_tag":[],"class_list":{"0":"post-1208","1":"product","2":"type-product","3":"status-publish","4":"has-post-thumbnail","6":"product_cat-vitalite","8":"first","9":"outofstock","10":"shipping-taxable","11":"purchasable","12":"product-type-simple"},"acf":[],"yoast_head":"<!-- This site is optimized with the Yoast SEO plugin v27.3 - https:\/\/yoast.com\/product\/yoast-seo-wordpress\/ -->\n<title>Nettoyant Vitalit\u00e9 Extr\u00eame R\u00e9g\u00e9n\u00e9rant - Lang\u00e9 - Paris<\/title>\n<meta name=\"robots\" content=\"index, follow, max-snippet:-1, max-image-preview:large, max-video-preview:-1\" \/>\n<link rel=\"canonical\" href=\"http:\/\/www.lange.fr\/en\/product\/nettoyant-vitalite-extreme\/\" \/>\n<meta property=\"og:locale\" content=\"en_US\" \/>\n<meta property=\"og:type\" content=\"article\" \/>\n<meta property=\"og:title\" content=\"Nettoyant Vitalit\u00e9 Extr\u00eame R\u00e9g\u00e9n\u00e9rant - Lang\u00e9 - Paris\" \/>\n<meta property=\"og:description\" content=\"\u00c9limine maquillage et impuret\u00e9s. Revitalise la peau en douceur.\" \/>\n<meta property=\"og:url\" content=\"http:\/\/www.lange.fr\/en\/product\/nettoyant-vitalite-extreme\/\" \/>\n<meta property=\"og:site_name\" content=\"Lang\u00e9 - Paris\" \/>\n<meta property=\"article:modified_time\" content=\"2025-01-24T08:19:06+00:00\" \/>\n<meta property=\"og:image\" content=\"http:\/\/www.lange.fr\/wp-content\/uploads\/2019\/03\/Vitality-Renewing-Cleanser-Ref.-2606-small.jpg\" \/>\n\t<meta property=\"og:image:width\" content=\"591\" \/>\n\t<meta property=\"og:image:height\" content=\"853\" \/>\n\t<meta property=\"og:image:type\" content=\"image\/jpeg\" \/>\n<meta name=\"twitter:card\" content=\"summary_large_image\" \/>\n<meta name=\"twitter:label1\" content=\"Est. reading time\" \/>\n\t<meta name=\"twitter:data1\" content=\"1 minute\" \/>\n<script type=\"application\/ld+json\" class=\"yoast-schema-graph\">{\"@context\":\"https:\\\/\\\/schema.org\",\"@graph\":[{\"@type\":\"WebPage\",\"@id\":\"http:\\\/\\\/www.lange.fr\\\/product\\\/nettoyant-vitalite-extreme\\\/\",\"url\":\"http:\\\/\\\/www.lange.fr\\\/product\\\/nettoyant-vitalite-extreme\\\/\",\"name\":\"Nettoyant Vitalit\u00e9 Extr\u00eame R\u00e9g\u00e9n\u00e9rant - Lang\u00e9 - Paris\",\"isPartOf\":{\"@id\":\"https:\\\/\\\/www.lange.fr\\\/#website\"},\"primaryImageOfPage\":{\"@id\":\"http:\\\/\\\/www.lange.fr\\\/product\\\/nettoyant-vitalite-extreme\\\/#primaryimage\"},\"image\":{\"@id\":\"http:\\\/\\\/www.lange.fr\\\/product\\\/nettoyant-vitalite-extreme\\\/#primaryimage\"},\"thumbnailUrl\":\"https:\\\/\\\/www.lange.fr\\\/wp-content\\\/uploads\\\/2019\\\/03\\\/Vitality-Renewing-Cleanser-Ref.-2606-small.jpg\",\"datePublished\":\"2019-03-12T15:08:24+00:00\",\"dateModified\":\"2025-01-24T08:19:06+00:00\",\"breadcrumb\":{\"@id\":\"http:\\\/\\\/www.lange.fr\\\/product\\\/nettoyant-vitalite-extreme\\\/#breadcrumb\"},\"inLanguage\":\"en-US\",\"potentialAction\":[{\"@type\":\"ReadAction\",\"target\":[\"http:\\\/\\\/www.lange.fr\\\/product\\\/nettoyant-vitalite-extreme\\\/\"]}]},{\"@type\":\"ImageObject\",\"inLanguage\":\"en-US\",\"@id\":\"http:\\\/\\\/www.lange.fr\\\/product\\\/nettoyant-vitalite-extreme\\\/#primaryimage\",\"url\":\"https:\\\/\\\/www.lange.fr\\\/wp-content\\\/uploads\\\/2019\\\/03\\\/Vitality-Renewing-Cleanser-Ref.-2606-small.jpg\",\"contentUrl\":\"https:\\\/\\\/www.lange.fr\\\/wp-content\\\/uploads\\\/2019\\\/03\\\/Vitality-Renewing-Cleanser-Ref.-2606-small.jpg\",\"width\":591,\"height\":853},{\"@type\":\"BreadcrumbList\",\"@id\":\"http:\\\/\\\/www.lange.fr\\\/product\\\/nettoyant-vitalite-extreme\\\/#breadcrumb\",\"itemListElement\":[{\"@type\":\"ListItem\",\"position\":1,\"name\":\"Home\",\"item\":\"https:\\\/\\\/www.lange.fr\\\/\"},{\"@type\":\"ListItem\",\"position\":2,\"name\":\"Boutique\",\"item\":\"https:\\\/\\\/www.lange.fr\\\/boutique\\\/\"},{\"@type\":\"ListItem\",\"position\":3,\"name\":\"Nettoyant Vitalit\u00e9 Extr\u00eame R\u00e9g\u00e9n\u00e9rant\"}]},{\"@type\":\"WebSite\",\"@id\":\"https:\\\/\\\/www.lange.fr\\\/#website\",\"url\":\"https:\\\/\\\/www.lange.fr\\\/\",\"name\":\"Lang\u00e9 - Paris\",\"description\":\"L\u2019ACCENT SUR VOTRE BEAUT\u00c9\",\"publisher\":{\"@id\":\"https:\\\/\\\/www.lange.fr\\\/#organization\"},\"potentialAction\":[{\"@type\":\"SearchAction\",\"target\":{\"@type\":\"EntryPoint\",\"urlTemplate\":\"https:\\\/\\\/www.lange.fr\\\/?s={search_term_string}\"},\"query-input\":{\"@type\":\"PropertyValueSpecification\",\"valueRequired\":true,\"valueName\":\"search_term_string\"}}],\"inLanguage\":\"en-US\"},{\"@type\":\"Organization\",\"@id\":\"https:\\\/\\\/www.lange.fr\\\/#organization\",\"name\":\"Lang\u00e9 - Paris\",\"url\":\"https:\\\/\\\/www.lange.fr\\\/\",\"logo\":{\"@type\":\"ImageObject\",\"inLanguage\":\"en-US\",\"@id\":\"https:\\\/\\\/www.lange.fr\\\/#\\\/schema\\\/logo\\\/image\\\/\",\"url\":\"https:\\\/\\\/www.lange.fr\\\/wp-content\\\/uploads\\\/2024\\\/02\\\/99f7e8d7c7c63f8baea2a9b58e651730.png\",\"contentUrl\":\"https:\\\/\\\/www.lange.fr\\\/wp-content\\\/uploads\\\/2024\\\/02\\\/99f7e8d7c7c63f8baea2a9b58e651730.png\",\"width\":300,\"height\":91,\"caption\":\"Lang\u00e9 - Paris\"},\"image\":{\"@id\":\"https:\\\/\\\/www.lange.fr\\\/#\\\/schema\\\/logo\\\/image\\\/\"}}]}<\/script>\n<!-- \/ Yoast SEO plugin. -->","yoast_head_json":{"title":"Nettoyant Vitalit\u00e9 Extr\u00eame R\u00e9g\u00e9n\u00e9rant - Lang\u00e9 - Paris","robots":{"index":"index","follow":"follow","max-snippet":"max-snippet:-1","max-image-preview":"max-image-preview:large","max-video-preview":"max-video-preview:-1"},"canonical":"http:\/\/www.lange.fr\/en\/product\/nettoyant-vitalite-extreme\/","og_locale":"en_US","og_type":"article","og_title":"Nettoyant Vitalit\u00e9 Extr\u00eame R\u00e9g\u00e9n\u00e9rant - Lang\u00e9 - Paris","og_description":"\u00c9limine maquillage et impuret\u00e9s. Revitalise la peau en douceur.","og_url":"http:\/\/www.lange.fr\/en\/product\/nettoyant-vitalite-extreme\/","og_site_name":"Lang\u00e9 - Paris","article_modified_time":"2025-01-24T08:19:06+00:00","og_image":[{"width":591,"height":853,"url":"http:\/\/www.lange.fr\/wp-content\/uploads\/2019\/03\/Vitality-Renewing-Cleanser-Ref.-2606-small.jpg","type":"image\/jpeg"}],"twitter_card":"summary_large_image","twitter_misc":{"Est. reading time":"1 minute"},"schema":{"@context":"https:\/\/schema.org","@graph":[{"@type":"WebPage","@id":"http:\/\/www.lange.fr\/product\/nettoyant-vitalite-extreme\/","url":"http:\/\/www.lange.fr\/product\/nettoyant-vitalite-extreme\/","name":"Nettoyant Vitalit\u00e9 Extr\u00eame R\u00e9g\u00e9n\u00e9rant - Lang\u00e9 - Paris","isPartOf":{"@id":"https:\/\/www.lange.fr\/#website"},"primaryImageOfPage":{"@id":"http:\/\/www.lange.fr\/product\/nettoyant-vitalite-extreme\/#primaryimage"},"image":{"@id":"http:\/\/www.lange.fr\/product\/nettoyant-vitalite-extreme\/#primaryimage"},"thumbnailUrl":"https:\/\/www.lange.fr\/wp-content\/uploads\/2019\/03\/Vitality-Renewing-Cleanser-Ref.-2606-small.jpg","datePublished":"2019-03-12T15:08:24+00:00","dateModified":"2025-01-24T08:19:06+00:00","breadcrumb":{"@id":"http:\/\/www.lange.fr\/product\/nettoyant-vitalite-extreme\/#breadcrumb"},"inLanguage":"en-US","potentialAction":[{"@type":"ReadAction","target":["http:\/\/www.lange.fr\/product\/nettoyant-vitalite-extreme\/"]}]},{"@type":"ImageObject","inLanguage":"en-US","@id":"http:\/\/www.lange.fr\/product\/nettoyant-vitalite-extreme\/#primaryimage","url":"https:\/\/www.lange.fr\/wp-content\/uploads\/2019\/03\/Vitality-Renewing-Cleanser-Ref.-2606-small.jpg","contentUrl":"https:\/\/www.lange.fr\/wp-content\/uploads\/2019\/03\/Vitality-Renewing-Cleanser-Ref.-2606-small.jpg","width":591,"height":853},{"@type":"BreadcrumbList","@id":"http:\/\/www.lange.fr\/product\/nettoyant-vitalite-extreme\/#breadcrumb","itemListElement":[{"@type":"ListItem","position":1,"name":"Home","item":"https:\/\/www.lange.fr\/"},{"@type":"ListItem","position":2,"name":"Boutique","item":"https:\/\/www.lange.fr\/boutique\/"},{"@type":"ListItem","position":3,"name":"Nettoyant Vitalit\u00e9 Extr\u00eame R\u00e9g\u00e9n\u00e9rant"}]},{"@type":"WebSite","@id":"https:\/\/www.lange.fr\/#website","url":"https:\/\/www.lange.fr\/","name":"Lang\u00e9 - Paris","description":"L\u2019ACCENT SUR VOTRE BEAUT\u00c9","publisher":{"@id":"https:\/\/www.lange.fr\/#organization"},"potentialAction":[{"@type":"SearchAction","target":{"@type":"EntryPoint","urlTemplate":"https:\/\/www.lange.fr\/?s={search_term_string}"},"query-input":{"@type":"PropertyValueSpecification","valueRequired":true,"valueName":"search_term_string"}}],"inLanguage":"en-US"},{"@type":"Organization","@id":"https:\/\/www.lange.fr\/#organization","name":"Lang\u00e9 - Paris","url":"https:\/\/www.lange.fr\/","logo":{"@type":"ImageObject","inLanguage":"en-US","@id":"https:\/\/www.lange.fr\/#\/schema\/logo\/image\/","url":"https:\/\/www.lange.fr\/wp-content\/uploads\/2024\/02\/99f7e8d7c7c63f8baea2a9b58e651730.png","contentUrl":"https:\/\/www.lange.fr\/wp-content\/uploads\/2024\/02\/99f7e8d7c7c63f8baea2a9b58e651730.png","width":300,"height":91,"caption":"Lang\u00e9 - Paris"},"image":{"@id":"https:\/\/www.lange.fr\/#\/schema\/logo\/image\/"}}]}},"_links":{"self":[{"href":"https:\/\/www.lange.fr\/en\/wp-json\/wp\/v2\/product\/1208","targetHints":{"allow":["GET"]}}],"collection":[{"href":"https:\/\/www.lange.fr\/en\/wp-json\/wp\/v2\/product"}],"about":[{"href":"https:\/\/www.lange.fr\/en\/wp-json\/wp\/v2\/types\/product"}],"replies":[{"embeddable":true,"href":"https:\/\/www.lange.fr\/en\/wp-json\/wp\/v2\/comments?post=1208"}],"version-history":[{"count":0,"href":"https:\/\/www.lange.fr\/en\/wp-json\/wp\/v2\/product\/1208\/revisions"}],"wp:featuredmedia":[{"embeddable":true,"href":"https:\/\/www.lange.fr\/en\/wp-json\/wp\/v2\/media\/13458"}],"wp:attachment":[{"href":"https:\/\/www.lange.fr\/en\/wp-json\/wp\/v2\/media?parent=1208"}],"wp:term":[{"taxonomy":"product_brand","embeddable":true,"href":"https:\/\/www.lange.fr\/en\/wp-json\/wp\/v2\/product_brand?post=1208"},{"taxonomy":"product_cat","embeddable":true,"href":"https:\/\/www.lange.fr\/en\/wp-json\/wp\/v2\/product_cat?post=1208"},{"taxonomy":"product_tag","embeddable":true,"href":"https:\/\/www.lange.fr\/en\/wp-json\/wp\/v2\/product_tag?post=1208"}],"curies":[{"name":"wp","href":"https:\/\/api.w.org\/{rel}","templated":true}]}}