{"id":1143,"date":"2019-03-12T14:07:49","date_gmt":"2019-03-12T14:07:49","guid":{"rendered":"https:\/\/www.lange.fr\/?post_type=product&#038;p=1143"},"modified":"2024-10-23T08:30:40","modified_gmt":"2024-10-23T08:30:40","slug":"gel-or-contour-des-yeux","status":"publish","type":"product","link":"https:\/\/www.lange.fr\/en\/product\/gel-or-contour-des-yeux\/","title":{"rendered":"Eye Contour Gold Gel"},"content":{"rendered":"<p>Its lightweight texture absorbs quickly, and its immediate tightening effect visibly helps reduce dark circles and puffiness. Imperfections around the eyes are lifted and firmed. The skin appears hydrated and ready to hold makeup under the eyes.<br \/>\nRef. 23106-3<\/p>","protected":false},"excerpt":{"rendered":"<p>Its lightweight texture absorbs quickly, and its immediate tightening effect visibly helps reduce dark circles and puffiness. Imperfections around the eyes are lifted and firmed. The skin appears hydrated and ready to hold makeup under the eyes.<\/p>","protected":false},"featured_media":2719,"comment_status":"closed","ping_status":"closed","template":"","meta":{"_acf_changed":false},"product_brand":[],"product_cat":[49],"product_tag":[],"class_list":{"0":"post-1143","1":"product","2":"type-product","3":"status-publish","4":"has-post-thumbnail","6":"product_cat-liftant","8":"first","9":"instock","10":"shipping-taxable","11":"purchasable","12":"product-type-simple"},"acf":[],"yoast_head":"<!-- This site is optimized with the Yoast SEO plugin v27.4 - https:\/\/yoast.com\/product\/yoast-seo-wordpress\/ -->\n<title>Gel Or Contour des Yeux - Lang\u00e9 - Paris<\/title>\n<meta name=\"robots\" content=\"index, follow, max-snippet:-1, max-image-preview:large, max-video-preview:-1\" \/>\n<link rel=\"canonical\" href=\"https:\/\/www.lange.fr\/en\/product\/gel-or-contour-des-yeux\/\" \/>\n<meta property=\"og:locale\" content=\"en_US\" \/>\n<meta property=\"og:type\" content=\"article\" \/>\n<meta property=\"og:title\" content=\"Gel Or Contour des Yeux - Lang\u00e9 - Paris\" \/>\n<meta property=\"og:description\" content=\"Sa texture l\u00e9g\u00e8re p\u00e9n\u00e8tre rapidement, son effet tenseur imm\u00e9diat aide la peau \u00e0 r\u00e9duire visiblement les cernes et les poches. Les imperfections du contour des yeux sont lift\u00e9es et raffermies. La peau semble hydrat\u00e9e et pr\u00eate \u00e0 fixer le maquillage sous les yeux.\" \/>\n<meta property=\"og:url\" content=\"https:\/\/www.lange.fr\/en\/product\/gel-or-contour-des-yeux\/\" \/>\n<meta property=\"og:site_name\" content=\"Lang\u00e9 - Paris\" \/>\n<meta property=\"article:modified_time\" content=\"2024-10-23T08:30:40+00:00\" \/>\n<meta property=\"og:image\" content=\"https:\/\/www.lange.fr\/wp-content\/uploads\/2019\/03\/Eye-Contour-Gold-Gel-Ref.-23106-3.png\" \/>\n\t<meta property=\"og:image:width\" content=\"600\" \/>\n\t<meta property=\"og:image:height\" content=\"600\" \/>\n\t<meta property=\"og:image:type\" content=\"image\/png\" \/>\n<meta name=\"twitter:card\" content=\"summary_large_image\" \/>\n<meta name=\"twitter:label1\" content=\"Est. reading time\" \/>\n\t<meta name=\"twitter:data1\" content=\"1 minute\" \/>\n<script type=\"application\/ld+json\" class=\"yoast-schema-graph\">{\"@context\":\"https:\\\/\\\/schema.org\",\"@graph\":[{\"@type\":\"WebPage\",\"@id\":\"https:\\\/\\\/www.lange.fr\\\/en\\\/product\\\/gel-or-contour-des-yeux\\\/\",\"url\":\"https:\\\/\\\/www.lange.fr\\\/en\\\/product\\\/gel-or-contour-des-yeux\\\/\",\"name\":\"Gel Or Contour des Yeux - Lang\u00e9 - Paris\",\"isPartOf\":{\"@id\":\"http:\\\/\\\/www.lange.fr\\\/en\\\/#website\"},\"primaryImageOfPage\":{\"@id\":\"https:\\\/\\\/www.lange.fr\\\/en\\\/product\\\/gel-or-contour-des-yeux\\\/#primaryimage\"},\"image\":{\"@id\":\"https:\\\/\\\/www.lange.fr\\\/en\\\/product\\\/gel-or-contour-des-yeux\\\/#primaryimage\"},\"thumbnailUrl\":\"https:\\\/\\\/www.lange.fr\\\/wp-content\\\/uploads\\\/2019\\\/03\\\/Eye-Contour-Gold-Gel-Ref.-23106-3.png\",\"datePublished\":\"2019-03-12T14:07:49+00:00\",\"dateModified\":\"2024-10-23T08:30:40+00:00\",\"breadcrumb\":{\"@id\":\"https:\\\/\\\/www.lange.fr\\\/en\\\/product\\\/gel-or-contour-des-yeux\\\/#breadcrumb\"},\"inLanguage\":\"en-US\",\"potentialAction\":[{\"@type\":\"ReadAction\",\"target\":[\"https:\\\/\\\/www.lange.fr\\\/en\\\/product\\\/gel-or-contour-des-yeux\\\/\"]}]},{\"@type\":\"ImageObject\",\"inLanguage\":\"en-US\",\"@id\":\"https:\\\/\\\/www.lange.fr\\\/en\\\/product\\\/gel-or-contour-des-yeux\\\/#primaryimage\",\"url\":\"https:\\\/\\\/www.lange.fr\\\/wp-content\\\/uploads\\\/2019\\\/03\\\/Eye-Contour-Gold-Gel-Ref.-23106-3.png\",\"contentUrl\":\"https:\\\/\\\/www.lange.fr\\\/wp-content\\\/uploads\\\/2019\\\/03\\\/Eye-Contour-Gold-Gel-Ref.-23106-3.png\",\"width\":600,\"height\":600},{\"@type\":\"BreadcrumbList\",\"@id\":\"https:\\\/\\\/www.lange.fr\\\/en\\\/product\\\/gel-or-contour-des-yeux\\\/#breadcrumb\",\"itemListElement\":[{\"@type\":\"ListItem\",\"position\":1,\"name\":\"Home\",\"item\":\"http:\\\/\\\/www.lange.fr\\\/en\\\/\"},{\"@type\":\"ListItem\",\"position\":2,\"name\":\"Boutique\",\"item\":\"http:\\\/\\\/www.lange.fr\\\/en\\\/boutique\\\/\"},{\"@type\":\"ListItem\",\"position\":3,\"name\":\"Gel Or Contour des Yeux\"}]},{\"@type\":\"WebSite\",\"@id\":\"http:\\\/\\\/www.lange.fr\\\/en\\\/#website\",\"url\":\"http:\\\/\\\/www.lange.fr\\\/en\\\/\",\"name\":\"Lang\u00e9 - Paris\",\"description\":\"L\u2019ACCENT SUR VOTRE BEAUT\u00c9\",\"publisher\":{\"@id\":\"http:\\\/\\\/www.lange.fr\\\/en\\\/#organization\"},\"potentialAction\":[{\"@type\":\"SearchAction\",\"target\":{\"@type\":\"EntryPoint\",\"urlTemplate\":\"http:\\\/\\\/www.lange.fr\\\/en\\\/?s={search_term_string}\"},\"query-input\":{\"@type\":\"PropertyValueSpecification\",\"valueRequired\":true,\"valueName\":\"search_term_string\"}}],\"inLanguage\":\"en-US\"},{\"@type\":\"Organization\",\"@id\":\"http:\\\/\\\/www.lange.fr\\\/en\\\/#organization\",\"name\":\"Lang\u00e9 - Paris\",\"url\":\"http:\\\/\\\/www.lange.fr\\\/en\\\/\",\"logo\":{\"@type\":\"ImageObject\",\"inLanguage\":\"en-US\",\"@id\":\"http:\\\/\\\/www.lange.fr\\\/en\\\/#\\\/schema\\\/logo\\\/image\\\/\",\"url\":\"https:\\\/\\\/www.lange.fr\\\/wp-content\\\/uploads\\\/2024\\\/02\\\/99f7e8d7c7c63f8baea2a9b58e651730.png\",\"contentUrl\":\"https:\\\/\\\/www.lange.fr\\\/wp-content\\\/uploads\\\/2024\\\/02\\\/99f7e8d7c7c63f8baea2a9b58e651730.png\",\"width\":300,\"height\":91,\"caption\":\"Lang\u00e9 - Paris\"},\"image\":{\"@id\":\"http:\\\/\\\/www.lange.fr\\\/en\\\/#\\\/schema\\\/logo\\\/image\\\/\"}}]}<\/script>\n<!-- \/ Yoast SEO plugin. -->","yoast_head_json":{"title":"Gel Or Contour des Yeux - Lang\u00e9 - Paris","robots":{"index":"index","follow":"follow","max-snippet":"max-snippet:-1","max-image-preview":"max-image-preview:large","max-video-preview":"max-video-preview:-1"},"canonical":"https:\/\/www.lange.fr\/en\/product\/gel-or-contour-des-yeux\/","og_locale":"en_US","og_type":"article","og_title":"Gel Or Contour des Yeux - Lang\u00e9 - Paris","og_description":"Sa texture l\u00e9g\u00e8re p\u00e9n\u00e8tre rapidement, son effet tenseur imm\u00e9diat aide la peau \u00e0 r\u00e9duire visiblement les cernes et les poches. Les imperfections du contour des yeux sont lift\u00e9es et raffermies. La peau semble hydrat\u00e9e et pr\u00eate \u00e0 fixer le maquillage sous les yeux.","og_url":"https:\/\/www.lange.fr\/en\/product\/gel-or-contour-des-yeux\/","og_site_name":"Lang\u00e9 - Paris","article_modified_time":"2024-10-23T08:30:40+00:00","og_image":[{"width":600,"height":600,"url":"https:\/\/www.lange.fr\/wp-content\/uploads\/2019\/03\/Eye-Contour-Gold-Gel-Ref.-23106-3.png","type":"image\/png"}],"twitter_card":"summary_large_image","twitter_misc":{"Est. reading time":"1 minute"},"schema":{"@context":"https:\/\/schema.org","@graph":[{"@type":"WebPage","@id":"https:\/\/www.lange.fr\/en\/product\/gel-or-contour-des-yeux\/","url":"https:\/\/www.lange.fr\/en\/product\/gel-or-contour-des-yeux\/","name":"Gel Or Contour des Yeux - Lang\u00e9 - Paris","isPartOf":{"@id":"http:\/\/www.lange.fr\/en\/#website"},"primaryImageOfPage":{"@id":"https:\/\/www.lange.fr\/en\/product\/gel-or-contour-des-yeux\/#primaryimage"},"image":{"@id":"https:\/\/www.lange.fr\/en\/product\/gel-or-contour-des-yeux\/#primaryimage"},"thumbnailUrl":"https:\/\/www.lange.fr\/wp-content\/uploads\/2019\/03\/Eye-Contour-Gold-Gel-Ref.-23106-3.png","datePublished":"2019-03-12T14:07:49+00:00","dateModified":"2024-10-23T08:30:40+00:00","breadcrumb":{"@id":"https:\/\/www.lange.fr\/en\/product\/gel-or-contour-des-yeux\/#breadcrumb"},"inLanguage":"en-US","potentialAction":[{"@type":"ReadAction","target":["https:\/\/www.lange.fr\/en\/product\/gel-or-contour-des-yeux\/"]}]},{"@type":"ImageObject","inLanguage":"en-US","@id":"https:\/\/www.lange.fr\/en\/product\/gel-or-contour-des-yeux\/#primaryimage","url":"https:\/\/www.lange.fr\/wp-content\/uploads\/2019\/03\/Eye-Contour-Gold-Gel-Ref.-23106-3.png","contentUrl":"https:\/\/www.lange.fr\/wp-content\/uploads\/2019\/03\/Eye-Contour-Gold-Gel-Ref.-23106-3.png","width":600,"height":600},{"@type":"BreadcrumbList","@id":"https:\/\/www.lange.fr\/en\/product\/gel-or-contour-des-yeux\/#breadcrumb","itemListElement":[{"@type":"ListItem","position":1,"name":"Home","item":"http:\/\/www.lange.fr\/en\/"},{"@type":"ListItem","position":2,"name":"Boutique","item":"http:\/\/www.lange.fr\/en\/boutique\/"},{"@type":"ListItem","position":3,"name":"Gel Or Contour des Yeux"}]},{"@type":"WebSite","@id":"http:\/\/www.lange.fr\/en\/#website","url":"http:\/\/www.lange.fr\/en\/","name":"Lang\u00e9 - Paris","description":"L\u2019ACCENT SUR VOTRE BEAUT\u00c9","publisher":{"@id":"http:\/\/www.lange.fr\/en\/#organization"},"potentialAction":[{"@type":"SearchAction","target":{"@type":"EntryPoint","urlTemplate":"http:\/\/www.lange.fr\/en\/?s={search_term_string}"},"query-input":{"@type":"PropertyValueSpecification","valueRequired":true,"valueName":"search_term_string"}}],"inLanguage":"en-US"},{"@type":"Organization","@id":"http:\/\/www.lange.fr\/en\/#organization","name":"Lang\u00e9 - Paris","url":"http:\/\/www.lange.fr\/en\/","logo":{"@type":"ImageObject","inLanguage":"en-US","@id":"http:\/\/www.lange.fr\/en\/#\/schema\/logo\/image\/","url":"https:\/\/www.lange.fr\/wp-content\/uploads\/2024\/02\/99f7e8d7c7c63f8baea2a9b58e651730.png","contentUrl":"https:\/\/www.lange.fr\/wp-content\/uploads\/2024\/02\/99f7e8d7c7c63f8baea2a9b58e651730.png","width":300,"height":91,"caption":"Lang\u00e9 - Paris"},"image":{"@id":"http:\/\/www.lange.fr\/en\/#\/schema\/logo\/image\/"}}]}},"_links":{"self":[{"href":"https:\/\/www.lange.fr\/en\/wp-json\/wp\/v2\/product\/1143","targetHints":{"allow":["GET"]}}],"collection":[{"href":"https:\/\/www.lange.fr\/en\/wp-json\/wp\/v2\/product"}],"about":[{"href":"https:\/\/www.lange.fr\/en\/wp-json\/wp\/v2\/types\/product"}],"replies":[{"embeddable":true,"href":"https:\/\/www.lange.fr\/en\/wp-json\/wp\/v2\/comments?post=1143"}],"version-history":[{"count":0,"href":"https:\/\/www.lange.fr\/en\/wp-json\/wp\/v2\/product\/1143\/revisions"}],"wp:featuredmedia":[{"embeddable":true,"href":"https:\/\/www.lange.fr\/en\/wp-json\/wp\/v2\/media\/2719"}],"wp:attachment":[{"href":"https:\/\/www.lange.fr\/en\/wp-json\/wp\/v2\/media?parent=1143"}],"wp:term":[{"taxonomy":"product_brand","embeddable":true,"href":"https:\/\/www.lange.fr\/en\/wp-json\/wp\/v2\/product_brand?post=1143"},{"taxonomy":"product_cat","embeddable":true,"href":"https:\/\/www.lange.fr\/en\/wp-json\/wp\/v2\/product_cat?post=1143"},{"taxonomy":"product_tag","embeddable":true,"href":"https:\/\/www.lange.fr\/en\/wp-json\/wp\/v2\/product_tag?post=1143"}],"curies":[{"name":"wp","href":"https:\/\/api.w.org\/{rel}","templated":true}]}}