{"id":1105,"date":"2019-03-12T13:20:19","date_gmt":"2019-03-12T13:20:19","guid":{"rendered":"https:\/\/www.lange.fr\/?post_type=product&#038;p=1105"},"modified":"2024-10-22T13:06:55","modified_gmt":"2024-10-22T13:06:55","slug":"serum-hydratant-hydra-global","status":"publish","type":"product","link":"https:\/\/www.lange.fr\/en\/product\/serum-hydratant-hydra-global\/","title":{"rendered":"Hydra-Global Intensive Serum"},"content":{"rendered":"<p>Enriched with active ingredients, this lightweight, fast-absorbing serum leaves the skin intensely supple and hydrated. Signs of aging are diminished. The face appears visibly younger.<\/p>\n<p>Ref. 29715<\/p>","protected":false},"excerpt":{"rendered":"<p>Enriched with active ingredients, this lightweight, fast-absorbing serum leaves the skin intensely supple and hydrated. Signs of aging are diminished. The face appears visibly younger.<\/p>","protected":false},"featured_media":2711,"comment_status":"closed","ping_status":"closed","template":"","meta":{"_acf_changed":false},"product_brand":[],"product_cat":[42],"product_tag":[],"class_list":{"0":"post-1105","1":"product","2":"type-product","3":"status-publish","4":"has-post-thumbnail","6":"product_cat-hydratant","8":"first","9":"instock","10":"shipping-taxable","11":"purchasable","12":"product-type-simple"},"acf":[],"yoast_head":"<!-- This site is optimized with the Yoast SEO plugin v27.5 - https:\/\/yoast.com\/product\/yoast-seo-wordpress\/ -->\n<title>S\u00e9rum Intense Hydra-global - Lang\u00e9 - Paris<\/title>\n<meta name=\"robots\" content=\"index, follow, max-snippet:-1, max-image-preview:large, max-video-preview:-1\" \/>\n<link rel=\"canonical\" href=\"http:\/\/www.lange.fr\/en\/product\/serum-hydratant-hydra-global\/\" \/>\n<meta property=\"og:locale\" content=\"en_US\" \/>\n<meta property=\"og:type\" content=\"article\" \/>\n<meta property=\"og:title\" content=\"S\u00e9rum Intense Hydra-global - Lang\u00e9 - Paris\" \/>\n<meta property=\"og:description\" content=\"Enrichi en actifs, ce s\u00e9rum \u00e0 la texture l\u00e9g\u00e8re et \u00e0 absorption rapide apporte un sensation de souplesse et d&#039;hydratation. Les signes de l&#039;\u00e2ge sont att\u00e9nu\u00e9s. La peau est douce et \u00e9clatante, le teint est frais et lumineux.\" \/>\n<meta property=\"og:url\" content=\"http:\/\/www.lange.fr\/en\/product\/serum-hydratant-hydra-global\/\" \/>\n<meta property=\"og:site_name\" content=\"Lang\u00e9 - Paris\" \/>\n<meta property=\"article:modified_time\" content=\"2024-10-22T13:06:55+00:00\" \/>\n<meta property=\"og:image\" content=\"http:\/\/www.lange.fr\/wp-content\/uploads\/2019\/03\/Hydra-Global-Intensive-Serum-Ref.-29715.png\" \/>\n\t<meta property=\"og:image:width\" content=\"600\" \/>\n\t<meta property=\"og:image:height\" content=\"600\" \/>\n\t<meta property=\"og:image:type\" content=\"image\/png\" \/>\n<meta name=\"twitter:card\" content=\"summary_large_image\" \/>\n<meta name=\"twitter:label1\" content=\"Est. reading time\" \/>\n\t<meta name=\"twitter:data1\" content=\"1 minute\" \/>\n<script type=\"application\/ld+json\" class=\"yoast-schema-graph\">{\"@context\":\"https:\\\/\\\/schema.org\",\"@graph\":[{\"@type\":\"WebPage\",\"@id\":\"http:\\\/\\\/www.lange.fr\\\/product\\\/serum-hydratant-hydra-global\\\/\",\"url\":\"http:\\\/\\\/www.lange.fr\\\/product\\\/serum-hydratant-hydra-global\\\/\",\"name\":\"S\u00e9rum Intense Hydra-global - Lang\u00e9 - Paris\",\"isPartOf\":{\"@id\":\"http:\\\/\\\/www.lange.fr\\\/#website\"},\"primaryImageOfPage\":{\"@id\":\"http:\\\/\\\/www.lange.fr\\\/product\\\/serum-hydratant-hydra-global\\\/#primaryimage\"},\"image\":{\"@id\":\"http:\\\/\\\/www.lange.fr\\\/product\\\/serum-hydratant-hydra-global\\\/#primaryimage\"},\"thumbnailUrl\":\"https:\\\/\\\/www.lange.fr\\\/wp-content\\\/uploads\\\/2019\\\/03\\\/Hydra-Global-Intensive-Serum-Ref.-29715.png\",\"datePublished\":\"2019-03-12T13:20:19+00:00\",\"dateModified\":\"2024-10-22T13:06:55+00:00\",\"breadcrumb\":{\"@id\":\"http:\\\/\\\/www.lange.fr\\\/product\\\/serum-hydratant-hydra-global\\\/#breadcrumb\"},\"inLanguage\":\"en-US\",\"potentialAction\":[{\"@type\":\"ReadAction\",\"target\":[\"http:\\\/\\\/www.lange.fr\\\/product\\\/serum-hydratant-hydra-global\\\/\"]}]},{\"@type\":\"ImageObject\",\"inLanguage\":\"en-US\",\"@id\":\"http:\\\/\\\/www.lange.fr\\\/product\\\/serum-hydratant-hydra-global\\\/#primaryimage\",\"url\":\"https:\\\/\\\/www.lange.fr\\\/wp-content\\\/uploads\\\/2019\\\/03\\\/Hydra-Global-Intensive-Serum-Ref.-29715.png\",\"contentUrl\":\"https:\\\/\\\/www.lange.fr\\\/wp-content\\\/uploads\\\/2019\\\/03\\\/Hydra-Global-Intensive-Serum-Ref.-29715.png\",\"width\":600,\"height\":600},{\"@type\":\"BreadcrumbList\",\"@id\":\"http:\\\/\\\/www.lange.fr\\\/product\\\/serum-hydratant-hydra-global\\\/#breadcrumb\",\"itemListElement\":[{\"@type\":\"ListItem\",\"position\":1,\"name\":\"Home\",\"item\":\"http:\\\/\\\/www.lange.fr\\\/\"},{\"@type\":\"ListItem\",\"position\":2,\"name\":\"Boutique\",\"item\":\"http:\\\/\\\/www.lange.fr\\\/boutique\\\/\"},{\"@type\":\"ListItem\",\"position\":3,\"name\":\"S\u00e9rum Intense Hydra-global\"}]},{\"@type\":\"WebSite\",\"@id\":\"http:\\\/\\\/www.lange.fr\\\/#website\",\"url\":\"http:\\\/\\\/www.lange.fr\\\/\",\"name\":\"Lang\u00e9 - Paris\",\"description\":\"L\u2019ACCENT SUR VOTRE BEAUT\u00c9\",\"publisher\":{\"@id\":\"http:\\\/\\\/www.lange.fr\\\/#organization\"},\"potentialAction\":[{\"@type\":\"SearchAction\",\"target\":{\"@type\":\"EntryPoint\",\"urlTemplate\":\"http:\\\/\\\/www.lange.fr\\\/?s={search_term_string}\"},\"query-input\":{\"@type\":\"PropertyValueSpecification\",\"valueRequired\":true,\"valueName\":\"search_term_string\"}}],\"inLanguage\":\"en-US\"},{\"@type\":\"Organization\",\"@id\":\"http:\\\/\\\/www.lange.fr\\\/#organization\",\"name\":\"Lang\u00e9 - Paris\",\"url\":\"http:\\\/\\\/www.lange.fr\\\/\",\"logo\":{\"@type\":\"ImageObject\",\"inLanguage\":\"en-US\",\"@id\":\"http:\\\/\\\/www.lange.fr\\\/#\\\/schema\\\/logo\\\/image\\\/\",\"url\":\"https:\\\/\\\/www.lange.fr\\\/wp-content\\\/uploads\\\/2024\\\/02\\\/99f7e8d7c7c63f8baea2a9b58e651730.png\",\"contentUrl\":\"https:\\\/\\\/www.lange.fr\\\/wp-content\\\/uploads\\\/2024\\\/02\\\/99f7e8d7c7c63f8baea2a9b58e651730.png\",\"width\":300,\"height\":91,\"caption\":\"Lang\u00e9 - Paris\"},\"image\":{\"@id\":\"http:\\\/\\\/www.lange.fr\\\/#\\\/schema\\\/logo\\\/image\\\/\"}}]}<\/script>\n<!-- \/ Yoast SEO plugin. -->","yoast_head_json":{"title":"S\u00e9rum Intense Hydra-global - Lang\u00e9 - Paris","robots":{"index":"index","follow":"follow","max-snippet":"max-snippet:-1","max-image-preview":"max-image-preview:large","max-video-preview":"max-video-preview:-1"},"canonical":"http:\/\/www.lange.fr\/en\/product\/serum-hydratant-hydra-global\/","og_locale":"en_US","og_type":"article","og_title":"S\u00e9rum Intense Hydra-global - Lang\u00e9 - Paris","og_description":"Enrichi en actifs, ce s\u00e9rum \u00e0 la texture l\u00e9g\u00e8re et \u00e0 absorption rapide apporte un sensation de souplesse et d'hydratation. Les signes de l'\u00e2ge sont att\u00e9nu\u00e9s. La peau est douce et \u00e9clatante, le teint est frais et lumineux.","og_url":"http:\/\/www.lange.fr\/en\/product\/serum-hydratant-hydra-global\/","og_site_name":"Lang\u00e9 - Paris","article_modified_time":"2024-10-22T13:06:55+00:00","og_image":[{"width":600,"height":600,"url":"http:\/\/www.lange.fr\/wp-content\/uploads\/2019\/03\/Hydra-Global-Intensive-Serum-Ref.-29715.png","type":"image\/png"}],"twitter_card":"summary_large_image","twitter_misc":{"Est. reading time":"1 minute"},"schema":{"@context":"https:\/\/schema.org","@graph":[{"@type":"WebPage","@id":"http:\/\/www.lange.fr\/product\/serum-hydratant-hydra-global\/","url":"http:\/\/www.lange.fr\/product\/serum-hydratant-hydra-global\/","name":"S\u00e9rum Intense Hydra-global - Lang\u00e9 - Paris","isPartOf":{"@id":"http:\/\/www.lange.fr\/#website"},"primaryImageOfPage":{"@id":"http:\/\/www.lange.fr\/product\/serum-hydratant-hydra-global\/#primaryimage"},"image":{"@id":"http:\/\/www.lange.fr\/product\/serum-hydratant-hydra-global\/#primaryimage"},"thumbnailUrl":"https:\/\/www.lange.fr\/wp-content\/uploads\/2019\/03\/Hydra-Global-Intensive-Serum-Ref.-29715.png","datePublished":"2019-03-12T13:20:19+00:00","dateModified":"2024-10-22T13:06:55+00:00","breadcrumb":{"@id":"http:\/\/www.lange.fr\/product\/serum-hydratant-hydra-global\/#breadcrumb"},"inLanguage":"en-US","potentialAction":[{"@type":"ReadAction","target":["http:\/\/www.lange.fr\/product\/serum-hydratant-hydra-global\/"]}]},{"@type":"ImageObject","inLanguage":"en-US","@id":"http:\/\/www.lange.fr\/product\/serum-hydratant-hydra-global\/#primaryimage","url":"https:\/\/www.lange.fr\/wp-content\/uploads\/2019\/03\/Hydra-Global-Intensive-Serum-Ref.-29715.png","contentUrl":"https:\/\/www.lange.fr\/wp-content\/uploads\/2019\/03\/Hydra-Global-Intensive-Serum-Ref.-29715.png","width":600,"height":600},{"@type":"BreadcrumbList","@id":"http:\/\/www.lange.fr\/product\/serum-hydratant-hydra-global\/#breadcrumb","itemListElement":[{"@type":"ListItem","position":1,"name":"Home","item":"http:\/\/www.lange.fr\/"},{"@type":"ListItem","position":2,"name":"Boutique","item":"http:\/\/www.lange.fr\/boutique\/"},{"@type":"ListItem","position":3,"name":"S\u00e9rum Intense Hydra-global"}]},{"@type":"WebSite","@id":"http:\/\/www.lange.fr\/#website","url":"http:\/\/www.lange.fr\/","name":"Lang\u00e9 - Paris","description":"L\u2019ACCENT SUR VOTRE BEAUT\u00c9","publisher":{"@id":"http:\/\/www.lange.fr\/#organization"},"potentialAction":[{"@type":"SearchAction","target":{"@type":"EntryPoint","urlTemplate":"http:\/\/www.lange.fr\/?s={search_term_string}"},"query-input":{"@type":"PropertyValueSpecification","valueRequired":true,"valueName":"search_term_string"}}],"inLanguage":"en-US"},{"@type":"Organization","@id":"http:\/\/www.lange.fr\/#organization","name":"Lang\u00e9 - Paris","url":"http:\/\/www.lange.fr\/","logo":{"@type":"ImageObject","inLanguage":"en-US","@id":"http:\/\/www.lange.fr\/#\/schema\/logo\/image\/","url":"https:\/\/www.lange.fr\/wp-content\/uploads\/2024\/02\/99f7e8d7c7c63f8baea2a9b58e651730.png","contentUrl":"https:\/\/www.lange.fr\/wp-content\/uploads\/2024\/02\/99f7e8d7c7c63f8baea2a9b58e651730.png","width":300,"height":91,"caption":"Lang\u00e9 - Paris"},"image":{"@id":"http:\/\/www.lange.fr\/#\/schema\/logo\/image\/"}}]}},"_links":{"self":[{"href":"https:\/\/www.lange.fr\/en\/wp-json\/wp\/v2\/product\/1105","targetHints":{"allow":["GET"]}}],"collection":[{"href":"https:\/\/www.lange.fr\/en\/wp-json\/wp\/v2\/product"}],"about":[{"href":"https:\/\/www.lange.fr\/en\/wp-json\/wp\/v2\/types\/product"}],"replies":[{"embeddable":true,"href":"https:\/\/www.lange.fr\/en\/wp-json\/wp\/v2\/comments?post=1105"}],"version-history":[{"count":0,"href":"https:\/\/www.lange.fr\/en\/wp-json\/wp\/v2\/product\/1105\/revisions"}],"wp:featuredmedia":[{"embeddable":true,"href":"https:\/\/www.lange.fr\/en\/wp-json\/wp\/v2\/media\/2711"}],"wp:attachment":[{"href":"https:\/\/www.lange.fr\/en\/wp-json\/wp\/v2\/media?parent=1105"}],"wp:term":[{"taxonomy":"product_brand","embeddable":true,"href":"https:\/\/www.lange.fr\/en\/wp-json\/wp\/v2\/product_brand?post=1105"},{"taxonomy":"product_cat","embeddable":true,"href":"https:\/\/www.lange.fr\/en\/wp-json\/wp\/v2\/product_cat?post=1105"},{"taxonomy":"product_tag","embeddable":true,"href":"https:\/\/www.lange.fr\/en\/wp-json\/wp\/v2\/product_tag?post=1105"}],"curies":[{"name":"wp","href":"https:\/\/api.w.org\/{rel}","templated":true}]}}