{"id":2235,"date":"2021-10-29T14:48:47","date_gmt":"2021-10-29T14:48:47","guid":{"rendered":"https:\/\/www.lange.fr\/?page_id=2235"},"modified":"2024-03-05T15:16:57","modified_gmt":"2024-03-05T15:16:57","slug":"mentions-legales","status":"publish","type":"page","link":"https:\/\/www.lange.fr\/en\/mentions-legales\/","title":{"rendered":"Mentions L\u00e9gales"},"content":{"rendered":"<div data-elementor-type=\"wp-page\" data-elementor-id=\"2235\" class=\"elementor elementor-2235\" data-elementor-post-type=\"page\">\n\t\t\t\t<div class=\"elementor-element elementor-element-86ad67f e-flex e-con-boxed e-con e-parent\" data-id=\"86ad67f\" data-element_type=\"container\" data-e-type=\"container\">\n\t\t\t\t\t<div class=\"e-con-inner\">\n\t\t\t\t\t<\/div>\n\t\t\t\t<\/div>\n\t\t<div class=\"elementor-element elementor-element-735d72f e-flex e-con-boxed e-con e-parent\" data-id=\"735d72f\" data-element_type=\"container\" data-e-type=\"container\">\n\t\t\t\t\t<div class=\"e-con-inner\">\n\t\t\t\t<div class=\"elementor-element elementor-element-6efddcf0 elementor-widget elementor-widget-text-editor\" data-id=\"6efddcf0\" data-element_type=\"widget\" data-e-type=\"widget\" data-widget_type=\"text-editor.default\">\n\t\t\t\t<div class=\"elementor-widget-container\">\n\t\t\t\t\t\t\t\t\t<h2 style=\"text-align: left;\"><b>A propos<\/b><\/h2><p><span style=\"font-weight: 400;\">LANGE est heureux de vous accueillir sur son site Internet, accessible \u00e0 l&rsquo;adresse URL suivante : http:\/\/www.lange.fr.<\/span><span style=\"font-weight: 400;\"><br \/><\/span><span style=\"font-weight: 400;\">En ayant acc\u00e8s au Site, l&rsquo;internaute naviguant sur le Site (ci-apr\u00e8s d\u00e9sign\u00e9 \u201c l&rsquo;Utilisateur \u00ab\u00a0) s&rsquo;engage \u00e0 respecter et \u00e0 se conformer aux conditions d&rsquo;utilisation telles que d\u00e9finies ci-dessous.<\/span><\/p><h2 style=\"text-align: left;\"><b>Droits de propri\u00e9t\u00e9 intellectuelle et industrielle <\/b><b>attach\u00e9s au Site<\/b><\/h2><p><span style=\"font-weight: 400;\">Le Site est une \u0153uvre de l&rsquo;esprit prot\u00e9g\u00e9e par le droit de la propri\u00e9t\u00e9 intellectuelle. Le site et chacun des \u00e9l\u00e9ments qui le composent (tels que marques, logos, photographies, images, illustrations, textes, clips vid\u00e9o&#8230;) sont la propri\u00e9t\u00e9 exclusive de la soci\u00e9t\u00e9 LANGE SAS, propri\u00e9taire de la marque LANGE\u00ae. LANGE SAS est une soci\u00e9t\u00e9 par actions simplifi\u00e9e dont le si\u00e8ge social est sis au 25, Boulevard des Italiens &#8211; 75002 Paris, inscrite au Registre du Commerce et des Soci\u00e9t\u00e9s de Nanterre sous le num\u00e9ro 479 372 518, seule habilit\u00e9e \u00e0 utiliser les droits de la propri\u00e9t\u00e9 intellectuelle et droits de la personnalit\u00e9 afferents \u00e0 la marque LANGE\u00ae, et \u00a0ne conc\u00e9dant aucune licence, ni aucun autre droit que celui de consulter le site.<\/span><span style=\"font-weight: 400;\"><br \/><\/span><span style=\"font-weight: 400;\">La reproduction de tous documents publi\u00e9s sur le Site est seulement autoris\u00e9e aux fins exclusives d&rsquo;information pour un usage strictement personnel et priv\u00e9.<\/span><span style=\"font-weight: 400;\"><br \/><\/span><span style=\"font-weight: 400;\">Toute reproduction ou repr\u00e9sentation, int\u00e9grale ou partielle, du site, ou de l&rsquo;un quelconque des \u00e9l\u00e9ments qui le compose, sur quelque support que ce soit, \u00e0 d&rsquo;autres fins, et notamment commerciales, est express\u00e9ment interdite.<\/span><span style=\"font-weight: 400;\"><br \/><\/span><span style=\"font-weight: 400;\">La cr\u00e9ation de liens hypertextes vers le Site ne peut \u00eatre faite qu&rsquo;avec l&rsquo;autorisation \u00e9crite et pr\u00e9alable de LANGE SAS. LANGE SAS d\u00e9cline toute responsabilit\u00e9 concernant le contenu, la publicit\u00e9, les produits ou les services disponibles sur ou \u00e0 partir des sites li\u00e9s \u00e0 son Site.<\/span><span style=\"font-weight: 400;\"><br \/><\/span><span style=\"font-weight: 400;\">Pour toute demande d&rsquo;autorisation, contactez-nous par email : info@lange.fr<\/span><span style=\"font-weight: 400;\"><br \/><\/span><span style=\"font-weight: 400;\">Toute utilisation non autoris\u00e9e constitue une contrefa\u00e7on sanctionn\u00e9e p\u00e9nalement.<\/span><\/p><h2><b>Donn\u00e9es personnelles<\/b><\/h2><div class=\"Elements__ContentHeading-sc-xuz5b0-5 bcRAtl\"><div class=\"Widget__WidgetTitle-sc-zhn46e-6 iwQBra\">La qualit\u00e9 de votre exp\u00e9rience d\u00e9pend de vos choix<\/div><\/div><div class=\"Elements__CookieMessage-sc-xuz5b0-4 elIUs\"><p>Lorsque vous consultez notre site, des cookies sont d\u00e9pos\u00e9s sur votre ordinateur, votre mobile ou votre tablette. Ceux-ci nous permettent de faciliter la navigation, de d\u00e9tecter d&rsquo;\u00e9ventuels probl\u00e8mes et d&rsquo;y rem\u00e9dier. Nous vous laissons la possibilit\u00e9 de param\u00e9trer votre consentement aux diff\u00e9rentes typologies de cookies.<\/p><\/div><h2><strong>COLLECTE ET UTILISATION DES DONNEES<\/strong><\/h2><p><span style=\"font-weight: 400;\">La Soci\u00e9t\u00e9 peut \u00eatre amen\u00e9e \u00e0 recueillir des donn\u00e9es personnelles concernant l\u2019utilisateur dans le cadre de sa navigation sur le site. La Soci\u00e9t\u00e9 s\u2019engage \u00e0 ne collecter que les donn\u00e9es n\u00e9cessaires \u00e0 la r\u00e9alisation des finalit\u00e9s pour lesquelles elles sont trait\u00e9es.<\/span><\/p><p><span style=\"font-weight: 400;\">Selon les cas, ces traitements sont mis en \u0153uvre par la Soci\u00e9t\u00e9 si l\u2019utilisateur y consent, si ces traitements sont n\u00e9cessaires pour l\u2019ex\u00e9cution du contrat liant l\u2019utilisateur \u00e0 la Soci\u00e9t\u00e9, s\u2019ils r\u00e9pondent \u00e0 un int\u00e9r\u00eat l\u00e9gitime de la Soci\u00e9t\u00e9 ou pour se conformer \u00e0 la l\u00e9gislation en vigueur.<\/span><\/p><p><span style=\"font-weight: 400;\">Les traitements mis en \u0153uvre par la Soci\u00e9t\u00e9 ont notamment pour finalit\u00e9 de :<\/span><\/p><p><span style=\"font-weight: 400;\">&#8211; permettre la navigation sur le site,<\/span><\/p><p><span style=\"font-weight: 400;\">&#8211; fournir \u00e0 l\u2019utilisateur l\u2019ensemble des services accessibles via le site,<\/span><\/p><p><span style=\"font-weight: 400;\">&#8211; cr\u00e9er et g\u00e9rer le compte de l\u2019utilisateur,<\/span><\/p><p><span style=\"font-weight: 400;\">&#8211; traiter les commandes de l\u2019utilisateur,<\/span><\/p><p><span style=\"font-weight: 400;\">&#8211; g\u00e9rer la participation de l\u2019utilisateur aux op\u00e9rations commerciales, jeux-concours ou programmes de fid\u00e9lit\u00e9 propos\u00e9s par la Soci\u00e9t\u00e9,<\/span><\/p><p><span style=\"font-weight: 400;\">&#8211; envoyer des communications commerciales, si l\u2019utilisateur y a consenti,<\/span><\/p><p><span style=\"font-weight: 400;\">&#8211; personnaliser les fonctionnalit\u00e9s du site aux pr\u00e9f\u00e9rences de l\u2019utilisateur,<\/span><\/p><p><span style=\"font-weight: 400;\">&#8211; proposer des messages publicitaires personnalis\u00e9s,<\/span><\/p><p><span style=\"font-weight: 400;\">&#8211; traiter les demandes de l\u2019utilisateur,<\/span><\/p><p><span style=\"font-weight: 400;\">&#8211; analyser les habitudes d\u2019achat de l\u2019utilisateur,<\/span><\/p><p><span style=\"font-weight: 400;\">&#8211; assurer et am\u00e9liorer le bon fonctionnement du site,<\/span><\/p><p><span style=\"font-weight: 400;\">&#8211; garantir la s\u00e9curit\u00e9 du site,\u00a0<\/span><\/p><p><span style=\"font-weight: 400;\">&#8211; r\u00e9aliser des statistiques et analyser la fr\u00e9quentation du site.<\/span><\/p><p><span style=\"font-weight: 400;\">Le caract\u00e8re obligatoire ou facultatif des donn\u00e9es personnelles recueillies et les \u00e9ventuelles cons\u00e9quences d\u2019un d\u00e9faut de r\u00e9ponse sont indiqu\u00e9s au moment de leur collecte.<\/span><\/p><p><span style=\"font-weight: 400;\">Les donn\u00e9es personnelles recueillies seront conserv\u00e9es par les services de la Soci\u00e9t\u00e9 pendant la dur\u00e9e strictement n\u00e9cessaire aux finalit\u00e9s pour lesquelles elles ont \u00e9t\u00e9 collect\u00e9es et, le cas \u00e9ch\u00e9ant, pendant la dur\u00e9e des prescriptions l\u00e9gales applicables. Elles seront strictement r\u00e9serv\u00e9es \u00e0 l\u2019usage de la Soci\u00e9t\u00e9 et de ses partenaires commerciaux (ex. prestataire de paiement, prestataire logistique\u2026) ou techniques.<\/span><\/p><p><span style=\"font-weight: 400;\">Pour la stricte r\u00e9alisation des finalit\u00e9s mentionn\u00e9es ci-avant, ces donn\u00e9es sont susceptibles d\u2019\u00eatre transf\u00e9r\u00e9es en dehors de l\u2019Union Europ\u00e9enne \u00e0 destination des prestataires techniques de la Soci\u00e9t\u00e9. Ces transferts seront effectu\u00e9s dans des conditions assurant la protection et la s\u00e9curit\u00e9 des donn\u00e9es personnelles concern\u00e9es, conform\u00e9ment \u00e0 la r\u00e8glementation en vigueur de l\u2019Union europ\u00e9enne en la mati\u00e8re.<\/span><\/p><h2><strong>DROITS DE L\u2019UTILISATEUR AU REGARD DES DONNEES PERSONNELLES\u00a0<\/strong><\/h2><p><span style=\"font-weight: 400;\">Conform\u00e9ment au R\u00e8glement G\u00e9n\u00e9ral sur la Protection des Donn\u00e9es et aux textes nationaux en vigueur, l\u2019utilisateur dispose des droits d&rsquo;acc\u00e8s, d\u2019effacement et de rectification des donn\u00e9es le concernant\u00a0 ainsi que du droit de limitation et d\u2019opposition au traitement de ces\u00a0 donn\u00e9es . Il dispose \u00e9galement du droit de d\u00e9finir des directives relatives au sort de vos donn\u00e9es personnelles apr\u00e8s son d\u00e9c\u00e8s.<\/span><\/p><p><span style=\"font-weight: 400;\">L\u2019exercice du droit d\u2019effacement et du droit d\u2019opposition sur les donn\u00e9es obligatoires relatives \u00e0 l\u2019utilisateur est susceptible d\u2019emp\u00eacher ce dernier d\u2019utiliser tout ou partie des fonctionnalit\u00e9s du site.<\/span><\/p><p><span style=\"font-weight: 400;\">L\u2019utilisateur peut exercer ses droits en \u00e9crivant \u00e0 info@lange.fr ou par courrier postal \u00e0 LANGE SAS &#8211; Service Informatique et Libert\u00e9s &#8211; Site internet LANGE &#8211; 25 Boulevard des Italiens &#8211; 75002 Paris. Toute demande devra contenir le nom, le pr\u00e9nom l\u2019adresse postale et\/ou \u00e9lectronique de l\u2019utilisateur et \u00eatre accompagn\u00e9e de la copie d\u2019une pi\u00e8ce d\u2019identit\u00e9 de ce dernier.<\/span><\/p><p><span style=\"font-weight: 400;\">Une r\u00e9ponse lui sera alors adress\u00e9e dans un d\u00e9lai de 1 mois suivant la r\u00e9ception de la demande.\u00a0<\/span><\/p><p><span style=\"font-weight: 400;\">L\u2019Utilisateur peut \u00e9galement introduire une r\u00e9clamation aupr\u00e8s de la CNIL en adressant leur demande \u00e0 : CNIL &#8211; 3 Place de Fontenoy &#8211; TSA 80715 &#8211; 75334 PARIS CEDEX 07.<\/span><b>\u00a0 \u00a0 \u00a0 \u00a0 \u00a0 \u00a0 \u00a0 \u00a0 \u00a0 \u00a0 \u00a0 \u00a0 \u00a0 <\/b><\/p><h2><b>Utilisation du Site<\/b><\/h2><ul><li><h3><span style=\"font-weight: 400;\"> Utilisation du contenu du Site :<\/span><\/h3><\/li><\/ul><p><span style=\"font-weight: 400;\">\u00a0<\/span><span style=\"font-weight: 400;\">LANGE SAS s&rsquo;efforce de mettre \u00e0 jour le contenu du Site et de d\u00e9livrer aux Utilisateurs des informations exactes. N\u00e9anmoins, l&rsquo;Utilisateur sait que les transmissions de donn\u00e9es et d&rsquo;informations sur Internet ne b\u00e9n\u00e9ficient que d&rsquo;une fiabilit\u00e9 technique relative, celles-ci circulant sur des r\u00e9seaux de nature tr\u00e8s h\u00e9t\u00e9rog\u00e8ne. D\u00e8s lors, LANGE SAS ne peut garantir l&rsquo;exactitude des donn\u00e9es figurant sur le Site.<\/span><\/p><ul><li><h3>Acc\u00e8s au site :<\/h3><\/li><\/ul><p><span style=\"font-weight: 400;\">LANGE SAS \u00a0s&rsquo;efforce de maintenir accessible le Site, sans pour autant \u00eatre tenue \u00e0 aucune obligation d&rsquo;y parvenir. Il est pr\u00e9cis\u00e9 qu&rsquo;\u00e0 des fins de maintenance, de mise \u00e0 jour, et pour toute autre raison notamment d&rsquo;ordre technique, l&rsquo;acc\u00e8s au Site pourra \u00eatre interrompu. LANGE n&rsquo;est en aucun cas responsable de ces interruptions et des cons\u00e9quences qui peuvent en d\u00e9couler pour <\/span><span style=\"font-weight: 400;\">l&rsquo;Utilisateur.<\/span><\/p><ul><li><h3><span style=\"font-weight: 400;\"> Liens hypertextes mis en place sur le Site\u00a0<\/span><\/h3><\/li><\/ul><p><span style=\"font-weight: 400;\">Les liens hypertextes mis en place sur le Site peuvent conduire l&rsquo;Utilisateur sur les sites Internet de diff\u00e9rents partenaires. Il est pr\u00e9cis\u00e9 que LANGE SAS n&rsquo;a pas v\u00e9rifi\u00e9 tous les sites \u00e9ventuellement reli\u00e9s au sien, leur contenu et les informations qui y sont pr\u00e9sentes, et d\u00e9cline par cons\u00e9quent toute responsabilit\u00e9 sur le contenu de ces sites et sur l&rsquo;utilisation qui en est faite par l&rsquo;Utilisateur. Le recours \u00e0 ces sites par l&rsquo;Utilisateur rel\u00e8ve de la seule responsabilit\u00e9 de <\/span><span style=\"font-weight: 400;\">ce dernier.<\/span><\/p><h2><b>Modification de la notice<\/b><\/h2><p><span style=\"font-weight: 400;\">LANGE SAS \u00a0conserve la possibilit\u00e9 de modifier \u00e0 tout moment la pr\u00e9sente notice d&rsquo;utilisation du Site, notamment \u00e0 fin de respecter toute nouvelle r\u00e9glementation ou l\u00e9gislation ou afin d&rsquo;am\u00e9liorer la consultation du Site par l&rsquo;Utilisateur. Toute modification d&rsquo;utilisation du Site sera int\u00e9gr\u00e9e dans la pr\u00e9sente notice.<\/span><\/p>\t\t\t\t\t\t\t\t<\/div>\n\t\t\t\t<\/div>\n\t\t\t\t\t<\/div>\n\t\t\t\t<\/div>\n\t\t\t\t<\/div>","protected":false},"excerpt":{"rendered":"<p>A propos LANGE est heureux de vous accueillir sur son site Internet, accessible \u00e0 l&rsquo;adresse URL suivante : http:\/\/www.lange.fr.En ayant acc\u00e8s au Site, l&rsquo;internaute naviguant sur le Site (ci-apr\u00e8s d\u00e9sign\u00e9 \u201c l&rsquo;Utilisateur \u00ab\u00a0) s&rsquo;engage \u00e0 respecter et \u00e0 se conformer aux conditions d&rsquo;utilisation telles que d\u00e9finies ci-dessous. Droits de propri\u00e9t\u00e9 intellectuelle et industrielle attach\u00e9s au [&hellip;]<\/p>\n","protected":false},"author":1,"featured_media":0,"parent":0,"menu_order":0,"comment_status":"closed","ping_status":"closed","template":"","meta":{"_acf_changed":false,"footnotes":""},"class_list":["post-2235","page","type-page","status-publish","hentry"],"acf":[],"yoast_head":"<!-- This site is optimized with the Yoast SEO plugin v27.6 - https:\/\/yoast.com\/product\/yoast-seo-wordpress\/ -->\n<title>Mentions L\u00e9gales - Lang\u00e9 - Paris<\/title>\n<meta name=\"robots\" content=\"index, follow, max-snippet:-1, max-image-preview:large, max-video-preview:-1\" \/>\n<link rel=\"canonical\" href=\"https:\/\/www.lange.fr\/en\/mentions-legales\/\" \/>\n<meta property=\"og:locale\" content=\"en_US\" \/>\n<meta property=\"og:type\" content=\"article\" \/>\n<meta property=\"og:title\" content=\"Mentions L\u00e9gales - Lang\u00e9 - Paris\" \/>\n<meta property=\"og:description\" content=\"A propos LANGE est heureux de vous accueillir sur son site Internet, accessible \u00e0 l&rsquo;adresse URL suivante : http:\/\/www.lange.fr.En ayant acc\u00e8s au Site, l&rsquo;internaute naviguant sur le Site (ci-apr\u00e8s d\u00e9sign\u00e9 \u201c l&rsquo;Utilisateur \u00ab\u00a0) s&rsquo;engage \u00e0 respecter et \u00e0 se conformer aux conditions d&rsquo;utilisation telles que d\u00e9finies ci-dessous. Droits de propri\u00e9t\u00e9 intellectuelle et industrielle attach\u00e9s au [&hellip;]\" \/>\n<meta property=\"og:url\" content=\"https:\/\/www.lange.fr\/en\/mentions-legales\/\" \/>\n<meta property=\"og:site_name\" content=\"Lang\u00e9 - Paris\" \/>\n<meta property=\"article:modified_time\" content=\"2024-03-05T15:16:57+00:00\" \/>\n<meta name=\"twitter:card\" content=\"summary_large_image\" \/>\n<meta name=\"twitter:label1\" content=\"Est. reading time\" \/>\n\t<meta name=\"twitter:data1\" content=\"6 minutes\" \/>\n<script type=\"application\/ld+json\" class=\"yoast-schema-graph\">{\"@context\":\"https:\\\/\\\/schema.org\",\"@graph\":[{\"@type\":\"WebPage\",\"@id\":\"https:\\\/\\\/www.lange.fr\\\/mentions-legales\\\/\",\"url\":\"https:\\\/\\\/www.lange.fr\\\/mentions-legales\\\/\",\"name\":\"Mentions L\u00e9gales - Lang\u00e9 - Paris\",\"isPartOf\":{\"@id\":\"https:\\\/\\\/www.lange.fr\\\/#website\"},\"datePublished\":\"2021-10-29T14:48:47+00:00\",\"dateModified\":\"2024-03-05T15:16:57+00:00\",\"breadcrumb\":{\"@id\":\"https:\\\/\\\/www.lange.fr\\\/mentions-legales\\\/#breadcrumb\"},\"inLanguage\":\"en-US\",\"potentialAction\":[{\"@type\":\"ReadAction\",\"target\":[\"https:\\\/\\\/www.lange.fr\\\/mentions-legales\\\/\"]}]},{\"@type\":\"BreadcrumbList\",\"@id\":\"https:\\\/\\\/www.lange.fr\\\/mentions-legales\\\/#breadcrumb\",\"itemListElement\":[{\"@type\":\"ListItem\",\"position\":1,\"name\":\"Home\",\"item\":\"https:\\\/\\\/www.lange.fr\\\/en\\\/\"},{\"@type\":\"ListItem\",\"position\":2,\"name\":\"Mentions L\u00e9gales\"}]},{\"@type\":\"WebSite\",\"@id\":\"https:\\\/\\\/www.lange.fr\\\/#website\",\"url\":\"https:\\\/\\\/www.lange.fr\\\/\",\"name\":\"Lang\u00e9 - Paris\",\"description\":\"L\u2019ACCENT SUR VOTRE BEAUT\u00c9\",\"publisher\":{\"@id\":\"https:\\\/\\\/www.lange.fr\\\/#organization\"},\"potentialAction\":[{\"@type\":\"SearchAction\",\"target\":{\"@type\":\"EntryPoint\",\"urlTemplate\":\"https:\\\/\\\/www.lange.fr\\\/?s={search_term_string}\"},\"query-input\":{\"@type\":\"PropertyValueSpecification\",\"valueRequired\":true,\"valueName\":\"search_term_string\"}}],\"inLanguage\":\"en-US\"},{\"@type\":\"Organization\",\"@id\":\"https:\\\/\\\/www.lange.fr\\\/#organization\",\"name\":\"Lang\u00e9 - Paris\",\"url\":\"https:\\\/\\\/www.lange.fr\\\/\",\"logo\":{\"@type\":\"ImageObject\",\"inLanguage\":\"en-US\",\"@id\":\"https:\\\/\\\/www.lange.fr\\\/#\\\/schema\\\/logo\\\/image\\\/\",\"url\":\"https:\\\/\\\/www.lange.fr\\\/wp-content\\\/uploads\\\/2024\\\/02\\\/99f7e8d7c7c63f8baea2a9b58e651730.png\",\"contentUrl\":\"https:\\\/\\\/www.lange.fr\\\/wp-content\\\/uploads\\\/2024\\\/02\\\/99f7e8d7c7c63f8baea2a9b58e651730.png\",\"width\":300,\"height\":91,\"caption\":\"Lang\u00e9 - Paris\"},\"image\":{\"@id\":\"https:\\\/\\\/www.lange.fr\\\/#\\\/schema\\\/logo\\\/image\\\/\"}}]}<\/script>\n<!-- \/ Yoast SEO plugin. -->","yoast_head_json":{"title":"Mentions L\u00e9gales - Lang\u00e9 - Paris","robots":{"index":"index","follow":"follow","max-snippet":"max-snippet:-1","max-image-preview":"max-image-preview:large","max-video-preview":"max-video-preview:-1"},"canonical":"https:\/\/www.lange.fr\/en\/mentions-legales\/","og_locale":"en_US","og_type":"article","og_title":"Mentions L\u00e9gales - Lang\u00e9 - Paris","og_description":"A propos LANGE est heureux de vous accueillir sur son site Internet, accessible \u00e0 l&rsquo;adresse URL suivante : http:\/\/www.lange.fr.En ayant acc\u00e8s au Site, l&rsquo;internaute naviguant sur le Site (ci-apr\u00e8s d\u00e9sign\u00e9 \u201c l&rsquo;Utilisateur \u00ab\u00a0) s&rsquo;engage \u00e0 respecter et \u00e0 se conformer aux conditions d&rsquo;utilisation telles que d\u00e9finies ci-dessous. Droits de propri\u00e9t\u00e9 intellectuelle et industrielle attach\u00e9s au [&hellip;]","og_url":"https:\/\/www.lange.fr\/en\/mentions-legales\/","og_site_name":"Lang\u00e9 - Paris","article_modified_time":"2024-03-05T15:16:57+00:00","twitter_card":"summary_large_image","twitter_misc":{"Est. reading time":"6 minutes"},"schema":{"@context":"https:\/\/schema.org","@graph":[{"@type":"WebPage","@id":"https:\/\/www.lange.fr\/mentions-legales\/","url":"https:\/\/www.lange.fr\/mentions-legales\/","name":"Mentions L\u00e9gales - Lang\u00e9 - Paris","isPartOf":{"@id":"https:\/\/www.lange.fr\/#website"},"datePublished":"2021-10-29T14:48:47+00:00","dateModified":"2024-03-05T15:16:57+00:00","breadcrumb":{"@id":"https:\/\/www.lange.fr\/mentions-legales\/#breadcrumb"},"inLanguage":"en-US","potentialAction":[{"@type":"ReadAction","target":["https:\/\/www.lange.fr\/mentions-legales\/"]}]},{"@type":"BreadcrumbList","@id":"https:\/\/www.lange.fr\/mentions-legales\/#breadcrumb","itemListElement":[{"@type":"ListItem","position":1,"name":"Home","item":"https:\/\/www.lange.fr\/en\/"},{"@type":"ListItem","position":2,"name":"Mentions L\u00e9gales"}]},{"@type":"WebSite","@id":"https:\/\/www.lange.fr\/#website","url":"https:\/\/www.lange.fr\/","name":"Lang\u00e9 - Paris","description":"L\u2019ACCENT SUR VOTRE BEAUT\u00c9","publisher":{"@id":"https:\/\/www.lange.fr\/#organization"},"potentialAction":[{"@type":"SearchAction","target":{"@type":"EntryPoint","urlTemplate":"https:\/\/www.lange.fr\/?s={search_term_string}"},"query-input":{"@type":"PropertyValueSpecification","valueRequired":true,"valueName":"search_term_string"}}],"inLanguage":"en-US"},{"@type":"Organization","@id":"https:\/\/www.lange.fr\/#organization","name":"Lang\u00e9 - Paris","url":"https:\/\/www.lange.fr\/","logo":{"@type":"ImageObject","inLanguage":"en-US","@id":"https:\/\/www.lange.fr\/#\/schema\/logo\/image\/","url":"https:\/\/www.lange.fr\/wp-content\/uploads\/2024\/02\/99f7e8d7c7c63f8baea2a9b58e651730.png","contentUrl":"https:\/\/www.lange.fr\/wp-content\/uploads\/2024\/02\/99f7e8d7c7c63f8baea2a9b58e651730.png","width":300,"height":91,"caption":"Lang\u00e9 - Paris"},"image":{"@id":"https:\/\/www.lange.fr\/#\/schema\/logo\/image\/"}}]}},"_links":{"self":[{"href":"https:\/\/www.lange.fr\/en\/wp-json\/wp\/v2\/pages\/2235","targetHints":{"allow":["GET"]}}],"collection":[{"href":"https:\/\/www.lange.fr\/en\/wp-json\/wp\/v2\/pages"}],"about":[{"href":"https:\/\/www.lange.fr\/en\/wp-json\/wp\/v2\/types\/page"}],"author":[{"embeddable":true,"href":"https:\/\/www.lange.fr\/en\/wp-json\/wp\/v2\/users\/1"}],"replies":[{"embeddable":true,"href":"https:\/\/www.lange.fr\/en\/wp-json\/wp\/v2\/comments?post=2235"}],"version-history":[{"count":0,"href":"https:\/\/www.lange.fr\/en\/wp-json\/wp\/v2\/pages\/2235\/revisions"}],"wp:attachment":[{"href":"https:\/\/www.lange.fr\/en\/wp-json\/wp\/v2\/media?parent=2235"}],"curies":[{"name":"wp","href":"https:\/\/api.w.org\/{rel}","templated":true}]}}