{"id":1369,"date":"2019-03-12T16:31:43","date_gmt":"2019-03-12T16:31:43","guid":{"rendered":"https:\/\/www.lange.fr\/?post_type=product&#038;p=1369"},"modified":"2024-10-29T14:48:27","modified_gmt":"2024-10-29T14:48:27","slug":"serum-eclaircissant-intense","status":"publish","type":"product","link":"http:\/\/www.lange.fr\/en\/product\/serum-eclaircissant-intense\/","title":{"rendered":"Lightening Serum"},"content":{"rendered":"<p>The \u201cradiance boost\u201d serum for a more even and radiant complexion and more toned skin.<\/p>\n<p>Ref.22206<\/p>","protected":false},"excerpt":{"rendered":"<p>The \u201cradiance boost\u201d serum for a more even and radiant complexion and more toned skin.<\/p>","protected":false},"featured_media":2027,"comment_status":"closed","ping_status":"closed","template":"","meta":{"_acf_changed":false},"product_brand":[],"product_cat":[47],"product_tag":[],"class_list":{"0":"post-1369","1":"product","2":"type-product","3":"status-publish","4":"has-post-thumbnail","6":"product_cat-eclaircissant","8":"first","9":"instock","10":"shipping-taxable","11":"purchasable","12":"product-type-simple"},"acf":[],"yoast_head":"<!-- This site is optimized with the Yoast SEO plugin v27.4 - https:\/\/yoast.com\/product\/yoast-seo-wordpress\/ -->\n<title>S\u00e9rum Eclaircissant Intense - Lang\u00e9 - Paris<\/title>\n<meta name=\"robots\" content=\"index, follow, max-snippet:-1, max-image-preview:large, max-video-preview:-1\" \/>\n<link rel=\"canonical\" href=\"http:\/\/www.lange.fr\/en\/product\/serum-eclaircissant-intense\/\" \/>\n<meta property=\"og:locale\" content=\"en_US\" \/>\n<meta property=\"og:type\" content=\"article\" \/>\n<meta property=\"og:title\" content=\"S\u00e9rum Eclaircissant Intense - Lang\u00e9 - Paris\" \/>\n<meta property=\"og:description\" content=\"Le s\u00e9rum &quot;coup d&#039;\u00e9clat&quot; pour un teint plus uniforme et radieux et une peau plus tonique.\" \/>\n<meta property=\"og:url\" content=\"http:\/\/www.lange.fr\/en\/product\/serum-eclaircissant-intense\/\" \/>\n<meta property=\"og:site_name\" content=\"Lang\u00e9 - Paris\" \/>\n<meta property=\"article:modified_time\" content=\"2024-10-29T14:48:27+00:00\" \/>\n<meta property=\"og:image\" content=\"http:\/\/www.lange.fr\/wp-content\/uploads\/2019\/03\/Eclaircissant-Se\u0301rum-e\u0301claircissant-Bottle-Ref.-22206-1.jpg\" \/>\n\t<meta property=\"og:image:width\" content=\"600\" \/>\n\t<meta property=\"og:image:height\" content=\"600\" \/>\n\t<meta property=\"og:image:type\" content=\"image\/jpeg\" \/>\n<meta name=\"twitter:card\" content=\"summary_large_image\" \/>\n<meta name=\"twitter:label1\" content=\"Est. reading time\" \/>\n\t<meta name=\"twitter:data1\" content=\"1 minute\" \/>\n<script type=\"application\/ld+json\" class=\"yoast-schema-graph\">{\"@context\":\"https:\\\/\\\/schema.org\",\"@graph\":[{\"@type\":\"WebPage\",\"@id\":\"http:\\\/\\\/www.lange.fr\\\/product\\\/serum-eclaircissant-intense\\\/\",\"url\":\"http:\\\/\\\/www.lange.fr\\\/product\\\/serum-eclaircissant-intense\\\/\",\"name\":\"S\u00e9rum Eclaircissant Intense - Lang\u00e9 - Paris\",\"isPartOf\":{\"@id\":\"https:\\\/\\\/www.lange.fr\\\/en\\\/#website\"},\"primaryImageOfPage\":{\"@id\":\"http:\\\/\\\/www.lange.fr\\\/product\\\/serum-eclaircissant-intense\\\/#primaryimage\"},\"image\":{\"@id\":\"http:\\\/\\\/www.lange.fr\\\/product\\\/serum-eclaircissant-intense\\\/#primaryimage\"},\"thumbnailUrl\":\"http:\\\/\\\/www.lange.fr\\\/wp-content\\\/uploads\\\/2019\\\/03\\\/Eclaircissant-Se\u0301rum-e\u0301claircissant-Bottle-Ref.-22206-1.jpg\",\"datePublished\":\"2019-03-12T16:31:43+00:00\",\"dateModified\":\"2024-10-29T14:48:27+00:00\",\"breadcrumb\":{\"@id\":\"http:\\\/\\\/www.lange.fr\\\/product\\\/serum-eclaircissant-intense\\\/#breadcrumb\"},\"inLanguage\":\"en-US\",\"potentialAction\":[{\"@type\":\"ReadAction\",\"target\":[\"http:\\\/\\\/www.lange.fr\\\/product\\\/serum-eclaircissant-intense\\\/\"]}]},{\"@type\":\"ImageObject\",\"inLanguage\":\"en-US\",\"@id\":\"http:\\\/\\\/www.lange.fr\\\/product\\\/serum-eclaircissant-intense\\\/#primaryimage\",\"url\":\"http:\\\/\\\/www.lange.fr\\\/wp-content\\\/uploads\\\/2019\\\/03\\\/Eclaircissant-Se\u0301rum-e\u0301claircissant-Bottle-Ref.-22206-1.jpg\",\"contentUrl\":\"http:\\\/\\\/www.lange.fr\\\/wp-content\\\/uploads\\\/2019\\\/03\\\/Eclaircissant-Se\u0301rum-e\u0301claircissant-Bottle-Ref.-22206-1.jpg\",\"width\":600,\"height\":600},{\"@type\":\"BreadcrumbList\",\"@id\":\"http:\\\/\\\/www.lange.fr\\\/product\\\/serum-eclaircissant-intense\\\/#breadcrumb\",\"itemListElement\":[{\"@type\":\"ListItem\",\"position\":1,\"name\":\"Home\",\"item\":\"http:\\\/\\\/www.lange.fr\\\/\"},{\"@type\":\"ListItem\",\"position\":2,\"name\":\"Boutique\",\"item\":\"https:\\\/\\\/www.lange.fr\\\/boutique\\\/\"},{\"@type\":\"ListItem\",\"position\":3,\"name\":\"S\u00e9rum Eclaircissant Intense\"}]},{\"@type\":\"WebSite\",\"@id\":\"https:\\\/\\\/www.lange.fr\\\/en\\\/#website\",\"url\":\"https:\\\/\\\/www.lange.fr\\\/en\\\/\",\"name\":\"Lang\u00e9 - Paris\",\"description\":\"L\u2019ACCENT SUR VOTRE BEAUT\u00c9\",\"publisher\":{\"@id\":\"https:\\\/\\\/www.lange.fr\\\/en\\\/#organization\"},\"potentialAction\":[{\"@type\":\"SearchAction\",\"target\":{\"@type\":\"EntryPoint\",\"urlTemplate\":\"https:\\\/\\\/www.lange.fr\\\/en\\\/?s={search_term_string}\"},\"query-input\":{\"@type\":\"PropertyValueSpecification\",\"valueRequired\":true,\"valueName\":\"search_term_string\"}}],\"inLanguage\":\"en-US\"},{\"@type\":\"Organization\",\"@id\":\"https:\\\/\\\/www.lange.fr\\\/en\\\/#organization\",\"name\":\"Lang\u00e9 - Paris\",\"url\":\"https:\\\/\\\/www.lange.fr\\\/en\\\/\",\"logo\":{\"@type\":\"ImageObject\",\"inLanguage\":\"en-US\",\"@id\":\"https:\\\/\\\/www.lange.fr\\\/en\\\/#\\\/schema\\\/logo\\\/image\\\/\",\"url\":\"http:\\\/\\\/www.lange.fr\\\/wp-content\\\/uploads\\\/2024\\\/02\\\/99f7e8d7c7c63f8baea2a9b58e651730.png\",\"contentUrl\":\"http:\\\/\\\/www.lange.fr\\\/wp-content\\\/uploads\\\/2024\\\/02\\\/99f7e8d7c7c63f8baea2a9b58e651730.png\",\"width\":300,\"height\":91,\"caption\":\"Lang\u00e9 - Paris\"},\"image\":{\"@id\":\"https:\\\/\\\/www.lange.fr\\\/en\\\/#\\\/schema\\\/logo\\\/image\\\/\"}}]}<\/script>\n<!-- \/ Yoast SEO plugin. -->","yoast_head_json":{"title":"S\u00e9rum Eclaircissant Intense - Lang\u00e9 - Paris","robots":{"index":"index","follow":"follow","max-snippet":"max-snippet:-1","max-image-preview":"max-image-preview:large","max-video-preview":"max-video-preview:-1"},"canonical":"http:\/\/www.lange.fr\/en\/product\/serum-eclaircissant-intense\/","og_locale":"en_US","og_type":"article","og_title":"S\u00e9rum Eclaircissant Intense - Lang\u00e9 - Paris","og_description":"Le s\u00e9rum \"coup d'\u00e9clat\" pour un teint plus uniforme et radieux et une peau plus tonique.","og_url":"http:\/\/www.lange.fr\/en\/product\/serum-eclaircissant-intense\/","og_site_name":"Lang\u00e9 - Paris","article_modified_time":"2024-10-29T14:48:27+00:00","og_image":[{"width":600,"height":600,"url":"http:\/\/www.lange.fr\/wp-content\/uploads\/2019\/03\/Eclaircissant-Se\u0301rum-e\u0301claircissant-Bottle-Ref.-22206-1.jpg","type":"image\/jpeg"}],"twitter_card":"summary_large_image","twitter_misc":{"Est. reading time":"1 minute"},"schema":{"@context":"https:\/\/schema.org","@graph":[{"@type":"WebPage","@id":"http:\/\/www.lange.fr\/product\/serum-eclaircissant-intense\/","url":"http:\/\/www.lange.fr\/product\/serum-eclaircissant-intense\/","name":"S\u00e9rum Eclaircissant Intense - Lang\u00e9 - Paris","isPartOf":{"@id":"https:\/\/www.lange.fr\/en\/#website"},"primaryImageOfPage":{"@id":"http:\/\/www.lange.fr\/product\/serum-eclaircissant-intense\/#primaryimage"},"image":{"@id":"http:\/\/www.lange.fr\/product\/serum-eclaircissant-intense\/#primaryimage"},"thumbnailUrl":"http:\/\/www.lange.fr\/wp-content\/uploads\/2019\/03\/Eclaircissant-Se\u0301rum-e\u0301claircissant-Bottle-Ref.-22206-1.jpg","datePublished":"2019-03-12T16:31:43+00:00","dateModified":"2024-10-29T14:48:27+00:00","breadcrumb":{"@id":"http:\/\/www.lange.fr\/product\/serum-eclaircissant-intense\/#breadcrumb"},"inLanguage":"en-US","potentialAction":[{"@type":"ReadAction","target":["http:\/\/www.lange.fr\/product\/serum-eclaircissant-intense\/"]}]},{"@type":"ImageObject","inLanguage":"en-US","@id":"http:\/\/www.lange.fr\/product\/serum-eclaircissant-intense\/#primaryimage","url":"http:\/\/www.lange.fr\/wp-content\/uploads\/2019\/03\/Eclaircissant-Se\u0301rum-e\u0301claircissant-Bottle-Ref.-22206-1.jpg","contentUrl":"http:\/\/www.lange.fr\/wp-content\/uploads\/2019\/03\/Eclaircissant-Se\u0301rum-e\u0301claircissant-Bottle-Ref.-22206-1.jpg","width":600,"height":600},{"@type":"BreadcrumbList","@id":"http:\/\/www.lange.fr\/product\/serum-eclaircissant-intense\/#breadcrumb","itemListElement":[{"@type":"ListItem","position":1,"name":"Home","item":"http:\/\/www.lange.fr\/"},{"@type":"ListItem","position":2,"name":"Boutique","item":"https:\/\/www.lange.fr\/boutique\/"},{"@type":"ListItem","position":3,"name":"S\u00e9rum Eclaircissant Intense"}]},{"@type":"WebSite","@id":"https:\/\/www.lange.fr\/en\/#website","url":"https:\/\/www.lange.fr\/en\/","name":"Lang\u00e9 - Paris","description":"L\u2019ACCENT SUR VOTRE BEAUT\u00c9","publisher":{"@id":"https:\/\/www.lange.fr\/en\/#organization"},"potentialAction":[{"@type":"SearchAction","target":{"@type":"EntryPoint","urlTemplate":"https:\/\/www.lange.fr\/en\/?s={search_term_string}"},"query-input":{"@type":"PropertyValueSpecification","valueRequired":true,"valueName":"search_term_string"}}],"inLanguage":"en-US"},{"@type":"Organization","@id":"https:\/\/www.lange.fr\/en\/#organization","name":"Lang\u00e9 - Paris","url":"https:\/\/www.lange.fr\/en\/","logo":{"@type":"ImageObject","inLanguage":"en-US","@id":"https:\/\/www.lange.fr\/en\/#\/schema\/logo\/image\/","url":"http:\/\/www.lange.fr\/wp-content\/uploads\/2024\/02\/99f7e8d7c7c63f8baea2a9b58e651730.png","contentUrl":"http:\/\/www.lange.fr\/wp-content\/uploads\/2024\/02\/99f7e8d7c7c63f8baea2a9b58e651730.png","width":300,"height":91,"caption":"Lang\u00e9 - Paris"},"image":{"@id":"https:\/\/www.lange.fr\/en\/#\/schema\/logo\/image\/"}}]}},"_links":{"self":[{"href":"http:\/\/www.lange.fr\/en\/wp-json\/wp\/v2\/product\/1369","targetHints":{"allow":["GET"]}}],"collection":[{"href":"http:\/\/www.lange.fr\/en\/wp-json\/wp\/v2\/product"}],"about":[{"href":"http:\/\/www.lange.fr\/en\/wp-json\/wp\/v2\/types\/product"}],"replies":[{"embeddable":true,"href":"http:\/\/www.lange.fr\/en\/wp-json\/wp\/v2\/comments?post=1369"}],"version-history":[{"count":0,"href":"http:\/\/www.lange.fr\/en\/wp-json\/wp\/v2\/product\/1369\/revisions"}],"wp:featuredmedia":[{"embeddable":true,"href":"http:\/\/www.lange.fr\/en\/wp-json\/wp\/v2\/media\/2027"}],"wp:attachment":[{"href":"http:\/\/www.lange.fr\/en\/wp-json\/wp\/v2\/media?parent=1369"}],"wp:term":[{"taxonomy":"product_brand","embeddable":true,"href":"http:\/\/www.lange.fr\/en\/wp-json\/wp\/v2\/product_brand?post=1369"},{"taxonomy":"product_cat","embeddable":true,"href":"http:\/\/www.lange.fr\/en\/wp-json\/wp\/v2\/product_cat?post=1369"},{"taxonomy":"product_tag","embeddable":true,"href":"http:\/\/www.lange.fr\/en\/wp-json\/wp\/v2\/product_tag?post=1369"}],"curies":[{"name":"wp","href":"https:\/\/api.w.org\/{rel}","templated":true}]}}