{"id":1115,"date":"2019-03-12T13:46:48","date_gmt":"2019-03-12T13:46:48","guid":{"rendered":"https:\/\/www.lange.fr\/?post_type=product&#038;p=1115"},"modified":"2024-10-22T14:27:03","modified_gmt":"2024-10-22T14:27:03","slug":"creme-remodelante-nuit","status":"publish","type":"product","link":"http:\/\/www.lange.fr\/en\/product\/creme-remodelante-nuit\/","title":{"rendered":"Remodeling Night Cream"},"content":{"rendered":"<p>The face is left remodeled, resculpted. Wrinkles are reduced, and the skin is plumped, firmed, and nourished.<br \/>\nRef. 22906<\/p>","protected":false},"excerpt":{"rendered":"<p>The face is left remodeled, resculpted. Wrinkles are reduced, and the skin is plumped, firmed, and nourished.<\/p>","protected":false},"featured_media":3059,"comment_status":"closed","ping_status":"closed","template":"","meta":{"_acf_changed":false},"product_brand":[],"product_cat":[49],"product_tag":[],"class_list":{"0":"post-1115","1":"product","2":"type-product","3":"status-publish","4":"has-post-thumbnail","6":"product_cat-liftant","8":"first","9":"instock","10":"shipping-taxable","11":"purchasable","12":"product-type-simple"},"acf":[],"yoast_head":"<!-- This site is optimized with the Yoast SEO plugin v27.4 - https:\/\/yoast.com\/product\/yoast-seo-wordpress\/ -->\n<title>Cr\u00e8me de Nuit Remodelante - Lang\u00e9 - Paris<\/title>\n<meta name=\"robots\" content=\"index, follow, max-snippet:-1, max-image-preview:large, max-video-preview:-1\" \/>\n<link rel=\"canonical\" href=\"https:\/\/www.lange.fr\/en\/product\/creme-remodelante-nuit\/\" \/>\n<meta property=\"og:locale\" content=\"en_US\" \/>\n<meta property=\"og:type\" content=\"article\" \/>\n<meta property=\"og:title\" content=\"Cr\u00e8me de Nuit Remodelante - Lang\u00e9 - Paris\" \/>\n<meta property=\"og:description\" content=\"Le visage est comme remodel\u00e9, resculpt\u00e9. Les rides sont att\u00e9nu\u00e9es, la peau est repulp\u00e9e, raffermie et nourrie.\" \/>\n<meta property=\"og:url\" content=\"https:\/\/www.lange.fr\/en\/product\/creme-remodelante-nuit\/\" \/>\n<meta property=\"og:site_name\" content=\"Lang\u00e9 - Paris\" \/>\n<meta property=\"article:modified_time\" content=\"2024-10-22T14:27:03+00:00\" \/>\n<meta property=\"og:image\" content=\"https:\/\/www.lange.fr\/wp-content\/uploads\/2019\/03\/Remodeling-Night-Cream-Ref.-22906.png\" \/>\n\t<meta property=\"og:image:width\" content=\"600\" \/>\n\t<meta property=\"og:image:height\" content=\"600\" \/>\n\t<meta property=\"og:image:type\" content=\"image\/png\" \/>\n<meta name=\"twitter:card\" content=\"summary_large_image\" \/>\n<meta name=\"twitter:label1\" content=\"Est. reading time\" \/>\n\t<meta name=\"twitter:data1\" content=\"1 minute\" \/>\n<script type=\"application\/ld+json\" class=\"yoast-schema-graph\">{\"@context\":\"https:\\\/\\\/schema.org\",\"@graph\":[{\"@type\":\"WebPage\",\"@id\":\"https:\\\/\\\/www.lange.fr\\\/product\\\/creme-remodelante-nuit\\\/\",\"url\":\"https:\\\/\\\/www.lange.fr\\\/product\\\/creme-remodelante-nuit\\\/\",\"name\":\"Cr\u00e8me de Nuit Remodelante - Lang\u00e9 - Paris\",\"isPartOf\":{\"@id\":\"https:\\\/\\\/www.lange.fr\\\/#website\"},\"primaryImageOfPage\":{\"@id\":\"https:\\\/\\\/www.lange.fr\\\/product\\\/creme-remodelante-nuit\\\/#primaryimage\"},\"image\":{\"@id\":\"https:\\\/\\\/www.lange.fr\\\/product\\\/creme-remodelante-nuit\\\/#primaryimage\"},\"thumbnailUrl\":\"http:\\\/\\\/www.lange.fr\\\/wp-content\\\/uploads\\\/2019\\\/03\\\/Remodeling-Night-Cream-Ref.-22906.png\",\"datePublished\":\"2019-03-12T13:46:48+00:00\",\"dateModified\":\"2024-10-22T14:27:03+00:00\",\"breadcrumb\":{\"@id\":\"https:\\\/\\\/www.lange.fr\\\/product\\\/creme-remodelante-nuit\\\/#breadcrumb\"},\"inLanguage\":\"en-US\",\"potentialAction\":[{\"@type\":\"ReadAction\",\"target\":[\"https:\\\/\\\/www.lange.fr\\\/product\\\/creme-remodelante-nuit\\\/\"]}]},{\"@type\":\"ImageObject\",\"inLanguage\":\"en-US\",\"@id\":\"https:\\\/\\\/www.lange.fr\\\/product\\\/creme-remodelante-nuit\\\/#primaryimage\",\"url\":\"http:\\\/\\\/www.lange.fr\\\/wp-content\\\/uploads\\\/2019\\\/03\\\/Remodeling-Night-Cream-Ref.-22906.png\",\"contentUrl\":\"http:\\\/\\\/www.lange.fr\\\/wp-content\\\/uploads\\\/2019\\\/03\\\/Remodeling-Night-Cream-Ref.-22906.png\",\"width\":600,\"height\":600},{\"@type\":\"BreadcrumbList\",\"@id\":\"https:\\\/\\\/www.lange.fr\\\/product\\\/creme-remodelante-nuit\\\/#breadcrumb\",\"itemListElement\":[{\"@type\":\"ListItem\",\"position\":1,\"name\":\"Home\",\"item\":\"https:\\\/\\\/www.lange.fr\\\/\"},{\"@type\":\"ListItem\",\"position\":2,\"name\":\"Boutique\",\"item\":\"https:\\\/\\\/www.lange.fr\\\/boutique\\\/\"},{\"@type\":\"ListItem\",\"position\":3,\"name\":\"Cr\u00e8me de Nuit Remodelante\"}]},{\"@type\":\"WebSite\",\"@id\":\"https:\\\/\\\/www.lange.fr\\\/#website\",\"url\":\"https:\\\/\\\/www.lange.fr\\\/\",\"name\":\"Lang\u00e9 - Paris\",\"description\":\"L\u2019ACCENT SUR VOTRE BEAUT\u00c9\",\"publisher\":{\"@id\":\"https:\\\/\\\/www.lange.fr\\\/#organization\"},\"potentialAction\":[{\"@type\":\"SearchAction\",\"target\":{\"@type\":\"EntryPoint\",\"urlTemplate\":\"https:\\\/\\\/www.lange.fr\\\/?s={search_term_string}\"},\"query-input\":{\"@type\":\"PropertyValueSpecification\",\"valueRequired\":true,\"valueName\":\"search_term_string\"}}],\"inLanguage\":\"en-US\"},{\"@type\":\"Organization\",\"@id\":\"https:\\\/\\\/www.lange.fr\\\/#organization\",\"name\":\"Lang\u00e9 - Paris\",\"url\":\"https:\\\/\\\/www.lange.fr\\\/\",\"logo\":{\"@type\":\"ImageObject\",\"inLanguage\":\"en-US\",\"@id\":\"https:\\\/\\\/www.lange.fr\\\/#\\\/schema\\\/logo\\\/image\\\/\",\"url\":\"http:\\\/\\\/www.lange.fr\\\/wp-content\\\/uploads\\\/2024\\\/02\\\/99f7e8d7c7c63f8baea2a9b58e651730.png\",\"contentUrl\":\"http:\\\/\\\/www.lange.fr\\\/wp-content\\\/uploads\\\/2024\\\/02\\\/99f7e8d7c7c63f8baea2a9b58e651730.png\",\"width\":300,\"height\":91,\"caption\":\"Lang\u00e9 - Paris\"},\"image\":{\"@id\":\"https:\\\/\\\/www.lange.fr\\\/#\\\/schema\\\/logo\\\/image\\\/\"}}]}<\/script>\n<!-- \/ Yoast SEO plugin. -->","yoast_head_json":{"title":"Cr\u00e8me de Nuit Remodelante - Lang\u00e9 - Paris","robots":{"index":"index","follow":"follow","max-snippet":"max-snippet:-1","max-image-preview":"max-image-preview:large","max-video-preview":"max-video-preview:-1"},"canonical":"https:\/\/www.lange.fr\/en\/product\/creme-remodelante-nuit\/","og_locale":"en_US","og_type":"article","og_title":"Cr\u00e8me de Nuit Remodelante - Lang\u00e9 - Paris","og_description":"Le visage est comme remodel\u00e9, resculpt\u00e9. Les rides sont att\u00e9nu\u00e9es, la peau est repulp\u00e9e, raffermie et nourrie.","og_url":"https:\/\/www.lange.fr\/en\/product\/creme-remodelante-nuit\/","og_site_name":"Lang\u00e9 - Paris","article_modified_time":"2024-10-22T14:27:03+00:00","og_image":[{"width":600,"height":600,"url":"https:\/\/www.lange.fr\/wp-content\/uploads\/2019\/03\/Remodeling-Night-Cream-Ref.-22906.png","type":"image\/png"}],"twitter_card":"summary_large_image","twitter_misc":{"Est. reading time":"1 minute"},"schema":{"@context":"https:\/\/schema.org","@graph":[{"@type":"WebPage","@id":"https:\/\/www.lange.fr\/product\/creme-remodelante-nuit\/","url":"https:\/\/www.lange.fr\/product\/creme-remodelante-nuit\/","name":"Cr\u00e8me de Nuit Remodelante - Lang\u00e9 - Paris","isPartOf":{"@id":"https:\/\/www.lange.fr\/#website"},"primaryImageOfPage":{"@id":"https:\/\/www.lange.fr\/product\/creme-remodelante-nuit\/#primaryimage"},"image":{"@id":"https:\/\/www.lange.fr\/product\/creme-remodelante-nuit\/#primaryimage"},"thumbnailUrl":"http:\/\/www.lange.fr\/wp-content\/uploads\/2019\/03\/Remodeling-Night-Cream-Ref.-22906.png","datePublished":"2019-03-12T13:46:48+00:00","dateModified":"2024-10-22T14:27:03+00:00","breadcrumb":{"@id":"https:\/\/www.lange.fr\/product\/creme-remodelante-nuit\/#breadcrumb"},"inLanguage":"en-US","potentialAction":[{"@type":"ReadAction","target":["https:\/\/www.lange.fr\/product\/creme-remodelante-nuit\/"]}]},{"@type":"ImageObject","inLanguage":"en-US","@id":"https:\/\/www.lange.fr\/product\/creme-remodelante-nuit\/#primaryimage","url":"http:\/\/www.lange.fr\/wp-content\/uploads\/2019\/03\/Remodeling-Night-Cream-Ref.-22906.png","contentUrl":"http:\/\/www.lange.fr\/wp-content\/uploads\/2019\/03\/Remodeling-Night-Cream-Ref.-22906.png","width":600,"height":600},{"@type":"BreadcrumbList","@id":"https:\/\/www.lange.fr\/product\/creme-remodelante-nuit\/#breadcrumb","itemListElement":[{"@type":"ListItem","position":1,"name":"Home","item":"https:\/\/www.lange.fr\/"},{"@type":"ListItem","position":2,"name":"Boutique","item":"https:\/\/www.lange.fr\/boutique\/"},{"@type":"ListItem","position":3,"name":"Cr\u00e8me de Nuit Remodelante"}]},{"@type":"WebSite","@id":"https:\/\/www.lange.fr\/#website","url":"https:\/\/www.lange.fr\/","name":"Lang\u00e9 - Paris","description":"L\u2019ACCENT SUR VOTRE BEAUT\u00c9","publisher":{"@id":"https:\/\/www.lange.fr\/#organization"},"potentialAction":[{"@type":"SearchAction","target":{"@type":"EntryPoint","urlTemplate":"https:\/\/www.lange.fr\/?s={search_term_string}"},"query-input":{"@type":"PropertyValueSpecification","valueRequired":true,"valueName":"search_term_string"}}],"inLanguage":"en-US"},{"@type":"Organization","@id":"https:\/\/www.lange.fr\/#organization","name":"Lang\u00e9 - Paris","url":"https:\/\/www.lange.fr\/","logo":{"@type":"ImageObject","inLanguage":"en-US","@id":"https:\/\/www.lange.fr\/#\/schema\/logo\/image\/","url":"http:\/\/www.lange.fr\/wp-content\/uploads\/2024\/02\/99f7e8d7c7c63f8baea2a9b58e651730.png","contentUrl":"http:\/\/www.lange.fr\/wp-content\/uploads\/2024\/02\/99f7e8d7c7c63f8baea2a9b58e651730.png","width":300,"height":91,"caption":"Lang\u00e9 - Paris"},"image":{"@id":"https:\/\/www.lange.fr\/#\/schema\/logo\/image\/"}}]}},"_links":{"self":[{"href":"http:\/\/www.lange.fr\/en\/wp-json\/wp\/v2\/product\/1115","targetHints":{"allow":["GET"]}}],"collection":[{"href":"http:\/\/www.lange.fr\/en\/wp-json\/wp\/v2\/product"}],"about":[{"href":"http:\/\/www.lange.fr\/en\/wp-json\/wp\/v2\/types\/product"}],"replies":[{"embeddable":true,"href":"http:\/\/www.lange.fr\/en\/wp-json\/wp\/v2\/comments?post=1115"}],"version-history":[{"count":0,"href":"http:\/\/www.lange.fr\/en\/wp-json\/wp\/v2\/product\/1115\/revisions"}],"wp:featuredmedia":[{"embeddable":true,"href":"http:\/\/www.lange.fr\/en\/wp-json\/wp\/v2\/media\/3059"}],"wp:attachment":[{"href":"http:\/\/www.lange.fr\/en\/wp-json\/wp\/v2\/media?parent=1115"}],"wp:term":[{"taxonomy":"product_brand","embeddable":true,"href":"http:\/\/www.lange.fr\/en\/wp-json\/wp\/v2\/product_brand?post=1115"},{"taxonomy":"product_cat","embeddable":true,"href":"http:\/\/www.lange.fr\/en\/wp-json\/wp\/v2\/product_cat?post=1115"},{"taxonomy":"product_tag","embeddable":true,"href":"http:\/\/www.lange.fr\/en\/wp-json\/wp\/v2\/product_tag?post=1115"}],"curies":[{"name":"wp","href":"https:\/\/api.w.org\/{rel}","templated":true}]}}