{"id":10568,"date":"2022-07-04T12:46:40","date_gmt":"2022-07-04T12:46:40","guid":{"rendered":"https:\/\/www.lange.fr\/?post_type=product&#038;p=10568"},"modified":"2024-10-24T09:56:55","modified_gmt":"2024-10-24T09:56:55","slug":"gel-yeux-absolu-hydra-filling","status":"publish","type":"product","link":"http:\/\/www.lange.fr\/en\/product\/gel-yeux-absolu-hydra-filling\/","title":{"rendered":"Hydra-Filling Absolute Eye Cream"},"content":{"rendered":"<p>Enjoy a sensation of hydration and soothing with this comfortable formula that leaves the skin smooth and the eyes illuminated.<\/p>\n<p>Ref: 211121<\/p>","protected":false},"excerpt":{"rendered":"<p>Enjoy a sensation of hydration and soothing with this comfortable formula that leaves the skin smooth and the eyes illuminated.<\/p>\n<p>&nbsp;<\/p>","protected":false},"featured_media":13484,"comment_status":"open","ping_status":"closed","template":"","meta":{"_acf_changed":false},"product_brand":[],"product_cat":[173],"product_tag":[],"class_list":{"0":"post-10568","1":"product","2":"type-product","3":"status-publish","4":"has-post-thumbnail","6":"product_cat-hydra-filling","8":"first","9":"instock","10":"shipping-taxable","11":"purchasable","12":"product-type-simple"},"acf":[],"yoast_head":"<!-- This site is optimized with the Yoast SEO plugin v27.5 - https:\/\/yoast.com\/product\/yoast-seo-wordpress\/ -->\n<title>Cr\u00e8me Yeux Absolue Hydra-Filling - Lang\u00e9 - Paris<\/title>\n<meta name=\"robots\" content=\"index, follow, max-snippet:-1, max-image-preview:large, max-video-preview:-1\" \/>\n<link rel=\"canonical\" href=\"http:\/\/www.lange.fr\/en\/product\/gel-yeux-absolu-hydra-filling\/\" \/>\n<meta property=\"og:locale\" content=\"en_US\" \/>\n<meta property=\"og:type\" content=\"article\" \/>\n<meta property=\"og:title\" content=\"Cr\u00e8me Yeux Absolue Hydra-Filling - Lang\u00e9 - Paris\" \/>\n<meta property=\"og:description\" content=\"Profitez d&#039;une sensation d&#039;hydratation et d&#039;apaisement gr\u00e2ce \u00e0 cette formule confortable qui laisse la peau lisse et le regard illumin\u00e9.  &nbsp;\" \/>\n<meta property=\"og:url\" content=\"http:\/\/www.lange.fr\/en\/product\/gel-yeux-absolu-hydra-filling\/\" \/>\n<meta property=\"og:site_name\" content=\"Lang\u00e9 - Paris\" \/>\n<meta property=\"article:modified_time\" content=\"2024-10-24T09:56:55+00:00\" \/>\n<meta property=\"og:image\" content=\"http:\/\/www.lange.fr\/wp-content\/uploads\/2022\/07\/Hydra-Filling-Magic-Eye-Cream-Ref.-211121-small.jpg\" \/>\n\t<meta property=\"og:image:width\" content=\"394\" \/>\n\t<meta property=\"og:image:height\" content=\"494\" \/>\n\t<meta property=\"og:image:type\" content=\"image\/jpeg\" \/>\n<meta name=\"twitter:card\" content=\"summary_large_image\" \/>\n<meta name=\"twitter:label1\" content=\"Est. reading time\" \/>\n\t<meta name=\"twitter:data1\" content=\"1 minute\" \/>\n<script type=\"application\/ld+json\" class=\"yoast-schema-graph\">{\"@context\":\"https:\\\/\\\/schema.org\",\"@graph\":[{\"@type\":\"WebPage\",\"@id\":\"http:\\\/\\\/www.lange.fr\\\/product\\\/gel-yeux-absolu-hydra-filling\\\/\",\"url\":\"http:\\\/\\\/www.lange.fr\\\/product\\\/gel-yeux-absolu-hydra-filling\\\/\",\"name\":\"Cr\u00e8me Yeux Absolue Hydra-Filling - Lang\u00e9 - Paris\",\"isPartOf\":{\"@id\":\"https:\\\/\\\/www.lange.fr\\\/en\\\/#website\"},\"primaryImageOfPage\":{\"@id\":\"http:\\\/\\\/www.lange.fr\\\/product\\\/gel-yeux-absolu-hydra-filling\\\/#primaryimage\"},\"image\":{\"@id\":\"http:\\\/\\\/www.lange.fr\\\/product\\\/gel-yeux-absolu-hydra-filling\\\/#primaryimage\"},\"thumbnailUrl\":\"http:\\\/\\\/www.lange.fr\\\/wp-content\\\/uploads\\\/2022\\\/07\\\/Hydra-Filling-Magic-Eye-Cream-Ref.-211121-small.jpg\",\"datePublished\":\"2022-07-04T12:46:40+00:00\",\"dateModified\":\"2024-10-24T09:56:55+00:00\",\"breadcrumb\":{\"@id\":\"http:\\\/\\\/www.lange.fr\\\/product\\\/gel-yeux-absolu-hydra-filling\\\/#breadcrumb\"},\"inLanguage\":\"en-US\",\"potentialAction\":[{\"@type\":\"ReadAction\",\"target\":[\"http:\\\/\\\/www.lange.fr\\\/product\\\/gel-yeux-absolu-hydra-filling\\\/\"]}]},{\"@type\":\"ImageObject\",\"inLanguage\":\"en-US\",\"@id\":\"http:\\\/\\\/www.lange.fr\\\/product\\\/gel-yeux-absolu-hydra-filling\\\/#primaryimage\",\"url\":\"http:\\\/\\\/www.lange.fr\\\/wp-content\\\/uploads\\\/2022\\\/07\\\/Hydra-Filling-Magic-Eye-Cream-Ref.-211121-small.jpg\",\"contentUrl\":\"http:\\\/\\\/www.lange.fr\\\/wp-content\\\/uploads\\\/2022\\\/07\\\/Hydra-Filling-Magic-Eye-Cream-Ref.-211121-small.jpg\",\"width\":394,\"height\":494},{\"@type\":\"BreadcrumbList\",\"@id\":\"http:\\\/\\\/www.lange.fr\\\/product\\\/gel-yeux-absolu-hydra-filling\\\/#breadcrumb\",\"itemListElement\":[{\"@type\":\"ListItem\",\"position\":1,\"name\":\"Home\",\"item\":\"https:\\\/\\\/www.lange.fr\\\/en\\\/\"},{\"@type\":\"ListItem\",\"position\":2,\"name\":\"Boutique\",\"item\":\"https:\\\/\\\/www.lange.fr\\\/en\\\/boutique\\\/\"},{\"@type\":\"ListItem\",\"position\":3,\"name\":\"Cr\u00e8me Yeux Absolue Hydra-Filling\"}]},{\"@type\":\"WebSite\",\"@id\":\"https:\\\/\\\/www.lange.fr\\\/en\\\/#website\",\"url\":\"https:\\\/\\\/www.lange.fr\\\/en\\\/\",\"name\":\"Lang\u00e9 - Paris\",\"description\":\"L\u2019ACCENT SUR VOTRE BEAUT\u00c9\",\"publisher\":{\"@id\":\"https:\\\/\\\/www.lange.fr\\\/en\\\/#organization\"},\"potentialAction\":[{\"@type\":\"SearchAction\",\"target\":{\"@type\":\"EntryPoint\",\"urlTemplate\":\"https:\\\/\\\/www.lange.fr\\\/en\\\/?s={search_term_string}\"},\"query-input\":{\"@type\":\"PropertyValueSpecification\",\"valueRequired\":true,\"valueName\":\"search_term_string\"}}],\"inLanguage\":\"en-US\"},{\"@type\":\"Organization\",\"@id\":\"https:\\\/\\\/www.lange.fr\\\/en\\\/#organization\",\"name\":\"Lang\u00e9 - Paris\",\"url\":\"https:\\\/\\\/www.lange.fr\\\/en\\\/\",\"logo\":{\"@type\":\"ImageObject\",\"inLanguage\":\"en-US\",\"@id\":\"https:\\\/\\\/www.lange.fr\\\/en\\\/#\\\/schema\\\/logo\\\/image\\\/\",\"url\":\"http:\\\/\\\/www.lange.fr\\\/wp-content\\\/uploads\\\/2024\\\/02\\\/99f7e8d7c7c63f8baea2a9b58e651730.png\",\"contentUrl\":\"http:\\\/\\\/www.lange.fr\\\/wp-content\\\/uploads\\\/2024\\\/02\\\/99f7e8d7c7c63f8baea2a9b58e651730.png\",\"width\":300,\"height\":91,\"caption\":\"Lang\u00e9 - Paris\"},\"image\":{\"@id\":\"https:\\\/\\\/www.lange.fr\\\/en\\\/#\\\/schema\\\/logo\\\/image\\\/\"}}]}<\/script>\n<!-- \/ Yoast SEO plugin. -->","yoast_head_json":{"title":"Cr\u00e8me Yeux Absolue Hydra-Filling - Lang\u00e9 - Paris","robots":{"index":"index","follow":"follow","max-snippet":"max-snippet:-1","max-image-preview":"max-image-preview:large","max-video-preview":"max-video-preview:-1"},"canonical":"http:\/\/www.lange.fr\/en\/product\/gel-yeux-absolu-hydra-filling\/","og_locale":"en_US","og_type":"article","og_title":"Cr\u00e8me Yeux Absolue Hydra-Filling - Lang\u00e9 - Paris","og_description":"Profitez d'une sensation d'hydratation et d'apaisement gr\u00e2ce \u00e0 cette formule confortable qui laisse la peau lisse et le regard illumin\u00e9.  &nbsp;","og_url":"http:\/\/www.lange.fr\/en\/product\/gel-yeux-absolu-hydra-filling\/","og_site_name":"Lang\u00e9 - Paris","article_modified_time":"2024-10-24T09:56:55+00:00","og_image":[{"width":394,"height":494,"url":"http:\/\/www.lange.fr\/wp-content\/uploads\/2022\/07\/Hydra-Filling-Magic-Eye-Cream-Ref.-211121-small.jpg","type":"image\/jpeg"}],"twitter_card":"summary_large_image","twitter_misc":{"Est. reading time":"1 minute"},"schema":{"@context":"https:\/\/schema.org","@graph":[{"@type":"WebPage","@id":"http:\/\/www.lange.fr\/product\/gel-yeux-absolu-hydra-filling\/","url":"http:\/\/www.lange.fr\/product\/gel-yeux-absolu-hydra-filling\/","name":"Cr\u00e8me Yeux Absolue Hydra-Filling - Lang\u00e9 - Paris","isPartOf":{"@id":"https:\/\/www.lange.fr\/en\/#website"},"primaryImageOfPage":{"@id":"http:\/\/www.lange.fr\/product\/gel-yeux-absolu-hydra-filling\/#primaryimage"},"image":{"@id":"http:\/\/www.lange.fr\/product\/gel-yeux-absolu-hydra-filling\/#primaryimage"},"thumbnailUrl":"http:\/\/www.lange.fr\/wp-content\/uploads\/2022\/07\/Hydra-Filling-Magic-Eye-Cream-Ref.-211121-small.jpg","datePublished":"2022-07-04T12:46:40+00:00","dateModified":"2024-10-24T09:56:55+00:00","breadcrumb":{"@id":"http:\/\/www.lange.fr\/product\/gel-yeux-absolu-hydra-filling\/#breadcrumb"},"inLanguage":"en-US","potentialAction":[{"@type":"ReadAction","target":["http:\/\/www.lange.fr\/product\/gel-yeux-absolu-hydra-filling\/"]}]},{"@type":"ImageObject","inLanguage":"en-US","@id":"http:\/\/www.lange.fr\/product\/gel-yeux-absolu-hydra-filling\/#primaryimage","url":"http:\/\/www.lange.fr\/wp-content\/uploads\/2022\/07\/Hydra-Filling-Magic-Eye-Cream-Ref.-211121-small.jpg","contentUrl":"http:\/\/www.lange.fr\/wp-content\/uploads\/2022\/07\/Hydra-Filling-Magic-Eye-Cream-Ref.-211121-small.jpg","width":394,"height":494},{"@type":"BreadcrumbList","@id":"http:\/\/www.lange.fr\/product\/gel-yeux-absolu-hydra-filling\/#breadcrumb","itemListElement":[{"@type":"ListItem","position":1,"name":"Home","item":"https:\/\/www.lange.fr\/en\/"},{"@type":"ListItem","position":2,"name":"Boutique","item":"https:\/\/www.lange.fr\/en\/boutique\/"},{"@type":"ListItem","position":3,"name":"Cr\u00e8me Yeux Absolue Hydra-Filling"}]},{"@type":"WebSite","@id":"https:\/\/www.lange.fr\/en\/#website","url":"https:\/\/www.lange.fr\/en\/","name":"Lang\u00e9 - Paris","description":"L\u2019ACCENT SUR VOTRE BEAUT\u00c9","publisher":{"@id":"https:\/\/www.lange.fr\/en\/#organization"},"potentialAction":[{"@type":"SearchAction","target":{"@type":"EntryPoint","urlTemplate":"https:\/\/www.lange.fr\/en\/?s={search_term_string}"},"query-input":{"@type":"PropertyValueSpecification","valueRequired":true,"valueName":"search_term_string"}}],"inLanguage":"en-US"},{"@type":"Organization","@id":"https:\/\/www.lange.fr\/en\/#organization","name":"Lang\u00e9 - Paris","url":"https:\/\/www.lange.fr\/en\/","logo":{"@type":"ImageObject","inLanguage":"en-US","@id":"https:\/\/www.lange.fr\/en\/#\/schema\/logo\/image\/","url":"http:\/\/www.lange.fr\/wp-content\/uploads\/2024\/02\/99f7e8d7c7c63f8baea2a9b58e651730.png","contentUrl":"http:\/\/www.lange.fr\/wp-content\/uploads\/2024\/02\/99f7e8d7c7c63f8baea2a9b58e651730.png","width":300,"height":91,"caption":"Lang\u00e9 - Paris"},"image":{"@id":"https:\/\/www.lange.fr\/en\/#\/schema\/logo\/image\/"}}]}},"_links":{"self":[{"href":"http:\/\/www.lange.fr\/en\/wp-json\/wp\/v2\/product\/10568","targetHints":{"allow":["GET"]}}],"collection":[{"href":"http:\/\/www.lange.fr\/en\/wp-json\/wp\/v2\/product"}],"about":[{"href":"http:\/\/www.lange.fr\/en\/wp-json\/wp\/v2\/types\/product"}],"replies":[{"embeddable":true,"href":"http:\/\/www.lange.fr\/en\/wp-json\/wp\/v2\/comments?post=10568"}],"version-history":[{"count":0,"href":"http:\/\/www.lange.fr\/en\/wp-json\/wp\/v2\/product\/10568\/revisions"}],"wp:featuredmedia":[{"embeddable":true,"href":"http:\/\/www.lange.fr\/en\/wp-json\/wp\/v2\/media\/13484"}],"wp:attachment":[{"href":"http:\/\/www.lange.fr\/en\/wp-json\/wp\/v2\/media?parent=10568"}],"wp:term":[{"taxonomy":"product_brand","embeddable":true,"href":"http:\/\/www.lange.fr\/en\/wp-json\/wp\/v2\/product_brand?post=10568"},{"taxonomy":"product_cat","embeddable":true,"href":"http:\/\/www.lange.fr\/en\/wp-json\/wp\/v2\/product_cat?post=10568"},{"taxonomy":"product_tag","embeddable":true,"href":"http:\/\/www.lange.fr\/en\/wp-json\/wp\/v2\/product_tag?post=10568"}],"curies":[{"name":"wp","href":"https:\/\/api.w.org\/{rel}","templated":true}]}}