{"id":3155,"date":"2020-08-28T09:31:02","date_gmt":"2020-08-28T09:31:02","guid":{"rendered":"https:\/\/www.lange.fr\/?page_id=3155"},"modified":"2024-03-02T09:42:27","modified_gmt":"2024-03-02T09:42:27","slug":"cgv","status":"publish","type":"page","link":"http:\/\/www.lange.fr\/en\/cgv\/","title":{"rendered":"Terms of sales"},"content":{"rendered":"<div data-elementor-type=\"wp-page\" data-elementor-id=\"3155\" class=\"elementor elementor-3155\" data-elementor-post-type=\"page\">\n\t\t\t\t<div class=\"elementor-element elementor-element-7ff6cc3 e-flex e-con-boxed e-con e-parent\" data-id=\"7ff6cc3\" data-element_type=\"container\" data-e-type=\"container\">\n\t\t\t\t\t<div class=\"e-con-inner\">\n\t\t\t\t<div class=\"elementor-element elementor-element-bf7be44 elementor-widget elementor-widget-heading\" data-id=\"bf7be44\" data-element_type=\"widget\" data-e-type=\"widget\" data-widget_type=\"heading.default\">\n\t\t\t\t<div class=\"elementor-widget-container\">\n\t\t\t\t\t<h1 class=\"elementor-heading-title elementor-size-default\">Terms of sales<\/h1>\t\t\t\t<\/div>\n\t\t\t\t<\/div>\n\t\t\t\t<div class=\"elementor-element elementor-element-5fe9bf25 elementor-widget elementor-widget-text-editor\" data-id=\"5fe9bf25\" data-element_type=\"widget\" data-e-type=\"widget\" data-widget_type=\"text-editor.default\">\n\t\t\t\t<div class=\"elementor-widget-container\">\n\t\t\t\t\t\t\t\t\t<h2>1 - Purpose and acceptance of terms and conditions<\/h2><p>Le site LANG\u00c9 Paris (ci-apr\u00e8s d\u00e9nomm\u00e9 le \u00ab Site \u00bb) est un site de commerce \u00e9lectronique accessible par le r\u00e9seau Internet \u00e0 l&rsquo;adresse www.lange.fr. Il est ouvert \u00e0 tout utilisateur de ce r\u00e9seau (ci-apr\u00e8s d\u00e9nomm\u00e9 \u00ab Utilisateur \u00bb. \u00a0Il est \u00e9dit\u00e9 par la soci\u00e9t\u00e9 LANGE SAS (ci-apr\u00e8s d\u00e9nomm\u00e9e \u00ab le vendeur \u00bb), Soci\u00e9t\u00e9 par actions simplifi\u00e9e au capital de 40.000\u00a0 euros, dont le si\u00e8ge social est situ\u00e9 au 25 Boulevard des Italiens 75002 Paris, inscrite au Registre du Commerce et des Soci\u00e9t\u00e9s de Paris sous le num\u00e9ro 479 372 518 (ci-apr\u00e8s d\u00e9nomm\u00e9e \u00ab le vendeur \u00bb).\u00a0<\/p><p>Publication Director: Thibault COLETTE<\/p><p>VAT number : FR 28479372518<\/p><p>It is hosted by OVH which is headquartered:\u00a0<\/p><p>2 rue Kellermann - 59100 Roubaix - France\u00a0<\/p><p>Le Site permet \u00e0 LANG\u00c9 de proposer \u00e0 la vente, des produits cosm\u00e9tiques \u00e0 des Internautes naviguant sur le Site (ci-apr\u00e8s d\u00e9nomm\u00e9s \u00ab Utilisateurs \u00bb). Pour l&rsquo;application des pr\u00e9sentes, il est convenu que l&rsquo;utilisateur et LANG\u00c9 seront collectivement d\u00e9nomm\u00e9s les \u00ab Parties \u00bb et individuellement d\u00e9nomm\u00e9s \u00ab Partie \u00bb, et que l&rsquo;Utilisateur ayant valid\u00e9 une commande sera alors d\u00e9nomm\u00e9 \u00ab Acheteur \u00bb. Les droits et obligations de l&rsquo;Utilisateur s&rsquo;appliquent n\u00e9cessairement \u00e0 l&rsquo;Acheteur.\u00a0<\/p><p>Toute commande de Produit propos\u00e9 sur le Site suppose la consultation et l&rsquo;acceptation expresse des pr\u00e9sentes conditions g\u00e9n\u00e9rales de vente, sans toutefois que cette acceptation soit conditionn\u00e9e par une signature manuscrite de la part de l&rsquo;Utilisateur.\u00a0<\/p><p>Il est pr\u00e9cis\u00e9 que l&rsquo;Utilisateur peut sauvegarder ou imprimer les pr\u00e9sentes conditions g\u00e9n\u00e9rales de vente, \u00e0 condition toutefois de ne pas les modifier.\u00a0<\/p><p>These general conditions are valid from March 1st, 2024.<\/p><p>Lange reserves the right to modify these General and Specific Terms and Conditions at any time without notice, provided that such changes will not apply to bookings and orders previously accepted and confirmed by the Buyer.\u00a0<\/p><p>Les pr\u00e9sentes conditions s&rsquo;appliquent \u00e0 l&rsquo;exclusion de tout autre document.<\/p><h2>2 - Products marketed www.lange.fr<\/h2><p>All offers available on the Site are limited to mainland France and Corsica.\u00a0<\/p><p>L&rsquo;Acheteur peut, pr\u00e9alablement \u00e0 sa commande, prendre connaissance, sur le Site LANG\u00c9 paris, des caract\u00e9ristiques essentielles du ou des produits qu&rsquo;il d\u00e9sire commander.\u00a0<\/p><p>The bid including promotional offers are valid until they are announced on the website.<\/p><h2>3 - Prices of products sold on the site<\/h2><p>Les prix figurant sur ce Site sont indiqu\u00e9s en Euros toutes taxes comprises et sont susceptibles de variation en cours d&rsquo;ann\u00e9e, \u00e9tant entendu que les produits command\u00e9s sont factur\u00e9s aux prix en vigueur lors de l&rsquo;enregistrement de la commande.<\/p><p>Ils ne comprennent pas les frais d&rsquo;exp\u00e9dition, factur\u00e9s en suppl\u00e9ment du prix des produits achet\u00e9s suivant le montant de la commande. Les frais d&rsquo;exp\u00e9dition seront indiqu\u00e9s avant l&rsquo;enregistrement de la commande par l&rsquo;Acheteur.<\/p><p>Prices include value added tax (VAT) applicable on the date of the order and any change in the applicable rate will be reflected on the price of products sold by Lange in the Site.\u00a0\u00a0\u00a0<\/p><h2>4 - Controls\u00a0<\/h2><p>Toute commande suppose l&rsquo;adh\u00e9sion sans restriction ni r\u00e9serve aux pr\u00e9sentes conditions g\u00e9n\u00e9rales de vente.\u00a0<\/p><p>L\u2019Acheteur accepte que les syst\u00e8mes d&rsquo;enregistrement de la commande de LANG\u00c9 valent preuve de la nature de la convention et de sa date.\u00a0<\/p><p>The amount of each order is limited to the amount of EUR 5,000 per order. In addition, the same reference product can not be ordered for an amount greater than 48 pieces per order.\u00a0<\/p><p>Lorsque la commande est confirm\u00e9e en cliquant sur le bouton \u00ab\u00a0Terminer la commande\u00a0\u00bb, l\u2019Acheteur d\u00e9clare accepter celle-ci ainsi que les pr\u00e9sentes conditions g\u00e9n\u00e9rales de vente. Le bon de commande peut \u00eatre imprim\u00e9.<\/p><p>Upon registration of the order, a detailed receipt thereof will be sent to the Buyer at the email address that will be shown.<\/p><p>This acknowledgment will specify the exact amount charged and the terms of delivery of the order.\u00a0<\/p><p>This acknowledgment is accepting the order and validate the transaction subject to the payment of the order.<\/p><p>In case of unavailability of one or more products after placing the order, you will be notified by e -mail . The amount of your order will be recalculated and you will be charged the new rate, minus the missing products . If your order is completely unavailable you will be notified by email and you will not be charged.\u00a0<\/p><p>You can also cancel an order placed on the website by contacting customer service at info@lange.fr. If customer service informs you that the order has been processed, you cannot cancel it then you should refuse the package upon receipt of your order.\u00a0<\/p><p>LANG\u00c9 se r\u00e9serve cependant le droit de suspendre ou d&rsquo;annuler toute commande d&rsquo;un Acheteur avec lequel il existerait un litige relatif au paiement d&rsquo;une commande ant\u00e9rieure, ou pour tout autre motif l\u00e9gitime tenant notamment au caract\u00e8re anormal de la commande.\u00a0<\/p><h2>5 - Payments\u00a0<\/h2><p>All orders are payable in Euros.\u00a0<\/p><p>Pour r\u00e9gler sa commande, l&rsquo;Acheteur dispose du mode de paiement suivant : carte bancaire.<\/p><p>Credit cards accepted on site are: Visa, Master Card and American Express.<\/p><p>Payments via PayPal are also accepted.<\/p><p>L&rsquo;Acheteur garantit \u00e0 LANG\u00c9 qu&rsquo;il dispose des autorisations \u00e9ventuellement n\u00e9cessaires pour utiliser le mode de paiement qu&rsquo;il aura choisi, lors de l&rsquo;enregistrement du bon de commande.\u00a0<\/p><p>LANG\u00c9 se r\u00e9serve le droit de suspendre ou d&rsquo;annuler toute commande et\/ou livraison, quelle que soit sa nature et niveau d&rsquo;ex\u00e9cution, en cas de non-paiement de toute somme qui serait due par l&rsquo;Acheteur ou en cas d&rsquo;incident de paiement.\u00a0<\/p><p>Des p\u00e9nalit\u00e9s d&rsquo;un montant \u00e9gal au taux d&rsquo;int\u00e9r\u00eat l\u00e9gal major\u00e9 de cinq points sont applicables de plein droit aux montants impay\u00e9s \u00e0 l&rsquo;issue d&rsquo;un d\u00e9lai de dix jours suivant la date de facturation.\u00a0<\/p><p>In the context of the fight against Internet fraud, information about your order may be sent to any competent authority for verification.\u00a0<\/p><p>Afin d&rsquo;assurer la s\u00e9curit\u00e9 du paiement par carte bancaire, l\u2019Acheteur devra transmettre \u00e0 Paypal le cryptogramme visuel (CVV) de sa carte bancaire.\u00a0<\/p><p>PayPal supports payments, refunds and releases flows.<\/p><p>Payment security on the site is provided by Paypal.<\/p><h2>6 - Delivery of orders<\/h2><p>Les produits seront livr\u00e9s \u00e0 l&rsquo;adresse indiqu\u00e9e par l&rsquo;Acheteur sur le bon de commande par COLISSIMO ou UPS, selon le mode de livraison choisi.<\/p><p>Delivery will be made in an average of 2 to 5 days from receipt of order, depending on the shipping method selected and a maximum within 30 days of receipt of order .<\/p><h2>7 - Legal warranty<\/h2><p>The buyer benefits from the provisions of the legal guarantee of conformity and the legal guarantee against hidden defects.<\/p><p>In case of lack of conformity of the product, in particular due to a defect or error in the references supplied , the Purchaser may elect to return the product to Lange and obtain a refund.<\/p><p>Return costs will be reimbursed by Lange at the request of the Buyer.<\/p><p>For any claim , the Purchaser may contact Lange at the following address ecommerce@lange.fr<\/p><h2>8 - Right of withdrawal<\/h2><p>L&rsquo;Acheteur dispose d&rsquo;un d\u00e9lai de 7 jours francs \u00e0 compter de la date de r\u00e9ception, pour retourner \u00e0 ses frais, les produits command\u00e9s, pour remboursement.\u00a0<\/p><p>Reimbursement will be made by any means of payment chosen by the Buyer expressed after exercising his right of withdrawal, no later than 30 days after the date on which the right is exercised.<\/p><h2>9 - Instructions for returning products<\/h2><p>Whatever the reason for returning the products to Lange, it is advisable to Buyer follow these instructions in order to facilitate the processing of said return:<\/p><ol><li>Utiliser l&#8217;emballage d&rsquo;origine pour retourner le produit.\u00a0<\/li><\/ol><p>2 Complete and attach the Returns to detach from the Delivery.\u00a0<\/p><ol start=\"3\"><li>Envoyer le colis \u00e0 l&rsquo;adresse suivante :\u00a0<\/li><\/ol><p>LANG\u00c9 Retours<\/p><p>2, Boulevard de la Salle<\/p><p>45800 Saint Jean de Braye &#8211; France<\/p><h2>10 - Retention of title\u00a0<\/h2><p>LANG\u00c9 conserve la propri\u00e9t\u00e9 pleine et enti\u00e8re des produits vendus jusqu&rsquo;au parfait encaissement du prix, en principal, frais et taxes compris.\u00a0<\/p><h2>11 - Responsibility\u00a0<\/h2><p>LANG\u00c9 ne pourra \u00eatre tenue pour responsable de l&rsquo;inex\u00e9cution du contrat en cas de rupture de stock, hors cas de promotion par le prix non destin\u00e9 \u00e0 \u00e9couler les stocks, ou en cas d\u2019indisponibilit\u00e9 du produit du fait d&rsquo;un cas de force majeure.\u00a0<\/p><p>Lange disclaims all responsibility:\u00a0<\/p><p>- For any site interruption;\u00a0<\/p><p>- For any bugs;\u00a0<\/p><p>&#8211; pour tout dommage r\u00e9sultant d&rsquo;une intrusion frauduleuse d&rsquo;un tiers ayant entra\u00een\u00e9 une modification des informations mises \u00e0 la disposition sur le site<\/p><p>&#8211; et plus g\u00e9n\u00e9ralement de tout dommage direct ou indirect, quelles qu&rsquo;en soient les causes, origines, natures ou cons\u00e9quences en ce compris notamment les pertes de profits, de client\u00e8le, de donn\u00e9es ou toute autre perte de biens incorporels pouvant survenir \u00e0 raison de l&rsquo;acc\u00e8s de quiconque au Site ou de l&rsquo;impossibilit\u00e9 d&rsquo;y acc\u00e9der ou du cr\u00e9dit accord\u00e9 \u00e0 une quelconque information provenant directement ou indirectement de ce dernier.<\/p><h2>12 - Intellectual Property\u00a0<\/h2><p>In accordance with laws governing literary and artistic property rights or other similar rights, this site and all the elements, trademarks, designs, models, photographs, text, graphics, logos, animated or not , with or without sound, graphics etc.. located on this site and their compilation are the exclusive property of Lange, it does not grant any license or right other than to consult the site. Reproduction or use of all or part of these elements is only authorized for the purposes of information for personal and private use , any reproduction and any use of copies made for other purposes is expressly prohibited. Neither the Site (or any part), nor its content, nor the marks may not be used, reproduced, duplicated, copied, sold, resold, accessed, modified, or otherwise exploited, in whole or in part for any purpose whatsoever without the prior written permission of LANGE.<\/p><p>Any other use constitutes infringement.<\/p><h2>13 - Applicable Law \u00a0<\/h2><p>Sales Lange products are subject to French law.\u00a0<\/p><h2>14 - Computer and Freedom\u00a0\u00a0<\/h2><p>The information collected is subject to a data processing for sending a newsletter and \/ or management control of the Buyer.<\/p><p>The recipients of the data are Lange and its contractors.<\/p><p>L&rsquo;Acheteur dispose d&rsquo;un droit d&rsquo;acc\u00e8s, de rectification, d&rsquo;opposition et de suppression aux donn\u00e9es le concernant aupr\u00e8s de LANG\u00c9 en s\u2019adressant par email \u00e0 \u00a0info@lange.fr<\/p><p>The site has been declared to CNIL under the number 62 33 20<\/p>\t\t\t\t\t\t\t\t<\/div>\n\t\t\t\t<\/div>\n\t\t\t\t\t<\/div>\n\t\t\t\t<\/div>\n\t\t\t\t<\/div>","protected":false},"excerpt":{"rendered":"<p>1- Objet et acceptation des conditions g\u00e9n\u00e9rales Le site LANG\u00c9 Paris (ci-apr\u00e8s d\u00e9nomm\u00e9 le \u00ab Site \u00bb) est un site de commerce \u00e9lectronique accessible par le r\u00e9seau Internet \u00e0 l&rsquo;adresse www.lange.fr. Il est ouvert \u00e0 tout utilisateur de ce r\u00e9seau (ci-apr\u00e8s d\u00e9nomm\u00e9 \u00ab Utilisateur \u00bb. \u00a0Il est \u00e9dit\u00e9 par la soci\u00e9t\u00e9 LANGE SAS (ci-apr\u00e8s d\u00e9nomm\u00e9e [&hellip;]<\/p>\n","protected":false},"author":13,"featured_media":0,"parent":0,"menu_order":0,"comment_status":"closed","ping_status":"closed","template":"","meta":{"_acf_changed":false,"footnotes":""},"class_list":["post-3155","page","type-page","status-publish","hentry"],"acf":[],"yoast_head":"<!-- This site is optimized with the Yoast SEO plugin v27.6 - https:\/\/yoast.com\/product\/yoast-seo-wordpress\/ -->\n<title>Conditions g\u00e9n\u00e9rales de ventes - Lang\u00e9 - Paris<\/title>\n<meta name=\"robots\" content=\"index, follow, max-snippet:-1, max-image-preview:large, max-video-preview:-1\" \/>\n<link rel=\"canonical\" href=\"https:\/\/www.lange.fr\/en\/cgv\/\" \/>\n<meta property=\"og:locale\" content=\"en_US\" \/>\n<meta property=\"og:type\" content=\"article\" \/>\n<meta property=\"og:title\" content=\"Conditions g\u00e9n\u00e9rales de ventes - Lang\u00e9 - Paris\" \/>\n<meta property=\"og:description\" content=\"1- Objet et acceptation des conditions g\u00e9n\u00e9rales Le site LANG\u00c9 Paris (ci-apr\u00e8s d\u00e9nomm\u00e9 le \u00ab Site \u00bb) est un site de commerce \u00e9lectronique accessible par le r\u00e9seau Internet \u00e0 l&rsquo;adresse www.lange.fr. Il est ouvert \u00e0 tout utilisateur de ce r\u00e9seau (ci-apr\u00e8s d\u00e9nomm\u00e9 \u00ab Utilisateur \u00bb. \u00a0Il est \u00e9dit\u00e9 par la soci\u00e9t\u00e9 LANGE SAS (ci-apr\u00e8s d\u00e9nomm\u00e9e [&hellip;]\" \/>\n<meta property=\"og:url\" content=\"https:\/\/www.lange.fr\/en\/cgv\/\" \/>\n<meta property=\"og:site_name\" content=\"Lang\u00e9 - Paris\" \/>\n<meta property=\"article:modified_time\" content=\"2024-03-02T09:42:27+00:00\" \/>\n<meta name=\"twitter:card\" content=\"summary_large_image\" \/>\n<meta name=\"twitter:label1\" content=\"Est. reading time\" \/>\n\t<meta name=\"twitter:data1\" content=\"9 minutes\" \/>\n<script type=\"application\/ld+json\" class=\"yoast-schema-graph\">{\"@context\":\"https:\\\/\\\/schema.org\",\"@graph\":[{\"@type\":\"WebPage\",\"@id\":\"https:\\\/\\\/www.lange.fr\\\/cgv\\\/\",\"url\":\"https:\\\/\\\/www.lange.fr\\\/cgv\\\/\",\"name\":\"Conditions g\u00e9n\u00e9rales de ventes - Lang\u00e9 - Paris\",\"isPartOf\":{\"@id\":\"https:\\\/\\\/www.lange.fr\\\/#website\"},\"datePublished\":\"2020-08-28T09:31:02+00:00\",\"dateModified\":\"2024-03-02T09:42:27+00:00\",\"breadcrumb\":{\"@id\":\"https:\\\/\\\/www.lange.fr\\\/cgv\\\/#breadcrumb\"},\"inLanguage\":\"en-US\",\"potentialAction\":[{\"@type\":\"ReadAction\",\"target\":[\"https:\\\/\\\/www.lange.fr\\\/cgv\\\/\"]}]},{\"@type\":\"BreadcrumbList\",\"@id\":\"https:\\\/\\\/www.lange.fr\\\/cgv\\\/#breadcrumb\",\"itemListElement\":[{\"@type\":\"ListItem\",\"position\":1,\"name\":\"Home\",\"item\":\"https:\\\/\\\/www.lange.fr\\\/en\\\/\"},{\"@type\":\"ListItem\",\"position\":2,\"name\":\"Conditions g\u00e9n\u00e9rales de ventes\"}]},{\"@type\":\"WebSite\",\"@id\":\"https:\\\/\\\/www.lange.fr\\\/#website\",\"url\":\"https:\\\/\\\/www.lange.fr\\\/\",\"name\":\"Lang\u00e9 - Paris\",\"description\":\"L\u2019ACCENT SUR VOTRE BEAUT\u00c9\",\"publisher\":{\"@id\":\"https:\\\/\\\/www.lange.fr\\\/#organization\"},\"potentialAction\":[{\"@type\":\"SearchAction\",\"target\":{\"@type\":\"EntryPoint\",\"urlTemplate\":\"https:\\\/\\\/www.lange.fr\\\/?s={search_term_string}\"},\"query-input\":{\"@type\":\"PropertyValueSpecification\",\"valueRequired\":true,\"valueName\":\"search_term_string\"}}],\"inLanguage\":\"en-US\"},{\"@type\":\"Organization\",\"@id\":\"https:\\\/\\\/www.lange.fr\\\/#organization\",\"name\":\"Lang\u00e9 - Paris\",\"url\":\"https:\\\/\\\/www.lange.fr\\\/\",\"logo\":{\"@type\":\"ImageObject\",\"inLanguage\":\"en-US\",\"@id\":\"https:\\\/\\\/www.lange.fr\\\/#\\\/schema\\\/logo\\\/image\\\/\",\"url\":\"http:\\\/\\\/www.lange.fr\\\/wp-content\\\/uploads\\\/2024\\\/02\\\/99f7e8d7c7c63f8baea2a9b58e651730.png\",\"contentUrl\":\"http:\\\/\\\/www.lange.fr\\\/wp-content\\\/uploads\\\/2024\\\/02\\\/99f7e8d7c7c63f8baea2a9b58e651730.png\",\"width\":300,\"height\":91,\"caption\":\"Lang\u00e9 - Paris\"},\"image\":{\"@id\":\"https:\\\/\\\/www.lange.fr\\\/#\\\/schema\\\/logo\\\/image\\\/\"}}]}<\/script>\n<!-- \/ Yoast SEO plugin. -->","yoast_head_json":{"title":"Conditions g\u00e9n\u00e9rales de ventes - Lang\u00e9 - Paris","robots":{"index":"index","follow":"follow","max-snippet":"max-snippet:-1","max-image-preview":"max-image-preview:large","max-video-preview":"max-video-preview:-1"},"canonical":"https:\/\/www.lange.fr\/en\/cgv\/","og_locale":"en_US","og_type":"article","og_title":"Conditions g\u00e9n\u00e9rales de ventes - Lang\u00e9 - Paris","og_description":"1- Objet et acceptation des conditions g\u00e9n\u00e9rales Le site LANG\u00c9 Paris (ci-apr\u00e8s d\u00e9nomm\u00e9 le \u00ab Site \u00bb) est un site de commerce \u00e9lectronique accessible par le r\u00e9seau Internet \u00e0 l&rsquo;adresse www.lange.fr. Il est ouvert \u00e0 tout utilisateur de ce r\u00e9seau (ci-apr\u00e8s d\u00e9nomm\u00e9 \u00ab Utilisateur \u00bb. \u00a0Il est \u00e9dit\u00e9 par la soci\u00e9t\u00e9 LANGE SAS (ci-apr\u00e8s d\u00e9nomm\u00e9e [&hellip;]","og_url":"https:\/\/www.lange.fr\/en\/cgv\/","og_site_name":"Lang\u00e9 - Paris","article_modified_time":"2024-03-02T09:42:27+00:00","twitter_card":"summary_large_image","twitter_misc":{"Est. reading time":"9 minutes"},"schema":{"@context":"https:\/\/schema.org","@graph":[{"@type":"WebPage","@id":"https:\/\/www.lange.fr\/cgv\/","url":"https:\/\/www.lange.fr\/cgv\/","name":"Conditions g\u00e9n\u00e9rales de ventes - Lang\u00e9 - Paris","isPartOf":{"@id":"https:\/\/www.lange.fr\/#website"},"datePublished":"2020-08-28T09:31:02+00:00","dateModified":"2024-03-02T09:42:27+00:00","breadcrumb":{"@id":"https:\/\/www.lange.fr\/cgv\/#breadcrumb"},"inLanguage":"en-US","potentialAction":[{"@type":"ReadAction","target":["https:\/\/www.lange.fr\/cgv\/"]}]},{"@type":"BreadcrumbList","@id":"https:\/\/www.lange.fr\/cgv\/#breadcrumb","itemListElement":[{"@type":"ListItem","position":1,"name":"Home","item":"https:\/\/www.lange.fr\/en\/"},{"@type":"ListItem","position":2,"name":"Conditions g\u00e9n\u00e9rales de ventes"}]},{"@type":"WebSite","@id":"https:\/\/www.lange.fr\/#website","url":"https:\/\/www.lange.fr\/","name":"Lang\u00e9 - Paris","description":"L\u2019ACCENT SUR VOTRE BEAUT\u00c9","publisher":{"@id":"https:\/\/www.lange.fr\/#organization"},"potentialAction":[{"@type":"SearchAction","target":{"@type":"EntryPoint","urlTemplate":"https:\/\/www.lange.fr\/?s={search_term_string}"},"query-input":{"@type":"PropertyValueSpecification","valueRequired":true,"valueName":"search_term_string"}}],"inLanguage":"en-US"},{"@type":"Organization","@id":"https:\/\/www.lange.fr\/#organization","name":"Lang\u00e9 - Paris","url":"https:\/\/www.lange.fr\/","logo":{"@type":"ImageObject","inLanguage":"en-US","@id":"https:\/\/www.lange.fr\/#\/schema\/logo\/image\/","url":"http:\/\/www.lange.fr\/wp-content\/uploads\/2024\/02\/99f7e8d7c7c63f8baea2a9b58e651730.png","contentUrl":"http:\/\/www.lange.fr\/wp-content\/uploads\/2024\/02\/99f7e8d7c7c63f8baea2a9b58e651730.png","width":300,"height":91,"caption":"Lang\u00e9 - Paris"},"image":{"@id":"https:\/\/www.lange.fr\/#\/schema\/logo\/image\/"}}]}},"_links":{"self":[{"href":"http:\/\/www.lange.fr\/en\/wp-json\/wp\/v2\/pages\/3155","targetHints":{"allow":["GET"]}}],"collection":[{"href":"http:\/\/www.lange.fr\/en\/wp-json\/wp\/v2\/pages"}],"about":[{"href":"http:\/\/www.lange.fr\/en\/wp-json\/wp\/v2\/types\/page"}],"author":[{"embeddable":true,"href":"http:\/\/www.lange.fr\/en\/wp-json\/wp\/v2\/users\/13"}],"replies":[{"embeddable":true,"href":"http:\/\/www.lange.fr\/en\/wp-json\/wp\/v2\/comments?post=3155"}],"version-history":[{"count":0,"href":"http:\/\/www.lange.fr\/en\/wp-json\/wp\/v2\/pages\/3155\/revisions"}],"wp:attachment":[{"href":"http:\/\/www.lange.fr\/en\/wp-json\/wp\/v2\/media?parent=3155"}],"curies":[{"name":"wp","href":"https:\/\/api.w.org\/{rel}","templated":true}]}}